{"id":784887,"date":"2026-03-15T03:15:38","date_gmt":"2026-03-15T00:15:38","guid":{"rendered":"https:\/\/roveyayinevi.com.tr\/index.php\/urun\/kriz-sosyolojisi\/"},"modified":"2026-04-15T03:32:06","modified_gmt":"2026-04-15T00:32:06","slug":"kriz-sosyolojisi","status":"publish","type":"product","link":"https:\/\/roveyayinevi.com.tr\/index.php\/urun\/kriz-sosyolojisi\/","title":{"rendered":"Kriz Sosyolojisi"},"content":{"rendered":"<p>21. y\u00fczy\u0131l tehditler \u00e7a\u011f\u0131nda insanl\u0131\u011f\u0131 savunacak bir h\u00fcmanizma merkezi art\u0131k yok. Bat\u0131n\u0131n metafizi\u011fi ve estetik sistemleri neredeyse \u00e7al\u0131\u015fm\u0131yor, teknolojileri Uzakdo\u011fu\u2019ya g\u00f6\u00e7 etmekte. Onlarsa insanlar\u0131 ikna edecek metafizik ve estetik sistemlerden hen\u00fcz yoksun. \u015eimdilik yar\u0131-uygarl\u0131k. Zira sadece ekonomi, teknoloji ve g\u00fc\u00e7 sahibiler. Peki ya \u0130slam d\u00fcnyas\u0131? Potansiyel olarak evet. Teknolojilere uyarl\u0131 imkanlar\u0131, sahici metafizikleri ve iyi s\u0131nav vermi\u015f estetik sistemleri vard\u0131. Daha \u00f6nemlisi vicdan\u0131 kurumsalla\u015ft\u0131rabilmi\u015f \u00f6zg\u00fcn bir ge\u00e7mi\u015fi. Ancak birka\u00e7 as\u0131rd\u0131r birbirini incitmekten gayri pek bir pratik \u00fcretemediler. Peki \u015fimdi ne olacak? Bu art\u0131k \u00e7ok daha sahici bir sorudur?<\/p>\n","protected":false},"excerpt":{"rendered":"<p>21. y\u00fczy\u0131l tehditler \u00e7a\u011f\u0131nda insanl\u0131\u011f\u0131 savunacak bir h\u00fcmanizma merkezi art\u0131k yok. Bat\u0131n\u0131n metafizi\u011fi ve estetik sistemleri neredeyse \u00e7al\u0131\u015fm\u0131yor, teknolojileri Uzakdo\u011fu\u2019ya g\u00f6\u00e7 etmekte. Onlarsa insanlar\u0131 ikna edecek<span class=\"excerpt-hellip\"> [\u2026]<\/span><\/p>\n","protected":false},"featured_media":0,"template":"","meta":{"_monsterinsights_skip_tracking":false,"_monsterinsights_sitenote_active":false,"_monsterinsights_sitenote_note":"","_monsterinsights_sitenote_category":0},"product_brand":[],"product_cat":[12324],"product_tag":[],"class_list":{"0":"post-784887","1":"product","2":"type-product","3":"status-publish","5":"product_cat-sosyoloji","6":"pa_cilt-ciltsiz","7":"pa_tur-kitap","8":"pa_yayinevi-kadim-yayinlari","9":"pa_yazar-ali-ozturk","11":"first","12":"instock","13":"sale","14":"shipping-taxable","15":"purchasable","16":"product-type-simple"},"_links":{"self":[{"href":"https:\/\/roveyayinevi.com.tr\/index.php\/wp-json\/wp\/v2\/product\/784887","targetHints":{"allow":["GET"]}}],"collection":[{"href":"https:\/\/roveyayinevi.com.tr\/index.php\/wp-json\/wp\/v2\/product"}],"about":[{"href":"https:\/\/roveyayinevi.com.tr\/index.php\/wp-json\/wp\/v2\/types\/product"}],"wp:attachment":[{"href":"https:\/\/roveyayinevi.com.tr\/index.php\/wp-json\/wp\/v2\/media?parent=784887"}],"wp:term":[{"taxonomy":"product_brand","embeddable":true,"href":"https:\/\/roveyayinevi.com.tr\/index.php\/wp-json\/wp\/v2\/product_brand?post=784887"},{"taxonomy":"product_cat","embeddable":true,"href":"https:\/\/roveyayinevi.com.tr\/index.php\/wp-json\/wp\/v2\/product_cat?post=784887"},{"taxonomy":"product_tag","embeddable":true,"href":"https:\/\/roveyayinevi.com.tr\/index.php\/wp-json\/wp\/v2\/product_tag?post=784887"}],"curies":[{"name":"wp","href":"https:\/\/api.w.org\/{rel}","templated":true}]}}