{"id":784885,"date":"2026-03-15T03:10:49","date_gmt":"2026-03-15T00:10:49","guid":{"rendered":"https:\/\/roveyayinevi.com.tr\/index.php\/urun\/bir-donemin-sonu-28-subattan-15-temmuza\/"},"modified":"2026-04-16T03:13:33","modified_gmt":"2026-04-16T00:13:33","slug":"bir-donemin-sonu-28-subattan-15-temmuza","status":"publish","type":"product","link":"https:\/\/roveyayinevi.com.tr\/index.php\/urun\/bir-donemin-sonu-28-subattan-15-temmuza\/","title":{"rendered":"Bir D\u00f6nemin Sonu 28 \u015eubat&#8217;tan 15 Temmuz&#8217;a"},"content":{"rendered":"<p>\u00d6zelde u\u0308lkemizde, genelde du\u0308nyada art\u0131k darbeler \u00e7a\u011f\u0131n\u0131n kapand\u0131\u011f\u0131n\u0131n zann\u0131 yeni ve u\u0308zerinde titizlikle \u00e7al\u0131\u015f\u0131lm\u0131\u015f mu\u0308dahalelere kar\u015f\u0131 bizi zay\u0131f k\u0131lacak bir kli\u015fedir. Art\u0131k darbe ihaleleri, apoletleri y\u0131ld\u0131zlarla dolu generallere verilmemekte. Hapishaneler ve i\u015fkence kullan\u0131lmamaktad\u0131r. Bugu\u0308n art\u0131k elektronik ku\u0308ltu\u0308r ve sosyal medya \u00e7a\u011f\u0131nday\u0131z; art\u0131k kamuoyu ba\u015fka tu\u0308rlu\u0308 manipu\u0308le edilmekte, kitleler yeni y\u00f6ntemlerle terbiye edilmektedir. Bundan 19 y\u0131l \u00f6nce ger\u00e7ekle\u015fen 28 \u015eubat darbesiyle du\u0308\u015fu\u0308ru\u0308len d\u00f6nemin Ba\u015fbakan\u0131 Prof. Dr. Necmettin Erbakan\u2019\u0131n \u00f6zel bir sohbetimizde bana s\u00f6yledi\u011fi gibi yeryu\u0308zu\u0308 bugu\u0308n emperyalizmin bir hapishanesi haline gelmi\u015ftir ve her \u015ferefli insana du\u0308\u015fen bu hapishanede isyan \u00e7\u0131kartmakt\u0131r. Darbeleri yarg\u0131lamak insanl\u0131\u011f\u0131n adaletten yana olan kesimleri i\u00e7in bir vazifedir. Bu vazifeyi yerine getirmenin sa\u011flayaca\u011f\u0131 en bu\u0308yu\u0308k fayda ise s\u00f6mu\u0308ru\u0308nu\u0308n ve \u00e7at\u0131\u015fman\u0131n kana buland\u0131\u011f\u0131 du\u0308n yada adaleti in\u015fa etmenin \u00f6nu\u0308nu\u0308 a\u00e7acak imk\u00e2nlar\u0131 elde etmektir. Adalet ise hak edene hak etti\u011fini vermektir. Ge\u00e7ti\u011fimiz yu\u0308zy\u0131l adaletin de\u011fil zulmu\u0308n egemen oldu\u011fu bir d\u00f6nemdi. Bu d\u00f6nem ile yu\u0308zle\u015fmek i\u00e7in yap\u0131lan bu toplant\u0131 \u00f6nemlidir, de\u011ferlidir. \u00c7u\u0308nku\u0308 adaletsiz ferdin ve topluluklar\u0131n iradesinin hi\u00e7e say\u0131ld\u0131\u011f\u0131 bir du\u0308nyan\u0131n neye benzedi\u011fini ac\u0131lar \u00e7ekerek \u00f6\u011frendik; \u015fimdi s\u0131ra adalet temelinde yu\u0308kselen demokrasinin bir aldatma gerek\u00e7esi de\u011fil \u00f6zgu\u0308rle\u015fme iradesine arac\u0131l\u0131k eden bir y\u00f6ntem olarak alg\u0131land\u0131\u011f\u0131 bar\u0131\u015f\u00e7\u0131 bir du\u0308zeni hep beraber kurmakta.<\/p>\n","protected":false},"excerpt":{"rendered":"<p>\u00d6zelde u\u0308lkemizde, genelde du\u0308nyada art\u0131k darbeler \u00e7a\u011f\u0131n\u0131n kapand\u0131\u011f\u0131n\u0131n zann\u0131 yeni ve u\u0308zerinde titizlikle \u00e7al\u0131\u015f\u0131lm\u0131\u015f mu\u0308dahalelere kar\u015f\u0131 bizi zay\u0131f k\u0131lacak bir kli\u015fedir. Art\u0131k darbe ihaleleri, apoletleri y\u0131ld\u0131zlarla<span class=\"excerpt-hellip\"> [\u2026]<\/span><\/p>\n","protected":false},"featured_media":0,"template":"","meta":{"_monsterinsights_skip_tracking":false,"_monsterinsights_sitenote_active":false,"_monsterinsights_sitenote_note":"","_monsterinsights_sitenote_category":0},"product_brand":[],"product_cat":[12337,14706],"product_tag":[],"class_list":{"0":"post-784885","1":"product","2":"type-product","3":"status-publish","5":"product_cat-politika-siyaset","6":"product_cat-siyaset-bilimi","7":"pa_cilt-ciltsiz","8":"pa_tur-kitap","9":"pa_yayinevi-kadim-yayinlari","10":"pa_yazar-mustafa-sentop","12":"first","13":"instock","14":"sale","15":"shipping-taxable","16":"purchasable","17":"product-type-simple"},"_links":{"self":[{"href":"https:\/\/roveyayinevi.com.tr\/index.php\/wp-json\/wp\/v2\/product\/784885","targetHints":{"allow":["GET"]}}],"collection":[{"href":"https:\/\/roveyayinevi.com.tr\/index.php\/wp-json\/wp\/v2\/product"}],"about":[{"href":"https:\/\/roveyayinevi.com.tr\/index.php\/wp-json\/wp\/v2\/types\/product"}],"wp:attachment":[{"href":"https:\/\/roveyayinevi.com.tr\/index.php\/wp-json\/wp\/v2\/media?parent=784885"}],"wp:term":[{"taxonomy":"product_brand","embeddable":true,"href":"https:\/\/roveyayinevi.com.tr\/index.php\/wp-json\/wp\/v2\/product_brand?post=784885"},{"taxonomy":"product_cat","embeddable":true,"href":"https:\/\/roveyayinevi.com.tr\/index.php\/wp-json\/wp\/v2\/product_cat?post=784885"},{"taxonomy":"product_tag","embeddable":true,"href":"https:\/\/roveyayinevi.com.tr\/index.php\/wp-json\/wp\/v2\/product_tag?post=784885"}],"curies":[{"name":"wp","href":"https:\/\/api.w.org\/{rel}","templated":true}]}}