{"id":784884,"date":"2026-03-15T03:10:17","date_gmt":"2026-03-15T00:10:17","guid":{"rendered":"https:\/\/roveyayinevi.com.tr\/index.php\/urun\/osmanli-hukuku\/"},"modified":"2026-04-16T03:13:31","modified_gmt":"2026-04-16T00:13:31","slug":"osmanli-hukuku","status":"publish","type":"product","link":"https:\/\/roveyayinevi.com.tr\/index.php\/urun\/osmanli-hukuku\/","title":{"rendered":"Osmanl\u0131 Hukuku"},"content":{"rendered":"<p>Tarihteki en b\u00fcy\u00fck devlet s\u0131n\u0131rlar\u0131ndan birine ula\u015fan ve alt\u0131 y\u00fcz y\u0131l boyunca h\u00fck\u00fcmranl\u0131\u011f\u0131n\u0131 devam ettiren Osmanl\u0131 \u0130mparatorlu\u011fu kendine \u00f6zg\u00fc bir hukuk sistemi meydana getirmi\u015ftir. Adaleti esas alan bu anlay\u0131\u015f,  kendi kurumsal yap\u0131lar\u0131n\u0131 ve hukuk d\u00fczenini olu\u015fturan Osmanl\u0131\u2019n\u0131n yeni fethedilen topraklarda kendini k\u0131sa s\u00fcrede kabul ettirmesinin ve kal\u0131c\u0131 bir g\u00f6r\u00fcn\u00fcm arz etmesinin en \u00f6nemli arac\u0131 olmu\u015ftur.  Di\u011fer taraftan, modernle\u015fme s\u00fcreciyle birlikte Osmanl\u0131 hukuk sisteminde de ciddi de\u011fi\u015fiklik meydana gelmi\u015ftir. Bu bak\u0131mdan, Osmanl\u0131\u2019n\u0131n son d\u00f6neminde ortaya \u00e7\u0131kan modernle\u015fme aray\u0131\u015flar\u0131, hukuk sahas\u0131nda da yeni bir yakla\u015f\u0131m\u0131n do\u011fmas\u0131n\u0131 beraberinde getirmi\u015ftir. Kitapta Tanzimat d\u00f6neminde ve sonras\u0131nda ya\u015fanan de\u011fi\u015fim s\u00fcrecinin hukuk sistemine ve devlet yap\u0131s\u0131na etkileri farkl\u0131 boyutlar\u0131yla ele al\u0131nmaktad\u0131r. Tart\u0131\u015fmalar\u0131n g\u00fcncelli\u011fi ise kitapta yer alan ve son d\u00f6neme ili\u015fkin baz\u0131 meseleleri farkl\u0131 bir bak\u0131\u015f a\u00e7\u0131s\u0131yla yorumlayan yaz\u0131lardan gayet iyi anla\u015f\u0131lmaktad\u0131r.  Elinizdeki kitap, Prof. Dr. \u015eentop\u2019un hukuk tarihimizin de\u011fi\u015fik d\u00f6nemlerine ili\u015fkin \u00e7al\u0131\u015fmalar\u0131ndan meydana gelmi\u015ftir.  Kitapta, belirli bir d\u00fczen ve sistematik i\u00e7inde geleneksel hukuk sistemimizin tarih\u00ee s\u00fcre\u00e7 i\u00e7inde ge\u00e7irdi\u011fi d\u00f6n\u00fc\u015f\u00fcm tafsilatl\u0131 \u015fekilde ortaya konulmaktad\u0131r. B\u00f6ylece hukuk sistemimizin ge\u00e7irdi\u011fi de\u011fi\u015fikliklerin istikametini bir s\u00fcreklilik i\u00e7inde takip etmek m\u00fcmk\u00fcn olmaktad\u0131r. \u00c7al\u0131\u015fma, ele ald\u0131\u011f\u0131 meselelerin i\u00e7inde do\u011fdu\u011fu d\u00f6nemlerin ruhunu anlamak i\u00e7in de olduk\u00e7a faydal\u0131d\u0131r. Dolay\u0131s\u0131yla bu kitab\u0131n hukuk tarihi alan\u0131nda \u00e7al\u0131\u015fmalar yapanlar kadar sosyal bilimlere ilgi duyan herkesin faydalanarak okuyaca\u011f\u0131 bir eser oldu\u011fu s\u00f6ylenebilir.  <\/p>\n","protected":false},"excerpt":{"rendered":"<p>Tarihteki en b\u00fcy\u00fck devlet s\u0131n\u0131rlar\u0131ndan birine ula\u015fan ve alt\u0131 y\u00fcz y\u0131l boyunca h\u00fck\u00fcmranl\u0131\u011f\u0131n\u0131 devam ettiren Osmanl\u0131 \u0130mparatorlu\u011fu kendine \u00f6zg\u00fc bir hukuk sistemi meydana getirmi\u015ftir. Adaleti esas<span class=\"excerpt-hellip\"> [\u2026]<\/span><\/p>\n","protected":false},"featured_media":0,"template":"","meta":{"_monsterinsights_skip_tracking":false,"_monsterinsights_sitenote_active":false,"_monsterinsights_sitenote_note":"","_monsterinsights_sitenote_category":0},"product_brand":[],"product_cat":[15350,17602],"product_tag":[],"class_list":{"0":"post-784884","1":"product","2":"type-product","3":"status-publish","5":"product_cat-hukuk","6":"product_cat-hukuk-uzerine","7":"pa_cilt-ciltsiz","8":"pa_tur-kitap","9":"pa_yayinevi-kadim-yayinlari","10":"pa_yazar-mustafa-sentop","12":"first","13":"instock","14":"sale","15":"shipping-taxable","16":"purchasable","17":"product-type-simple"},"_links":{"self":[{"href":"https:\/\/roveyayinevi.com.tr\/index.php\/wp-json\/wp\/v2\/product\/784884","targetHints":{"allow":["GET"]}}],"collection":[{"href":"https:\/\/roveyayinevi.com.tr\/index.php\/wp-json\/wp\/v2\/product"}],"about":[{"href":"https:\/\/roveyayinevi.com.tr\/index.php\/wp-json\/wp\/v2\/types\/product"}],"wp:attachment":[{"href":"https:\/\/roveyayinevi.com.tr\/index.php\/wp-json\/wp\/v2\/media?parent=784884"}],"wp:term":[{"taxonomy":"product_brand","embeddable":true,"href":"https:\/\/roveyayinevi.com.tr\/index.php\/wp-json\/wp\/v2\/product_brand?post=784884"},{"taxonomy":"product_cat","embeddable":true,"href":"https:\/\/roveyayinevi.com.tr\/index.php\/wp-json\/wp\/v2\/product_cat?post=784884"},{"taxonomy":"product_tag","embeddable":true,"href":"https:\/\/roveyayinevi.com.tr\/index.php\/wp-json\/wp\/v2\/product_tag?post=784884"}],"curies":[{"name":"wp","href":"https:\/\/api.w.org\/{rel}","templated":true}]}}