{"id":784878,"date":"2026-03-15T03:09:58","date_gmt":"2026-03-15T00:09:58","guid":{"rendered":"https:\/\/roveyayinevi.com.tr\/index.php\/urun\/iktidarin-mesruiyeti\/"},"modified":"2026-04-16T03:13:06","modified_gmt":"2026-04-16T00:13:06","slug":"iktidarin-mesruiyeti","status":"publish","type":"product","link":"https:\/\/roveyayinevi.com.tr\/index.php\/urun\/iktidarin-mesruiyeti\/","title":{"rendered":"\u0130ktidar\u0131n Me\u015fruiyeti"},"content":{"rendered":"<p>\u0130ktidar ve me\u015fruiyet kavramlar\u0131 ilk insandan beri var olagelmi\u015f kavramlard\u0131r. Tarih \u00f6ncesi ilkel insan topluluklarda ilkel bir bi\u00e7imde yer alan siyasal iktidar ve me\u015fruiyet sorunlar\u0131 gu\u0308nu\u0308mu\u0308zde olduk\u00e7a karma\u015f\u0131k bir haldedir. Siyasal iktidar ve me\u015fruiyet kavramlar\u0131n\u0131n klasik d\u00f6nemden modern d\u00f6neme kadar ge\u00e7irdi\u011fi de\u011fi\u015fimlerin temelinde bu kavramlar\u0131n Avrupa merkezli olarak ele al\u0131nmas\u0131 bulunur. Bu sebeple Avrupa\u2019n\u0131n temelinde olan Antik Yunan, Roma ve H\u0131ristiyanl\u0131k du\u0308\u015fu\u0308ncelerinin, bu kavramlara yapt\u0131klar\u0131 etkiler iyi bilinmelidir. B\u00f6ylece siyasal du\u0308\u015fu\u0308ncelerin temelinde bulunan siyasal iktidar ve me\u015fruiyet kavramlar\u0131n\u0131n modern d\u00f6nemdeki kar\u015f\u0131l\u0131klar\u0131 anla\u015f\u0131l\u0131r.   Bu kitap, siyasal iktidar ve me\u015fruiyet kavramlar\u0131n\u0131n Avrupa\u2019daki maceras\u0131n\u0131 ele alman\u0131n yan\u0131 s\u0131ra bu kavramlar\u0131n bat\u0131n\u0131n zihin du\u0308nyas\u0131nda neye tekabu\u0308l etti\u011fini ve modern d\u00f6nemde ge\u00e7irdi\u011fi de\u011fi\u015fimleri inceliyor. \u00d6zellikle Fransa ve \u0130ngiltere\u2019deki tarihsel gelenek u\u0308zerinden bir kar\u015f\u0131la\u015ft\u0131rma yap\u0131yor. Bat\u0131n\u0131n iki tarihsel gelene\u011fin pek \u00e7ok y\u00f6nu\u0308 siyasal iktidar ve me\u015fruiyet kavramlar\u0131yla incelenirken, me\u015fruiyet krizleri\/bunal\u0131mlar\u0131 ve bunlar\u0131n \u00e7\u00f6zu\u0308m \u00e7abalar\u0131 da haliyle farkl\u0131 oluyor. Bu \u00e7\u00f6zu\u0308m yollar\u0131n\u0131n neler oldu\u011fu kitapta derinlemesine anlat\u0131l\u0131yor.<\/p>\n","protected":false},"excerpt":{"rendered":"<p>\u0130ktidar ve me\u015fruiyet kavramlar\u0131 ilk insandan beri var olagelmi\u015f kavramlard\u0131r. Tarih \u00f6ncesi ilkel insan topluluklarda ilkel bir bi\u00e7imde yer alan siyasal iktidar ve me\u015fruiyet sorunlar\u0131 gu\u0308nu\u0308mu\u0308zde<span class=\"excerpt-hellip\"> [\u2026]<\/span><\/p>\n","protected":false},"featured_media":0,"template":"","meta":{"_monsterinsights_skip_tracking":false,"_monsterinsights_sitenote_active":false,"_monsterinsights_sitenote_note":"","_monsterinsights_sitenote_category":0},"product_brand":[],"product_cat":[12337,14706],"product_tag":[],"class_list":{"0":"post-784878","1":"product","2":"type-product","3":"status-publish","5":"product_cat-politika-siyaset","6":"product_cat-siyaset-bilimi","7":"pa_cilt-ciltsiz","8":"pa_tur-kitap","9":"pa_yayinevi-kadim-yayinlari","10":"pa_yazar-ayman-kara","12":"first","13":"instock","14":"sale","15":"shipping-taxable","16":"purchasable","17":"product-type-simple"},"_links":{"self":[{"href":"https:\/\/roveyayinevi.com.tr\/index.php\/wp-json\/wp\/v2\/product\/784878","targetHints":{"allow":["GET"]}}],"collection":[{"href":"https:\/\/roveyayinevi.com.tr\/index.php\/wp-json\/wp\/v2\/product"}],"about":[{"href":"https:\/\/roveyayinevi.com.tr\/index.php\/wp-json\/wp\/v2\/types\/product"}],"wp:attachment":[{"href":"https:\/\/roveyayinevi.com.tr\/index.php\/wp-json\/wp\/v2\/media?parent=784878"}],"wp:term":[{"taxonomy":"product_brand","embeddable":true,"href":"https:\/\/roveyayinevi.com.tr\/index.php\/wp-json\/wp\/v2\/product_brand?post=784878"},{"taxonomy":"product_cat","embeddable":true,"href":"https:\/\/roveyayinevi.com.tr\/index.php\/wp-json\/wp\/v2\/product_cat?post=784878"},{"taxonomy":"product_tag","embeddable":true,"href":"https:\/\/roveyayinevi.com.tr\/index.php\/wp-json\/wp\/v2\/product_tag?post=784878"}],"curies":[{"name":"wp","href":"https:\/\/api.w.org\/{rel}","templated":true}]}}