{"id":784877,"date":"2026-03-15T03:09:53","date_gmt":"2026-03-15T00:09:53","guid":{"rendered":"https:\/\/roveyayinevi.com.tr\/index.php\/urun\/kurmacanin-halleri-kalenin-bedenleri\/"},"modified":"2026-04-16T03:13:04","modified_gmt":"2026-04-16T00:13:04","slug":"kurmacanin-halleri-kalenin-bedenleri","status":"publish","type":"product","link":"https:\/\/roveyayinevi.com.tr\/index.php\/urun\/kurmacanin-halleri-kalenin-bedenleri\/","title":{"rendered":"Kurmacan\u0131n Halleri Kalenin Bedenleri"},"content":{"rendered":"<p>Az S\u00f6z\u2026 Az(l)\u0131\u011f\u0131m\u0131zdan Eksilmedik! Yeni dokumalar\u0131 da; Ertesi sabah S\u00f6ktu\u0308k, Az kals\u0131n, diye.<\/p>\n","protected":false},"excerpt":{"rendered":"<p>Az S\u00f6z\u2026 Az(l)\u0131\u011f\u0131m\u0131zdan Eksilmedik! Yeni dokumalar\u0131 da; Ertesi sabah S\u00f6ktu\u0308k, Az kals\u0131n, diye.<\/p>\n","protected":false},"featured_media":0,"template":"","meta":{"_monsterinsights_skip_tracking":false,"_monsterinsights_sitenote_active":false,"_monsterinsights_sitenote_note":"","_monsterinsights_sitenote_category":0},"product_brand":[],"product_cat":[13072,12291],"product_tag":[],"class_list":{"0":"post-784877","1":"product","2":"type-product","3":"status-publish","5":"product_cat-arastirma-inceleme-referans","6":"product_cat-edebiyat","7":"pa_cilt-ciltsiz","8":"pa_tur-kitap","9":"pa_yayinevi-kadim-yayinlari","10":"pa_yazar-yavuz-demir","12":"first","13":"instock","14":"sale","15":"shipping-taxable","16":"purchasable","17":"product-type-simple"},"_links":{"self":[{"href":"https:\/\/roveyayinevi.com.tr\/index.php\/wp-json\/wp\/v2\/product\/784877","targetHints":{"allow":["GET"]}}],"collection":[{"href":"https:\/\/roveyayinevi.com.tr\/index.php\/wp-json\/wp\/v2\/product"}],"about":[{"href":"https:\/\/roveyayinevi.com.tr\/index.php\/wp-json\/wp\/v2\/types\/product"}],"wp:attachment":[{"href":"https:\/\/roveyayinevi.com.tr\/index.php\/wp-json\/wp\/v2\/media?parent=784877"}],"wp:term":[{"taxonomy":"product_brand","embeddable":true,"href":"https:\/\/roveyayinevi.com.tr\/index.php\/wp-json\/wp\/v2\/product_brand?post=784877"},{"taxonomy":"product_cat","embeddable":true,"href":"https:\/\/roveyayinevi.com.tr\/index.php\/wp-json\/wp\/v2\/product_cat?post=784877"},{"taxonomy":"product_tag","embeddable":true,"href":"https:\/\/roveyayinevi.com.tr\/index.php\/wp-json\/wp\/v2\/product_tag?post=784877"}],"curies":[{"name":"wp","href":"https:\/\/api.w.org\/{rel}","templated":true}]}}