{"id":784876,"date":"2026-03-15T03:08:37","date_gmt":"2026-03-15T00:08:37","guid":{"rendered":"https:\/\/roveyayinevi.com.tr\/index.php\/urun\/turklerde-egitim-2\/"},"modified":"2026-04-05T03:14:16","modified_gmt":"2026-04-05T00:14:16","slug":"turklerde-egitim-2","status":"publish","type":"product","link":"https:\/\/roveyayinevi.com.tr\/index.php\/urun\/turklerde-egitim-2\/","title":{"rendered":"T\u00fcrklerde E\u011fitim"},"content":{"rendered":"<p>Tarih boyunca ya\u015fam\u0131\u015f b\u00fct\u00fcn medeniyetlerin kendilerinden sonrakilere b\u0131rakt\u0131klar\u0131 kal\u0131c\u0131 en de\u011ferli miras \u00fcrettikleri bilgidir. \u0130nsan topluluklar\u0131n\u0131n ya\u015fad\u0131klar\u0131 topraklar \u00fczerinde ana dili ile ara\u015ft\u0131r\u0131lm\u0131\u015f, s\u0131nanm\u0131\u015f, uygulanm\u0131\u015f ve deneyimlenmi\u015f bilgi ile var olduklar\u0131 a\u00e7\u0131kt\u0131r.   T\u00fcrk D\u00fcnyas\u0131n\u0131n tarih sahnesinde varl\u0131\u011f\u0131n\u0131, mutlu, m\u00fcreffeh ve g\u00fc\u00e7l\u00fc devletler olarak kal\u0131c\u0131 bir \u015fekilde devam ettirip ettirememesi bu topluluklar\u0131n, kendi dilleri ile e\u011fitim, bilimsel bilgi \u00fcretme, ara\u015ft\u0131rma k\u00fclt\u00fcr\u00fc, \u00f6\u011frenme al\u0131\u015fkanl\u0131\u011f\u0131 ve kurduklar\u0131 insan yeti\u015ftirme d\u00fczenleri ile yak\u0131ndan ili\u015fkilidir.   Bug\u00fcn her alanda \u00fcretilen bilginin, teknolojinin, ideolojilerin, ahlak\u0131n, inanc\u0131n kayna\u011f\u0131, insano\u011flunun ge\u00e7mi\u015fte biriktirerek, \u00e7o\u011faltarak nesilden nesile aktard\u0131klar\u0131d\u0131r. Tarihte etkili, g\u00fc\u00e7l\u00fc devletlerin devaml\u0131l\u0131\u011f\u0131, devletlerini y\u00f6netme y\u00f6ntemleri, sistem kurma becerileri, d\u00fc\u015f\u00fcnce \u00fcretme iklimleri, insan kayna\u011f\u0131 yeti\u015ftirme yeterlilikleri gibi birbirini etkileyen birden \u00e7ok fakt\u00f6re ba\u011fl\u0131d\u0131r.   Bu \u00e7al\u0131\u015fmada, bir yandan T\u00fcrk topluluklar\u0131n\u0131n insan kayna\u011f\u0131 yeti\u015ftirme \u00e7abalar\u0131n\u0131n tarihi ge\u00e7mi\u015fini, \u00f6\u011frenme \u00f6\u011fretme y\u00f6ntemlerini, ana dili ile sistem kurma \u00e7abalar\u0131 analiz edilirken, di\u011fer yandan Bat\u0131\/Rus medeniyetinin Bilimler Akademisi gibi kurumsal yap\u0131lar\u0131n\u0131, buna kar\u015f\u0131n Osmanl\u0131\u2019n\u0131n terc\u00fcme odalar\u0131 gibi bilgiyi edinme \u00e7abalar\u0131 irdelenerek ara\u015ft\u0131rma, bilgi \u00fcretme, \u00f6\u011frenme\/\u00f6\u011fretme, sistem kavramlar\u0131n\u0131n g\u00fcn\u00fcm\u00fcze yans\u0131mas\u0131 tart\u0131\u015f\u0131lm\u0131\u015ft\u0131r.   Geleneksel \u00f6\u011frenme\/\u00f6\u011fretme y\u00f6ntemlerinin insan kayna\u011f\u0131 yeti\u015ftirme d\u00fczenine, insan davran\u0131\u015flar\u0131na, tarih, matematik, fen e\u011fitimi gibi alanlar\u0131n geli\u015fmesine, bilimsel bilgi \u00fcretimine olumlu veya olumsuz etkileri, T\u00fcrk d\u00fcnyas\u0131n\u0131n yabanc\u0131 okullara, \u0130ngilizce\/Rus\u00e7a e\u011fitimine y\u00f6nelme nedenleri \u00fczerinde durulmu\u015ftur.   Bilim\/teknoloji \u00fcreten, problemlerini kavga etmeden \u00e7\u00f6zen, okuma al\u0131\u015fkanl\u0131\u011f\u0131 kazanm\u0131\u015f, mesleki beceri edinmi\u015f, ba\u011f\u0131ms\u0131z d\u00fc\u015f\u00fcnme yetenekleri geli\u015fmi\u015f bir nesil yeti\u015ftirme ile geleneksel \u00f6\u011fretim y\u00f6ntemleri k\u0131yaslanm\u0131\u015ft\u0131r.<\/p>\n","protected":false},"excerpt":{"rendered":"<p>Tarih boyunca ya\u015fam\u0131\u015f b\u00fct\u00fcn medeniyetlerin kendilerinden sonrakilere b\u0131rakt\u0131klar\u0131 kal\u0131c\u0131 en de\u011ferli miras \u00fcrettikleri bilgidir. \u0130nsan topluluklar\u0131n\u0131n ya\u015fad\u0131klar\u0131 topraklar \u00fczerinde ana dili ile ara\u015ft\u0131r\u0131lm\u0131\u015f, s\u0131nanm\u0131\u015f, uygulanm\u0131\u015f ve<span class=\"excerpt-hellip\"> [\u2026]<\/span><\/p>\n","protected":false},"featured_media":0,"template":"","meta":{"_monsterinsights_skip_tracking":false,"_monsterinsights_sitenote_active":false,"_monsterinsights_sitenote_note":"","_monsterinsights_sitenote_category":0},"product_brand":[],"product_cat":[12566],"product_tag":[],"class_list":{"0":"post-784876","1":"product","2":"type-product","3":"status-publish","5":"product_cat-egitim","6":"pa_cilt-ciltsiz","7":"pa_tur-kitap","8":"pa_yayinevi-kadim-yayinlari","9":"pa_yazar-nihat-buyukbas","11":"first","12":"instock","13":"sale","14":"shipping-taxable","15":"purchasable","16":"product-type-simple"},"_links":{"self":[{"href":"https:\/\/roveyayinevi.com.tr\/index.php\/wp-json\/wp\/v2\/product\/784876","targetHints":{"allow":["GET"]}}],"collection":[{"href":"https:\/\/roveyayinevi.com.tr\/index.php\/wp-json\/wp\/v2\/product"}],"about":[{"href":"https:\/\/roveyayinevi.com.tr\/index.php\/wp-json\/wp\/v2\/types\/product"}],"wp:attachment":[{"href":"https:\/\/roveyayinevi.com.tr\/index.php\/wp-json\/wp\/v2\/media?parent=784876"}],"wp:term":[{"taxonomy":"product_brand","embeddable":true,"href":"https:\/\/roveyayinevi.com.tr\/index.php\/wp-json\/wp\/v2\/product_brand?post=784876"},{"taxonomy":"product_cat","embeddable":true,"href":"https:\/\/roveyayinevi.com.tr\/index.php\/wp-json\/wp\/v2\/product_cat?post=784876"},{"taxonomy":"product_tag","embeddable":true,"href":"https:\/\/roveyayinevi.com.tr\/index.php\/wp-json\/wp\/v2\/product_tag?post=784876"}],"curies":[{"name":"wp","href":"https:\/\/api.w.org\/{rel}","templated":true}]}}