{"id":784875,"date":"2026-03-15T03:07:32","date_gmt":"2026-03-15T00:07:32","guid":{"rendered":"https:\/\/roveyayinevi.com.tr\/index.php\/urun\/tutun-ve-kola\/"},"modified":"2026-04-16T03:10:08","modified_gmt":"2026-04-16T00:10:08","slug":"tutun-ve-kola","status":"publish","type":"product","link":"https:\/\/roveyayinevi.com.tr\/index.php\/urun\/tutun-ve-kola\/","title":{"rendered":"T\u00fct\u00fcn ve Kola"},"content":{"rendered":"<p>Orhan Gencebay\u2019\u0131n, M\u00fcsl\u00fcm G\u00fcrses\u2019in sesi t\u00fct\u00fcn gibidir. Gencebay\u2019\u0131n, G\u00fcrses\u2019in i\u00e7e i\u015fleyen bu\u011fulu sesinde, t\u00fct\u00fcn sar\u0131s\u0131 h\u00fcz\u00fcnle, ate\u015f mavisi \u00f6fke, yan yanad\u0131r.   Sezen Aksu\u2019nun, Ajda Pekkan\u2019\u0131n sesi, kola gibidir. Aksu\u2019nun, Pekkan\u2019\u0131n sesinde, ne\u015fenin, oynakl\u0131\u011f\u0131n, g\u00fcne\u015fin k\u0131rm\u0131z\u0131l\u0131\u011f\u0131 ile \u00f6l\u00fcm\u00fcn, h\u00fczn\u00fcn, gecenin siyahl\u0131\u011f\u0131, i\u00e7 i\u00e7edir.   \u201cDo\u011fulanm\u0131\u015f Akdeniz h\u00fczn\u00fc\u201dn\u00fcn k\u0131r\u0131lganl\u0131\u011f\u0131nda, imk\u00e2ns\u0131z a\u015fklar ya\u015fayan bir toplumun yak\u0131n tarihinde, \u015fark\u0131lardan kurulu bir ge\u00e7mi\u015f vard\u0131r. \u015eark\u0131lar\u0131n izini s\u00fcrmeden bir toplumun ruh ve kalp iklimini belirlemek olduk\u00e7a zordur. <\/p>\n","protected":false},"excerpt":{"rendered":"<p>Orhan Gencebay\u2019\u0131n, M\u00fcsl\u00fcm G\u00fcrses\u2019in sesi t\u00fct\u00fcn gibidir. Gencebay\u2019\u0131n, G\u00fcrses\u2019in i\u00e7e i\u015fleyen bu\u011fulu sesinde, t\u00fct\u00fcn sar\u0131s\u0131 h\u00fcz\u00fcnle, ate\u015f mavisi \u00f6fke, yan yanad\u0131r. Sezen Aksu\u2019nun, Ajda Pekkan\u2019\u0131n sesi,<span class=\"excerpt-hellip\"> [\u2026]<\/span><\/p>\n","protected":false},"featured_media":0,"template":"","meta":{"_monsterinsights_skip_tracking":false,"_monsterinsights_sitenote_active":false,"_monsterinsights_sitenote_note":"","_monsterinsights_sitenote_category":0},"product_brand":[],"product_cat":[18545,12291],"product_tag":[],"class_list":{"0":"post-784875","1":"product","2":"type-product","3":"status-publish","5":"product_cat-anlati","6":"product_cat-edebiyat","7":"pa_cilt-ciltsiz","8":"pa_tur-kitap","9":"pa_yayinevi-kadim-yayinlari","10":"pa_yazar-siddik-akbayir","12":"first","13":"instock","14":"sale","15":"shipping-taxable","16":"purchasable","17":"product-type-simple"},"_links":{"self":[{"href":"https:\/\/roveyayinevi.com.tr\/index.php\/wp-json\/wp\/v2\/product\/784875","targetHints":{"allow":["GET"]}}],"collection":[{"href":"https:\/\/roveyayinevi.com.tr\/index.php\/wp-json\/wp\/v2\/product"}],"about":[{"href":"https:\/\/roveyayinevi.com.tr\/index.php\/wp-json\/wp\/v2\/types\/product"}],"wp:attachment":[{"href":"https:\/\/roveyayinevi.com.tr\/index.php\/wp-json\/wp\/v2\/media?parent=784875"}],"wp:term":[{"taxonomy":"product_brand","embeddable":true,"href":"https:\/\/roveyayinevi.com.tr\/index.php\/wp-json\/wp\/v2\/product_brand?post=784875"},{"taxonomy":"product_cat","embeddable":true,"href":"https:\/\/roveyayinevi.com.tr\/index.php\/wp-json\/wp\/v2\/product_cat?post=784875"},{"taxonomy":"product_tag","embeddable":true,"href":"https:\/\/roveyayinevi.com.tr\/index.php\/wp-json\/wp\/v2\/product_tag?post=784875"}],"curies":[{"name":"wp","href":"https:\/\/api.w.org\/{rel}","templated":true}]}}