{"id":784873,"date":"2026-03-15T03:06:51","date_gmt":"2026-03-15T00:06:51","guid":{"rendered":"https:\/\/roveyayinevi.com.tr\/index.php\/urun\/turkiyede-ozellestirme-ve-medya-yansimalari\/"},"modified":"2026-04-16T03:09:59","modified_gmt":"2026-04-16T00:09:59","slug":"turkiyede-ozellestirme-ve-medya-yansimalari","status":"publish","type":"product","link":"https:\/\/roveyayinevi.com.tr\/index.php\/urun\/turkiyede-ozellestirme-ve-medya-yansimalari\/","title":{"rendered":"\u201cT\u00fcrkiye\u2019de  \u00d6zelle\u015ftirme\u201d ve Medya Yans\u0131malar\u0131"},"content":{"rendered":"<p>T\u00fcrkiye\u2019de kamu taraf\u0131ndan sa\u011flanan hizmetlerin \u00f6zel sekt\u00f6re devredilmesini ve serbest piyasa ko\u015fullar\u0131n\u0131n ekonomik ortama h\u00e2kim olmas\u0131n\u0131 ama\u00e7layan \u00f6zelle\u015ftirmeye yakla\u015f\u0131m, \u00e7o\u011fu zaman politik ve ideolojik olmu\u015ftur. Bu ba\u011flamda \u00f6zelle\u015ftirme \u00fczerine olumlu ya da olumsuz bir ger\u00e7eklik toplumsal olarak in\u015fa edilmektedir. Medya, bireylerin imge ve referanslar\u0131n\u0131 i\u00e7selle\u015ftirdi\u011fi bir toplumsal ger\u00e7e\u011fi yeniden olumlama g\u00fcc\u00fcyle, \u00f6zelle\u015ftirmenin olas\u0131 bir yorumunu in\u015fa ederek, \u00f6zelle\u015ftirmenin toplumda kabul g\u00f6r\u00fcp g\u00f6rmeyece\u011fi noktas\u0131nda etkili rol oynamaktad\u0131r. Bu anlamda \u00f6zelle\u015ftirme ve medya ili\u015fkisinin incelendi\u011fi ara\u015ft\u0131rmalarda \u00f6zelle\u015ftirme, sembolik bir s\u00fcre\u00e7 olarak ele al\u0131nm\u0131\u015f, ekonomi y\u00f6netimleri \u00f6zelle\u015ftirme \u00fczerinden gazete arac\u0131l\u0131\u011f\u0131yla halk nezdinde politik olarak ya desteklenmi\u015f ya da ele\u015ftirilmi\u015ftir. Bu bilgiler \u0131\u015f\u0131\u011f\u0131nda, gazetelerde \u00f6zelle\u015ftirmenin nas\u0131l temsil edildi\u011fi ve bu temsillerin \u00f6zelle\u015ftirme lehine veya aleyhine konumland\u0131r\u0131lmas\u0131nda gazetelerin kendi i\u00e7inde tutarl\u0131 olup olmad\u0131\u011f\u0131 tespit edilmi\u015ftir. Yani \u00f6zelle\u015ftirme kavram\u0131 t\u00fcm y\u00f6nleriyle irdelenmi\u015f, son y\u0131llarda medya alan\u0131nda yap\u0131lan \u00e7al\u0131\u015fmalara s\u0131k\u00e7a konu olan temsil kavram\u0131, ele\u015ftirel medya \u00e7al\u0131\u015fmalar\u0131 ekseninde ele al\u0131nm\u0131\u015ft\u0131r. En nihayetinde T\u00fcrkiye\u2019de g\u00fcndemin \u00f6nemli konular\u0131ndan biri olan \u00f6zelle\u015ftirmenin medyada temsili bas\u0131nda yer alan i\u00e7eriklerine nitel y\u00f6nelimli i\u00e7erik analizi ile bak\u0131lm\u0131\u015ft\u0131r.<\/p>\n","protected":false},"excerpt":{"rendered":"<p>T\u00fcrkiye\u2019de kamu taraf\u0131ndan sa\u011flanan hizmetlerin \u00f6zel sekt\u00f6re devredilmesini ve serbest piyasa ko\u015fullar\u0131n\u0131n ekonomik ortama h\u00e2kim olmas\u0131n\u0131 ama\u00e7layan \u00f6zelle\u015ftirmeye yakla\u015f\u0131m, \u00e7o\u011fu zaman politik ve ideolojik olmu\u015ftur. Bu<span class=\"excerpt-hellip\"> [\u2026]<\/span><\/p>\n","protected":false},"featured_media":0,"template":"","meta":{"_monsterinsights_skip_tracking":false,"_monsterinsights_sitenote_active":false,"_monsterinsights_sitenote_note":"","_monsterinsights_sitenote_category":0},"product_brand":[],"product_cat":[15983,13488],"product_tag":[],"class_list":{"0":"post-784873","1":"product","2":"type-product","3":"status-publish","5":"product_cat-iletisim-ve-medya","6":"product_cat-toplum-ve-insan","7":"pa_cilt-ciltsiz","8":"pa_tur-kitap","9":"pa_yayinevi-kadim-yayinlari","10":"pa_yazar-kolektif","12":"first","13":"instock","14":"sale","15":"shipping-taxable","16":"purchasable","17":"product-type-simple"},"_links":{"self":[{"href":"https:\/\/roveyayinevi.com.tr\/index.php\/wp-json\/wp\/v2\/product\/784873","targetHints":{"allow":["GET"]}}],"collection":[{"href":"https:\/\/roveyayinevi.com.tr\/index.php\/wp-json\/wp\/v2\/product"}],"about":[{"href":"https:\/\/roveyayinevi.com.tr\/index.php\/wp-json\/wp\/v2\/types\/product"}],"wp:attachment":[{"href":"https:\/\/roveyayinevi.com.tr\/index.php\/wp-json\/wp\/v2\/media?parent=784873"}],"wp:term":[{"taxonomy":"product_brand","embeddable":true,"href":"https:\/\/roveyayinevi.com.tr\/index.php\/wp-json\/wp\/v2\/product_brand?post=784873"},{"taxonomy":"product_cat","embeddable":true,"href":"https:\/\/roveyayinevi.com.tr\/index.php\/wp-json\/wp\/v2\/product_cat?post=784873"},{"taxonomy":"product_tag","embeddable":true,"href":"https:\/\/roveyayinevi.com.tr\/index.php\/wp-json\/wp\/v2\/product_tag?post=784873"}],"curies":[{"name":"wp","href":"https:\/\/api.w.org\/{rel}","templated":true}]}}