{"id":784871,"date":"2026-03-15T03:05:37","date_gmt":"2026-03-15T00:05:37","guid":{"rendered":"https:\/\/roveyayinevi.com.tr\/index.php\/urun\/turkiyenin-katar-ve-birlesik-arap-emirlikleri-politikalari\/"},"modified":"2026-04-16T03:08:46","modified_gmt":"2026-04-16T00:08:46","slug":"turkiyenin-katar-ve-birlesik-arap-emirlikleri-politikalari","status":"publish","type":"product","link":"https:\/\/roveyayinevi.com.tr\/index.php\/urun\/turkiyenin-katar-ve-birlesik-arap-emirlikleri-politikalari\/","title":{"rendered":"T\u00fcrkiye&#8217;nin Katar ve Birle\u015fik Arap Emirlikleri Politikalar\u0131"},"content":{"rendered":"<p>Tu\u0308rk d\u0131\u015f politikas\u0131 K\u00f6rfez u\u0308lkeleri ile son d\u00f6nemde yo\u011fun bir gu\u0308ndeme sahiptir. Tu\u0308rkiye\u2019nin Katar ve Birle\u015fik Arap Emirlikleri (BAE) ile ili\u015fkileri \u00f6nemli d\u0131\u015f politika alanlar\u0131ndan biri olarak kar\u015f\u0131m\u0131za \u00e7\u0131kmaktad\u0131r. Tu\u0308rkiye\u2019nin Katar ve BAE ile ikili ili\u015fkileri, dinamik bir seyir takip etmesi ve bu ikili ili\u015fkilerin Tu\u0308rk d\u0131\u015f politikas\u0131n\u0131n davran\u0131\u015f kal\u0131plar\u0131n\u0131 \u00f6zetleyen verilere sahip olmas\u0131 a\u00e7\u0131s\u0131ndan olduk\u00e7a mu\u0308himdir. Zira bu d\u00f6nem i\u00e7erisinde Tu\u0308rkiye\u2019nin Katar ve BAE\u2019ye y\u00f6nelik politikalar\u0131na odaklanmak ayn\u0131 zamanda Ankara\u2019n\u0131n Orta Do\u011fu politikas\u0131n\u0131n temel izlerini bulmaya ve hangi parametreler etraf\u0131nda \u015fekillendi\u011fini tespit etmeye imkan tan\u0131maktad\u0131r. Elinizdeki eser, Tu\u0308rkiye\u2019nin \u00e7at\u0131\u015fma ve i\u015f birli\u011fi i\u00e7eren d\u0131\u015f politika davran\u0131\u015flar\u0131na\/tercihlerine neden olan temel parametrelere ve bu parametrelerin Tu\u0308rkiye\u2019nin Katar ve BAE politikalar\u0131na nas\u0131l etki ettiklerine odaklanmaktad\u0131r. Tu\u0308rk d\u0131\u015f politikas\u0131n\u0131n davran\u0131\u015f kal\u0131plar\u0131na y\u00f6nelik literatu\u0308r incelendi\u011finde bu temel parametrelerin ekonomi, ideoloji ve uluslararas\u0131 sistem oldu\u011funu tespit etmek mu\u0308mku\u0308ndu\u0308r. \u0130kili ili\u015fkilerde etkili olan temel parametrelere dair bulgular\u0131n ortaya konmas\u0131 Tu\u0308rkiye\u2019nin grand stratejisine ait ipu\u00e7lar\u0131n\u0131 da bizlere sunacakt\u0131r. Bu \u00e7al\u0131\u015fma, Arap \u0130syanlar\u0131 ile Orta Do\u011fu\u2019daki b\u00f6lgesel rekabet ve statu\u0308 aray\u0131\u015f\u0131n\u0131n Tu\u0308rkiye-K\u00f6rfez u\u0308lkeleri ili\u015fkilerine nas\u0131l yans\u0131d\u0131\u011f\u0131n\u0131 incelemektedir. <\/p>\n","protected":false},"excerpt":{"rendered":"<p>Tu\u0308rk d\u0131\u015f politikas\u0131 K\u00f6rfez u\u0308lkeleri ile son d\u00f6nemde yo\u011fun bir gu\u0308ndeme sahiptir. Tu\u0308rkiye\u2019nin Katar ve Birle\u015fik Arap Emirlikleri (BAE) ile ili\u015fkileri \u00f6nemli d\u0131\u015f politika alanlar\u0131ndan biri<span class=\"excerpt-hellip\"> [\u2026]<\/span><\/p>\n","protected":false},"featured_media":0,"template":"","meta":{"_monsterinsights_skip_tracking":false,"_monsterinsights_sitenote_active":false,"_monsterinsights_sitenote_note":"","_monsterinsights_sitenote_category":0},"product_brand":[],"product_cat":[12337,17225],"product_tag":[],"class_list":{"0":"post-784871","1":"product","2":"type-product","3":"status-publish","5":"product_cat-politika-siyaset","6":"product_cat-uluslararasi-iliskiler","7":"pa_cilt-ciltsiz","8":"pa_tur-kitap","9":"pa_yayinevi-kadim-yayinlari","10":"pa_yazar-abdullah-erboga","12":"first","13":"instock","14":"sale","15":"shipping-taxable","16":"purchasable","17":"product-type-simple"},"_links":{"self":[{"href":"https:\/\/roveyayinevi.com.tr\/index.php\/wp-json\/wp\/v2\/product\/784871","targetHints":{"allow":["GET"]}}],"collection":[{"href":"https:\/\/roveyayinevi.com.tr\/index.php\/wp-json\/wp\/v2\/product"}],"about":[{"href":"https:\/\/roveyayinevi.com.tr\/index.php\/wp-json\/wp\/v2\/types\/product"}],"wp:attachment":[{"href":"https:\/\/roveyayinevi.com.tr\/index.php\/wp-json\/wp\/v2\/media?parent=784871"}],"wp:term":[{"taxonomy":"product_brand","embeddable":true,"href":"https:\/\/roveyayinevi.com.tr\/index.php\/wp-json\/wp\/v2\/product_brand?post=784871"},{"taxonomy":"product_cat","embeddable":true,"href":"https:\/\/roveyayinevi.com.tr\/index.php\/wp-json\/wp\/v2\/product_cat?post=784871"},{"taxonomy":"product_tag","embeddable":true,"href":"https:\/\/roveyayinevi.com.tr\/index.php\/wp-json\/wp\/v2\/product_tag?post=784871"}],"curies":[{"name":"wp","href":"https:\/\/api.w.org\/{rel}","templated":true}]}}