{"id":784866,"date":"2026-03-15T03:03:46","date_gmt":"2026-03-15T00:03:46","guid":{"rendered":"https:\/\/roveyayinevi.com.tr\/index.php\/urun\/uluslararasi-iliskilerin-tarihi-ve-teorik-tartismalar\/"},"modified":"2026-04-16T03:06:50","modified_gmt":"2026-04-16T00:06:50","slug":"uluslararasi-iliskilerin-tarihi-ve-teorik-tartismalar","status":"publish","type":"product","link":"https:\/\/roveyayinevi.com.tr\/index.php\/urun\/uluslararasi-iliskilerin-tarihi-ve-teorik-tartismalar\/","title":{"rendered":"Uluslararas\u0131 \u0130li\u015fkilerin Tarihi ve Teorik Tart\u0131\u015fmalar"},"content":{"rendered":"<p>I. Du\u0308nya Sava\u015f\u0131 \u00f6ncesinde siyaset biliminin bir alt dal\u0131 ve siyasal ya da sosyal etkile\u015fimlerin yorumlanmas\u0131nda yard\u0131mc\u0131 bir alan olarak g\u00f6ru\u0308len Uluslararas\u0131 \u0130li\u015fkiler (U\u0130), I. Du\u0308nya Sava\u015f\u0131\u2019ndan sonra ayr\u0131 bir disiplin olarak ortaya \u00e7\u0131km\u0131\u015f, II. Du\u0308nya Sava\u015f\u0131ndan sonra da kuramsal ve kurumsal \u00f6zerkli\u011fini tesis etmi\u015ftir. Bu disiplinel geli\u015fim su\u0308recinin sine qua non\u2019u olarak ortaya \u00e7\u0131kan farkl\u0131 teoriler ve farkl\u0131 teorilerin ba\u015f\u0131n\u0131 \u00e7ekti\u011fi bu\u0308yu\u0308k tart\u0131\u015fmalar, U\u0130\u2019nin tarihi anlat\u0131s\u0131 a\u00e7\u0131s\u0131ndan ara\u00e7salla\u015ft\u0131r\u0131lm\u0131\u015ft\u0131r. Elinizdeki bu \u00e7al\u0131\u015fma U\u0130 tarihinin bu\u0308yu\u0308k tart\u0131\u015fmalar u\u0308zerinden anlat\u0131lmas\u0131 gelene\u011fine uyarak bahse konu tart\u0131\u015fmalar\u0131 tek bir \u00e7al\u0131\u015fmada sunmak amac\u0131n\u0131n bir sonucudur. Bununla birlikte henu\u0308z bir asr\u0131 yeni devirmi\u015f olmas\u0131na ra\u011fmen, U\u0130 teorilerinin ve hatta i\u00e7erdi\u011fi baz\u0131 yerle\u015fik sorunlar\u0131 sebebiyle U\u0130\u2019nin sonunun geldi\u011fi iddialar\u0131 alan\u0131n hat\u0131r\u0131 say\u0131l\u0131r dergilerinde tart\u0131\u015fmaya a\u00e7\u0131lm\u0131\u015ft\u0131r. S\u00f6z konusu gu\u0308ncel tart\u0131\u015fmalar\u0131n ge\u00e7erlili\u011fini ve ger\u00e7ekli\u011fini U\u0130\u2019nin tarihine yap\u0131lan yolculuk u\u0308zerinden ele almak, varsa disiplinin yerle\u015fik sorunlar\u0131n\u0131 irdelemek, mu\u0308mku\u0308nse a\u015f\u0131labilir sorunlar\u0131 u\u0308zerine mu\u0308tevaz\u0131 re\u00e7eteler sunmak gayesi ise \u00e7al\u0131\u015fman\u0131n \u00f6zgu\u0308n taraf\u0131n\u0131 olu\u015fturmaktad\u0131r. <\/p>\n","protected":false},"excerpt":{"rendered":"<p>I. Du\u0308nya Sava\u015f\u0131 \u00f6ncesinde siyaset biliminin bir alt dal\u0131 ve siyasal ya da sosyal etkile\u015fimlerin yorumlanmas\u0131nda yard\u0131mc\u0131 bir alan olarak g\u00f6ru\u0308len Uluslararas\u0131 \u0130li\u015fkiler (U\u0130), I. Du\u0308nya<span class=\"excerpt-hellip\"> [\u2026]<\/span><\/p>\n","protected":false},"featured_media":0,"template":"","meta":{"_monsterinsights_skip_tracking":false,"_monsterinsights_sitenote_active":false,"_monsterinsights_sitenote_note":"","_monsterinsights_sitenote_category":0},"product_brand":[],"product_cat":[12337,17225],"product_tag":[],"class_list":{"0":"post-784866","1":"product","2":"type-product","3":"status-publish","5":"product_cat-politika-siyaset","6":"product_cat-uluslararasi-iliskiler","7":"pa_cilt-ciltsiz","8":"pa_tur-kitap","9":"pa_yayinevi-kadim-yayinlari","10":"pa_yazar-kolektif","12":"first","13":"instock","14":"sale","15":"shipping-taxable","16":"purchasable","17":"product-type-simple"},"_links":{"self":[{"href":"https:\/\/roveyayinevi.com.tr\/index.php\/wp-json\/wp\/v2\/product\/784866","targetHints":{"allow":["GET"]}}],"collection":[{"href":"https:\/\/roveyayinevi.com.tr\/index.php\/wp-json\/wp\/v2\/product"}],"about":[{"href":"https:\/\/roveyayinevi.com.tr\/index.php\/wp-json\/wp\/v2\/types\/product"}],"wp:attachment":[{"href":"https:\/\/roveyayinevi.com.tr\/index.php\/wp-json\/wp\/v2\/media?parent=784866"}],"wp:term":[{"taxonomy":"product_brand","embeddable":true,"href":"https:\/\/roveyayinevi.com.tr\/index.php\/wp-json\/wp\/v2\/product_brand?post=784866"},{"taxonomy":"product_cat","embeddable":true,"href":"https:\/\/roveyayinevi.com.tr\/index.php\/wp-json\/wp\/v2\/product_cat?post=784866"},{"taxonomy":"product_tag","embeddable":true,"href":"https:\/\/roveyayinevi.com.tr\/index.php\/wp-json\/wp\/v2\/product_tag?post=784866"}],"curies":[{"name":"wp","href":"https:\/\/api.w.org\/{rel}","templated":true}]}}