{"id":784864,"date":"2026-03-15T03:03:16","date_gmt":"2026-03-15T00:03:16","guid":{"rendered":"https:\/\/roveyayinevi.com.tr\/index.php\/urun\/devlet-akli-devlet-adami-ve-devlet-ahlaki-3-cilt\/"},"modified":"2026-04-16T03:06:40","modified_gmt":"2026-04-16T00:06:40","slug":"devlet-akli-devlet-adami-ve-devlet-ahlaki-3-cilt","status":"publish","type":"product","link":"https:\/\/roveyayinevi.com.tr\/index.php\/urun\/devlet-akli-devlet-adami-ve-devlet-ahlaki-3-cilt\/","title":{"rendered":"Devlet Akl\u0131, Devlet Adam\u0131 ve Devlet Ahlak\u0131 3. Cilt"},"content":{"rendered":"<p>Platon ile ba\u015flay\u0131p Machiavelli, Hobbes, Rousseau ve Hegel ile modern \u00e7a\u011fa uyarlanan &#8216;raison d&#8217;etat&#8217; kuram\u0131 b\u00fcy\u00fck bir felsefi birikimle d\u00f6\u015fedi\u011fi devlet, devlet akl\u0131, devlet adam\u0131 ve devlet ahlak\u0131 \u00f6zde\u015fli\u011fi yolunu modern \u00e7a\u011f ve onun u\u0308ru\u0308nu\u0308 olan modern devlet ile birlikte hem felsefi birikim, hem siyasal iktidar imkanlar\u0131, hem de toplumu kurgulama ve kontrol etme ara\u00e7lar\u0131na sahip olma a\u00e7\u0131s\u0131ndan \u00e7ok gu\u0308\u00e7lu\u0308, yo\u011fun ve yayg\u0131n egemenlik alanlar\u0131 \u00fcretmi\u015ftir. Platon&#8217;un &#8216;Filozof Kral&#8217;\u0131 ideolog lider; Machiavelli&#8217;nin &#8216;Hu\u0308ku\u0308mdar&#8217;\u0131 diktat\u00f6r; Hobbes&#8217;un &#8216;Egemen&#8217;i despot; Rousseau&#8217;nun &#8216;Genel \u0130rede&#8217;si ve &#8216;Yasa Koyucu&#8217;su jakobenizm, parti diktat\u00f6rl\u00fc\u011f\u00fc\u0308 ve ayd\u0131n despotizmi; Hegel&#8217;in &#8216;Devlet Adam\u0131&#8217; ve &#8216;Kahramanlar&#8217;\u0131 ise fu\u0308hrer, du\u00e7e, caudillo ve \u015fef olarak modern \u00e7agdaki &#8216;Devlet Akl\u0131&#8217;n\u0131n mu\u0308cessem halleri olarak yerlerini alm\u0131\u015flard\u0131r. Tu\u0308rkiye&#8217;de gerek sa\u011f gerekse sol siyaset\u00e7ilerin s\u0131kl\u0131kla dile getirmi\u015f oldugu, fakat teorik alanda makaleler d\u0131\u015f\u0131nda \u00e7al\u0131\u015f\u0131lmayan &#8220;Devlet Akl\u0131&#8221; konusunu kavramsal, kuramsal ve kurumsal olarak u\u0308\u00e7 cilt \u015feklinde kurgulayan Halis \u00c7etin, hem genel okuyucuya hem de akademiye y\u00f6nelik bu\u0308yu\u0308k bir eksikligi gidermi\u015ftir. Bu kitab\u0131 de\u011ferli k\u0131lan temel \u00f6zellik Tu\u0308rkiye&#8217;de ilk defa &#8216;Devlet Akl\u0131&#8217; konusunun sistematik bir \u015fekilde \u00e7al\u0131\u015f\u0131lm\u0131\u015f olmas\u0131d\u0131r. <\/p>\n","protected":false},"excerpt":{"rendered":"<p>Platon ile ba\u015flay\u0131p Machiavelli, Hobbes, Rousseau ve Hegel ile modern \u00e7a\u011fa uyarlanan &#8216;raison d&#8217;etat&#8217; kuram\u0131 b\u00fcy\u00fck bir felsefi birikimle d\u00f6\u015fedi\u011fi devlet, devlet akl\u0131, devlet adam\u0131 ve<span class=\"excerpt-hellip\"> [\u2026]<\/span><\/p>\n","protected":false},"featured_media":0,"template":"","meta":{"_monsterinsights_skip_tracking":false,"_monsterinsights_sitenote_active":false,"_monsterinsights_sitenote_note":"","_monsterinsights_sitenote_category":0},"product_brand":[],"product_cat":[12337,14706],"product_tag":[],"class_list":{"0":"post-784864","1":"product","2":"type-product","3":"status-publish","5":"product_cat-politika-siyaset","6":"product_cat-siyaset-bilimi","7":"pa_cilt-ciltsiz","8":"pa_tur-kitap","9":"pa_yayinevi-kadim-yayinlari","10":"pa_yazar-halis-cetin","12":"first","13":"instock","14":"sale","15":"shipping-taxable","16":"purchasable","17":"product-type-simple"},"_links":{"self":[{"href":"https:\/\/roveyayinevi.com.tr\/index.php\/wp-json\/wp\/v2\/product\/784864","targetHints":{"allow":["GET"]}}],"collection":[{"href":"https:\/\/roveyayinevi.com.tr\/index.php\/wp-json\/wp\/v2\/product"}],"about":[{"href":"https:\/\/roveyayinevi.com.tr\/index.php\/wp-json\/wp\/v2\/types\/product"}],"wp:attachment":[{"href":"https:\/\/roveyayinevi.com.tr\/index.php\/wp-json\/wp\/v2\/media?parent=784864"}],"wp:term":[{"taxonomy":"product_brand","embeddable":true,"href":"https:\/\/roveyayinevi.com.tr\/index.php\/wp-json\/wp\/v2\/product_brand?post=784864"},{"taxonomy":"product_cat","embeddable":true,"href":"https:\/\/roveyayinevi.com.tr\/index.php\/wp-json\/wp\/v2\/product_cat?post=784864"},{"taxonomy":"product_tag","embeddable":true,"href":"https:\/\/roveyayinevi.com.tr\/index.php\/wp-json\/wp\/v2\/product_tag?post=784864"}],"curies":[{"name":"wp","href":"https:\/\/api.w.org\/{rel}","templated":true}]}}