{"id":784862,"date":"2026-03-15T03:03:11","date_gmt":"2026-03-15T00:03:11","guid":{"rendered":"https:\/\/roveyayinevi.com.tr\/index.php\/urun\/devlet-akli-devlet-adami-ve-devlet-ahlaki-1-cilt\/"},"modified":"2026-04-16T03:06:40","modified_gmt":"2026-04-16T00:06:40","slug":"devlet-akli-devlet-adami-ve-devlet-ahlaki-1-cilt","status":"publish","type":"product","link":"https:\/\/roveyayinevi.com.tr\/index.php\/urun\/devlet-akli-devlet-adami-ve-devlet-ahlaki-1-cilt\/","title":{"rendered":"Devlet Akl\u0131, Devlet Adam\u0131 ve Devlet Ahlak\u0131 1. Cilt"},"content":{"rendered":"<p>\u00d6nce &#8216;devlet&#8217; mutlak ama\u00e7 olarak ilan edilmi\u015f sonra &#8216;devlet akl\u0131&#8217; ile \u00f6zde\u015fle\u015ftirilmi\u015ftir. Devlet akl\u0131, \u00fcst\u00fcn ve kutsal bir &#8216;devlet adam\u0131&#8217; ki\u015fili\u011finde ete kemi\u011fe b\u00fcr\u00fcnd\u00fcr\u00fcl\u00fcp, &#8216;devletin bekas\u0131&#8217; i\u00e7in yap\u0131lan her t\u00fcrl\u00fc hukuki ve hukuk d\u0131\u015f\u0131 eylemlere me\u015fruiyet kazand\u0131r\u0131lm\u0131\u015ft\u0131r. Me\u015frula\u015ft\u0131r\u0131lm\u0131\u015f olan her eylem &#8216;devletin ahlak yasalar\u0131n\u0131&#8217; olu\u015fturmu\u015ftur. B\u00f6ylece otoriter ve totaliter devlet akl\u0131 ve ahlak\u0131 gelene\u011finin en \u00f6nemli yan\u0131 ortaya \u00e7\u0131km\u0131\u015ft\u0131r: iktidar ile me\u015fruiyetin ala\u015f\u0131mla\u015fmas\u0131. Bu kurumsal yap\u0131, her t\u00fcrl\u00fc ahlak d\u0131\u015f\u0131 eylemleri me\u015fru k\u0131lan jakoben, otoriter, totaliter, fa\u015fist, kolektivist, pragmatist hatta liberal demokratik modern devlet in\u015falar\u0131na teorik ve pratik\/pragmatik anlamda kaynakl\u0131k etmi\u015ftir. T\u00fcrkiye&#8217;de gerek sa\u011f gerekse sol siyaset\u00e7ilerin s\u0131kl\u0131kla dile getirmi\u015f oldu\u011fu, fakat teorik alanda makaleler d\u0131\u015f\u0131nda \u00e7al\u0131\u015f\u0131lmayan &#8220;Devlet Akl\u0131&#8221; konusunu kavramsal, kuramsal ve kurumsal olarak \u00fc\u00e7 cilt \u015feklinde kurgulayan Halis \u00c7etin, hem genel okuyucuya hem de akademiye y\u00f6nelik b\u00fcy\u00fck bir eksikli\u011fi gidermi\u015ftir.   Bu kitab\u0131 de\u011ferli k\u0131lan temel \u00f6zellik T\u00fcrkiye&#8217;de ilk defa &#8216;Devlet Akl\u0131&#8217; konusunun sistematik bir \u015fekilde \u00e7al\u0131\u015f\u0131lm\u0131\u015f olmas\u0131d\u0131r. <\/p>\n","protected":false},"excerpt":{"rendered":"<p>\u00d6nce &#8216;devlet&#8217; mutlak ama\u00e7 olarak ilan edilmi\u015f sonra &#8216;devlet akl\u0131&#8217; ile \u00f6zde\u015fle\u015ftirilmi\u015ftir. Devlet akl\u0131, \u00fcst\u00fcn ve kutsal bir &#8216;devlet adam\u0131&#8217; ki\u015fili\u011finde ete kemi\u011fe b\u00fcr\u00fcnd\u00fcr\u00fcl\u00fcp, &#8216;devletin bekas\u0131&#8217;<span class=\"excerpt-hellip\"> [\u2026]<\/span><\/p>\n","protected":false},"featured_media":0,"template":"","meta":{"_monsterinsights_skip_tracking":false,"_monsterinsights_sitenote_active":false,"_monsterinsights_sitenote_note":"","_monsterinsights_sitenote_category":0},"product_brand":[],"product_cat":[12337,14706],"product_tag":[],"class_list":{"0":"post-784862","1":"product","2":"type-product","3":"status-publish","5":"product_cat-politika-siyaset","6":"product_cat-siyaset-bilimi","7":"pa_cilt-ciltsiz","8":"pa_tur-kitap","9":"pa_yayinevi-kadim-yayinlari","10":"pa_yazar-halis-cetin","12":"first","13":"instock","14":"sale","15":"shipping-taxable","16":"purchasable","17":"product-type-simple"},"_links":{"self":[{"href":"https:\/\/roveyayinevi.com.tr\/index.php\/wp-json\/wp\/v2\/product\/784862","targetHints":{"allow":["GET"]}}],"collection":[{"href":"https:\/\/roveyayinevi.com.tr\/index.php\/wp-json\/wp\/v2\/product"}],"about":[{"href":"https:\/\/roveyayinevi.com.tr\/index.php\/wp-json\/wp\/v2\/types\/product"}],"wp:attachment":[{"href":"https:\/\/roveyayinevi.com.tr\/index.php\/wp-json\/wp\/v2\/media?parent=784862"}],"wp:term":[{"taxonomy":"product_brand","embeddable":true,"href":"https:\/\/roveyayinevi.com.tr\/index.php\/wp-json\/wp\/v2\/product_brand?post=784862"},{"taxonomy":"product_cat","embeddable":true,"href":"https:\/\/roveyayinevi.com.tr\/index.php\/wp-json\/wp\/v2\/product_cat?post=784862"},{"taxonomy":"product_tag","embeddable":true,"href":"https:\/\/roveyayinevi.com.tr\/index.php\/wp-json\/wp\/v2\/product_tag?post=784862"}],"curies":[{"name":"wp","href":"https:\/\/api.w.org\/{rel}","templated":true}]}}