{"id":784861,"date":"2026-03-15T03:03:07","date_gmt":"2026-03-15T00:03:07","guid":{"rendered":"https:\/\/roveyayinevi.com.tr\/index.php\/urun\/bir-cumle-nasil-yazilir-ve-nasil-okunur\/"},"modified":"2026-04-16T03:06:40","modified_gmt":"2026-04-16T00:06:40","slug":"bir-cumle-nasil-yazilir-ve-nasil-okunur","status":"publish","type":"product","link":"https:\/\/roveyayinevi.com.tr\/index.php\/urun\/bir-cumle-nasil-yazilir-ve-nasil-okunur\/","title":{"rendered":"Bir C\u00fcmle Nas\u0131l Yaz\u0131l\u0131r ve Nas\u0131l Okunur ?"},"content":{"rendered":"<p>\u201cBir C\u00fcmle Nas\u0131l Yaz\u0131l\u0131r s\u00f6z dizimsel cevherlerin bir derlemesi \u2013 kitap kurtlar\u0131n\u0131n rahatl\u0131kla okuyaca\u011f\u0131 bir kitap.\u201d \u2013New York dergisi   \u201c[Fish] zarif c\u00fcmlelere dair uzmanl\u0131\u011f\u0131n\u0131 payla\u015f\u0131yor.\u201d \u2013The New Yorker   \u201cDili sevenler g\u00fczel yaz\u0131lar\u0131 takdir eden bu kitaba ak\u0131n edecek.\u201d \u2013Booklist   \u201cC\u00fcmle, John Donne\u2019un s\u00f6zleriyle, \u2018kurnazca kurulmu\u015f k\u00fc\u00e7\u00fck bir d\u00fcnyad\u0131r\u201d diye yaz\u0131yor Fish. O size bu sanat\u0131 \u00f6\u011fretecek.\u201d \u2013People dergisi   \u201cBu m\u00fcthi\u015f ve k\u0131sa kitap, c\u00fcmlelerin \u015feklinin i\u00e7eriklerine nas\u0131l h\u00fckmetti\u011fini anlat\u0131yor.\u201d \u2013Boston Globe   \u201cSadece al\u0131nt\u0131lar bile bu kitap i\u00e7in \u00f6dedi\u011finiz paraya de\u011fer. \u2026Bu kitaba a\u00e7\u0131k\u00e7a hak etti\u011fi \u00f6zeni g\u00f6sterirsenizbundan kazanc\u0131n\u0131z gayet g\u00fczel olacakt\u0131r.\u201d \u2013Washington Times   \u201cHem hevesli bir yazar hem de merakl\u0131 bir okur olan Fish\u2019in c\u00fcmlelerin kurulu\u015funa ve anla\u015f\u0131lmas\u0131na dair g\u00f6r\u00fc\u015fleri e\u011fitici, hatta ilham vericidir.\u201d \u2013The Huffington Post <\/p>\n","protected":false},"excerpt":{"rendered":"<p>\u201cBir C\u00fcmle Nas\u0131l Yaz\u0131l\u0131r s\u00f6z dizimsel cevherlerin bir derlemesi \u2013 kitap kurtlar\u0131n\u0131n rahatl\u0131kla okuyaca\u011f\u0131 bir kitap.\u201d \u2013New York dergisi \u201c[Fish] zarif c\u00fcmlelere dair uzmanl\u0131\u011f\u0131n\u0131 payla\u015f\u0131yor.\u201d \u2013The<span class=\"excerpt-hellip\"> [\u2026]<\/span><\/p>\n","protected":false},"featured_media":0,"template":"","meta":{"_monsterinsights_skip_tracking":false,"_monsterinsights_sitenote_active":false,"_monsterinsights_sitenote_note":"","_monsterinsights_sitenote_category":0},"product_brand":[],"product_cat":[12291],"product_tag":[],"class_list":{"0":"post-784861","1":"product","2":"type-product","3":"status-publish","5":"product_cat-edebiyat","6":"pa_cilt-ciltsiz","7":"pa_tur-kitap","8":"pa_yayinevi-kadim-yayinlari","9":"pa_yazar-stanley-fish","11":"first","12":"instock","13":"sale","14":"shipping-taxable","15":"purchasable","16":"product-type-simple"},"_links":{"self":[{"href":"https:\/\/roveyayinevi.com.tr\/index.php\/wp-json\/wp\/v2\/product\/784861","targetHints":{"allow":["GET"]}}],"collection":[{"href":"https:\/\/roveyayinevi.com.tr\/index.php\/wp-json\/wp\/v2\/product"}],"about":[{"href":"https:\/\/roveyayinevi.com.tr\/index.php\/wp-json\/wp\/v2\/types\/product"}],"wp:attachment":[{"href":"https:\/\/roveyayinevi.com.tr\/index.php\/wp-json\/wp\/v2\/media?parent=784861"}],"wp:term":[{"taxonomy":"product_brand","embeddable":true,"href":"https:\/\/roveyayinevi.com.tr\/index.php\/wp-json\/wp\/v2\/product_brand?post=784861"},{"taxonomy":"product_cat","embeddable":true,"href":"https:\/\/roveyayinevi.com.tr\/index.php\/wp-json\/wp\/v2\/product_cat?post=784861"},{"taxonomy":"product_tag","embeddable":true,"href":"https:\/\/roveyayinevi.com.tr\/index.php\/wp-json\/wp\/v2\/product_tag?post=784861"}],"curies":[{"name":"wp","href":"https:\/\/api.w.org\/{rel}","templated":true}]}}