{"id":784859,"date":"2026-03-15T03:03:02","date_gmt":"2026-03-15T00:03:02","guid":{"rendered":"https:\/\/roveyayinevi.com.tr\/index.php\/urun\/rekabet-istihbarati\/"},"modified":"2026-04-16T03:06:40","modified_gmt":"2026-04-16T00:06:40","slug":"rekabet-istihbarati","status":"publish","type":"product","link":"https:\/\/roveyayinevi.com.tr\/index.php\/urun\/rekabet-istihbarati\/","title":{"rendered":"Rekabet \u0130stihbarat\u0131"},"content":{"rendered":"<p>\u0130\u015fletme \u00e7evreleri, belirsizliklerle ku\u015fat\u0131lm\u0131\u015f ve ayn\u0131 zamanda de\u011fi\u015fimin su\u0308rekli ya\u015fand\u0131\u011f\u0131 ortamlard\u0131r. Bilginin \u00e7ok h\u0131zl\u0131 de\u011fi\u015fti\u011fi bir ortam\u0131nda ba\u015far\u0131l\u0131 bir i\u015fletme olmak isteyenler i\u00e7in bilgi payla\u015f\u0131m\u0131n\u0131n ne kadar kritik bir \u00f6neme sahip oldu\u011fu g\u00f6ru\u0308lmektedir. \u0130\u015fte tam bu noktada Rekabet \u0130stihbarat\u0131 modeli devreye girmektedir. Rekabet \u0130stihbarat\u0131, i\u015fletmenin bu\u0308tu\u0308nsel bilgisidir. Do\u011fru veri, do\u011fru istihbarat, do\u011fru operasyon ve strateji, i\u015fletmeleri \u00e7ok iyi bir noktaya getirebilir. Gu\u0308nu\u0308mu\u0308z \u015fartlar\u0131nda i\u015fletmelerin ama\u00e7lar\u0131na ula\u015fabilmesi i\u00e7in do\u011fru modellemek yetmiyor, do\u011fru mu\u0308dahale etmek gerekiyor. Tu\u0308rkiye\u2019de rekabet istihbarat\u0131n\u0131n fark\u0131nda olmayan veya fark\u0131nda oldu\u011fu halde kullanamayan ya da yeterli derecede yararlanamayan i\u015fletmelerin say\u0131s\u0131n\u0131n olduk\u00e7a fazla oldu\u011fu g\u00f6ru\u0308lmektedir. Yani istihbarat art\u0131k sadece devlet gu\u0308venli\u011fi i\u00e7in de\u011fil, i\u015fletmeler i\u00e7in de hayati bir i\u015flev ve yap\u0131lanmad\u0131r. \u0130stihbarat olmadan rekabet etmek imk\u00e2ns\u0131zd\u0131r. \u0130\u015fletmeler bir sava\u015f halindedir. \u0130\u015fletmelerin bulundu\u011fu bu sava\u015f bir bilgi sava\u015f\u0131d\u0131r. Her i\u015fletme i\u00e7in rekabet istihbarat\u0131 sistemini kurmak ve bunun su\u0308rdu\u0308ru\u0308lebilirli\u011fini sa\u011flamak son derece \u00f6nemlidir. Ayr\u0131ca bu hususta kaybedilecek zaman yoktur. Bu kitap, de\u011fi\u015fen du\u0308nyada rekabet halinde olan i\u015fletmelerin istihbarat bilgisine nas\u0131l sahip olabilece\u011fini anlatmaktad\u0131r. <\/p>\n","protected":false},"excerpt":{"rendered":"<p>\u0130\u015fletme \u00e7evreleri, belirsizliklerle ku\u015fat\u0131lm\u0131\u015f ve ayn\u0131 zamanda de\u011fi\u015fimin su\u0308rekli ya\u015fand\u0131\u011f\u0131 ortamlard\u0131r. Bilginin \u00e7ok h\u0131zl\u0131 de\u011fi\u015fti\u011fi bir ortam\u0131nda ba\u015far\u0131l\u0131 bir i\u015fletme olmak isteyenler i\u00e7in bilgi payla\u015f\u0131m\u0131n\u0131n ne<span class=\"excerpt-hellip\"> [\u2026]<\/span><\/p>\n","protected":false},"featured_media":0,"template":"","meta":{"_monsterinsights_skip_tracking":false,"_monsterinsights_sitenote_active":false,"_monsterinsights_sitenote_note":"","_monsterinsights_sitenote_category":0},"product_brand":[],"product_cat":[12337,14706],"product_tag":[],"class_list":{"0":"post-784859","1":"product","2":"type-product","3":"status-publish","5":"product_cat-politika-siyaset","6":"product_cat-siyaset-bilimi","7":"pa_cilt-ciltsiz","8":"pa_tur-kitap","9":"pa_yayinevi-orient-yayin","10":"pa_yazar-hulya-abdula-cevik","12":"first","13":"instock","14":"sale","15":"shipping-taxable","16":"purchasable","17":"product-type-simple"},"_links":{"self":[{"href":"https:\/\/roveyayinevi.com.tr\/index.php\/wp-json\/wp\/v2\/product\/784859","targetHints":{"allow":["GET"]}}],"collection":[{"href":"https:\/\/roveyayinevi.com.tr\/index.php\/wp-json\/wp\/v2\/product"}],"about":[{"href":"https:\/\/roveyayinevi.com.tr\/index.php\/wp-json\/wp\/v2\/types\/product"}],"wp:attachment":[{"href":"https:\/\/roveyayinevi.com.tr\/index.php\/wp-json\/wp\/v2\/media?parent=784859"}],"wp:term":[{"taxonomy":"product_brand","embeddable":true,"href":"https:\/\/roveyayinevi.com.tr\/index.php\/wp-json\/wp\/v2\/product_brand?post=784859"},{"taxonomy":"product_cat","embeddable":true,"href":"https:\/\/roveyayinevi.com.tr\/index.php\/wp-json\/wp\/v2\/product_cat?post=784859"},{"taxonomy":"product_tag","embeddable":true,"href":"https:\/\/roveyayinevi.com.tr\/index.php\/wp-json\/wp\/v2\/product_tag?post=784859"}],"curies":[{"name":"wp","href":"https:\/\/api.w.org\/{rel}","templated":true}]}}