{"id":784857,"date":"2026-03-15T03:00:51","date_gmt":"2026-03-15T00:00:51","guid":{"rendered":"https:\/\/roveyayinevi.com.tr\/index.php\/urun\/sezai-karakocla-inci-dakikalari\/"},"modified":"2026-04-16T03:03:56","modified_gmt":"2026-04-16T00:03:56","slug":"sezai-karakocla-inci-dakikalari","status":"publish","type":"product","link":"https:\/\/roveyayinevi.com.tr\/index.php\/urun\/sezai-karakocla-inci-dakikalari\/","title":{"rendered":"Sezai Karako\u00e7&#8217;la \u0130nci Dakikalar\u0131"},"content":{"rendered":"<p>\u0130nci Dakikalar\u0131, Sezai Karako\u00e7 \u015fiirinin zarafetini, muhtevas\u0131 ile birlikte isminde ta\u015f\u0131yan bir \u015fiir olarak dikkat \u00e7eker. Bu \u015fiir, bilinci bir s\u00fcreli\u011fine de olsa g\u00fcndelik ya\u015fam\u0131n rutininden \u00e7\u0131kar\u0131p \u015fiirin inceli\u011fine ve oradaki geni\u015f zaman\u0131n a\u015fk\u0131nl\u0131\u011f\u0131na davet eder. Bu kitapta bir araya getirilen metinler, \u015fiirle ge\u00e7irilen s\u00fcrenin kazand\u0131rd\u0131\u011f\u0131 zenginlikler gibi d\u00fc\u015f\u00fcn\u00fclebilir. Sezai Karako\u00e7\u2019la \u0130nci Dakikalar\u0131, Onun \u015fiiri ve d\u00fc\u015f\u00fcncesi \u00fczerine poetik bir d\u00fc\u015f ve d\u00fc\u015f\u00fcnce yolculu\u011fu kabul edilebilir. Bu yolculukta, \u015fairin \u015fiir, d\u00fc\u015f\u00fcnce, medeniyet, dirili\u015f gibi kavramlar\u0131 \u00fczerinden giderek ortaya koydu\u011fu eserlerin b\u00fct\u00fcnl\u00fckl\u00fc bir de\u011ferlendirmesini bulmak m\u00fcmk\u00fcnd\u00fcr. Muhtelif zamanlarda kaleme al\u0131nm\u0131\u015f birbirinden de\u011ferli bu metinler, Sezai Karako\u00e7 \u015fiirini tan\u0131mak ve Onun d\u00fc\u015f\u00fcnce d\u00fcnyas\u0131n\u0131 ke\u015ffetmek a\u00e7\u0131s\u0131ndan bir imk\u00e2n sunmaktad\u0131r. Bu kitab\u0131n, \u015fairin \u0130nci Dakikalar\u0131 \u015fiirinde \u00fcst\u00fcne titredi\u011fini s\u00f6yledi\u011fi g\u00fczel ve yeninin tan\u0131nmas\u0131na vesile olmas\u0131n\u0131 ve onun d\u00fcnyas\u0131na kap\u0131 aralamas\u0131n\u0131 temenni ediyoruz. \u0130nci Dakikalar\u0131 \u015fiirinin e\u015fsiz g\u00fczelli\u011fi ile Sezai Karako\u00e7\u2019u bir kez daha sayg\u0131yla selaml\u0131yoruz. \u0130ncilerin ilk ger\u00e7ek ve yeni yorumunu bulur gibi oluyorum Bu inciler denizlerin en karanl\u0131k noktalar\u0131nda bile yoktur Benim ak ve kara kayalar i\u00e7inde buldu\u011fum inciler Bu inciler sen olmasan bende bile yoktur Olduklar\u0131 yerde bile<\/p>\n","protected":false},"excerpt":{"rendered":"<p>\u0130nci Dakikalar\u0131, Sezai Karako\u00e7 \u015fiirinin zarafetini, muhtevas\u0131 ile birlikte isminde ta\u015f\u0131yan bir \u015fiir olarak dikkat \u00e7eker. Bu \u015fiir, bilinci bir s\u00fcreli\u011fine de olsa g\u00fcndelik ya\u015fam\u0131n rutininden<span class=\"excerpt-hellip\"> [\u2026]<\/span><\/p>\n","protected":false},"featured_media":0,"template":"","meta":{"_monsterinsights_skip_tracking":false,"_monsterinsights_sitenote_active":false,"_monsterinsights_sitenote_note":"","_monsterinsights_sitenote_category":0},"product_brand":[],"product_cat":[12337,14706],"product_tag":[],"class_list":{"0":"post-784857","1":"product","2":"type-product","3":"status-publish","5":"product_cat-politika-siyaset","6":"product_cat-siyaset-bilimi","7":"pa_cilt-ciltsiz","8":"pa_tur-kitap","9":"pa_yayinevi-kadim-yayinlari","10":"pa_yazar-olgun-gunduz","12":"first","13":"instock","14":"sale","15":"shipping-taxable","16":"purchasable","17":"product-type-simple"},"_links":{"self":[{"href":"https:\/\/roveyayinevi.com.tr\/index.php\/wp-json\/wp\/v2\/product\/784857","targetHints":{"allow":["GET"]}}],"collection":[{"href":"https:\/\/roveyayinevi.com.tr\/index.php\/wp-json\/wp\/v2\/product"}],"about":[{"href":"https:\/\/roveyayinevi.com.tr\/index.php\/wp-json\/wp\/v2\/types\/product"}],"wp:attachment":[{"href":"https:\/\/roveyayinevi.com.tr\/index.php\/wp-json\/wp\/v2\/media?parent=784857"}],"wp:term":[{"taxonomy":"product_brand","embeddable":true,"href":"https:\/\/roveyayinevi.com.tr\/index.php\/wp-json\/wp\/v2\/product_brand?post=784857"},{"taxonomy":"product_cat","embeddable":true,"href":"https:\/\/roveyayinevi.com.tr\/index.php\/wp-json\/wp\/v2\/product_cat?post=784857"},{"taxonomy":"product_tag","embeddable":true,"href":"https:\/\/roveyayinevi.com.tr\/index.php\/wp-json\/wp\/v2\/product_tag?post=784857"}],"curies":[{"name":"wp","href":"https:\/\/api.w.org\/{rel}","templated":true}]}}