{"id":784853,"date":"2026-03-15T02:54:55","date_gmt":"2026-03-14T23:54:55","guid":{"rendered":"https:\/\/roveyayinevi.com.tr\/index.php\/urun\/turkiye-siyaset-tarihi-1-cilt-1839-1924\/"},"modified":"2026-04-16T02:56:37","modified_gmt":"2026-04-15T23:56:37","slug":"turkiye-siyaset-tarihi-1-cilt-1839-1924","status":"publish","type":"product","link":"https:\/\/roveyayinevi.com.tr\/index.php\/urun\/turkiye-siyaset-tarihi-1-cilt-1839-1924\/","title":{"rendered":"T\u00fcrkiye Siyaset Tarihi 1.Cilt 1839-1924"},"content":{"rendered":"<p>Bu kitap \u201cT\u00fcrkiye Siyaset Tarihi\u201d ad\u0131yla, alan\u0131nda ilk ve tek kitapt\u0131r. Osmanl\u0131\u2019dan 1924 y\u0131l\u0131na kadar b\u00fct\u00fcn siyasi olaylar, anla\u015f\u0131l\u0131r ve sade bir \u00fcslupla analiz edilmi\u015ftir. Siyasi olaylar, siyasi akt\u00f6rler, siyasi partiler ve siyasi cemiyetler, kronolojik s\u0131ra ile anlat\u0131lm\u0131\u015ft\u0131r: Osmanl\u0131\u2019n\u0131n kurulu\u015fu ve klasik d\u00f6nemin genel \u00f6zellikleri Modern d\u00f6nemin kurulu\u015fu ve II. Mahmut Tanzimat Ferman\u0131 ve Yeni Osmanl\u0131lar Olumlu ve olumsuz yanlar\u0131yla II. Abd\u00fclhamit d\u00f6nemi 31 Mart Vak\u2019as\u0131 ve Abd\u00fclhamit\u2019in devrilmesi J\u00f6n T\u00fcrkler, \u0130ttihat Terakki ve II. Me\u015frutiyet d\u00f6nemi \u0130ttihat Terakki\u2019nin 1. ve 2. iktidar d\u00f6nemi I. D\u00fcnya Sava\u015f\u0131, \u00c7anakkale Zaferi ve Ortado\u011fu sava\u015flar\u0131 Milli M\u00fccadele, Misak-\u0131 Milli ve \u0130ttihat\u00e7\u0131lar Osmanl\u0131 \u0130mparatorlu\u011fu\u2019nun y\u0131k\u0131l\u0131\u015f\u0131 Osmanl\u0131 Hilafeti\u2019nin y\u0131k\u0131l\u0131\u015f\u0131<\/p>\n","protected":false},"excerpt":{"rendered":"<p>Bu kitap \u201cT\u00fcrkiye Siyaset Tarihi\u201d ad\u0131yla, alan\u0131nda ilk ve tek kitapt\u0131r. Osmanl\u0131\u2019dan 1924 y\u0131l\u0131na kadar b\u00fct\u00fcn siyasi olaylar, anla\u015f\u0131l\u0131r ve sade bir \u00fcslupla analiz edilmi\u015ftir. Siyasi<span class=\"excerpt-hellip\"> [\u2026]<\/span><\/p>\n","protected":false},"featured_media":0,"template":"","meta":{"_monsterinsights_skip_tracking":false,"_monsterinsights_sitenote_active":false,"_monsterinsights_sitenote_note":"","_monsterinsights_sitenote_category":0},"product_brand":[],"product_cat":[12337,14706],"product_tag":[],"class_list":{"0":"post-784853","1":"product","2":"type-product","3":"status-publish","5":"product_cat-politika-siyaset","6":"product_cat-siyaset-bilimi","7":"pa_cilt-ciltsiz","8":"pa_tur-kitap","9":"pa_yayinevi-kadim-yayinlari","10":"pa_yazar-cemal-fedayi","12":"first","13":"instock","14":"sale","15":"shipping-taxable","16":"purchasable","17":"product-type-simple"},"_links":{"self":[{"href":"https:\/\/roveyayinevi.com.tr\/index.php\/wp-json\/wp\/v2\/product\/784853","targetHints":{"allow":["GET"]}}],"collection":[{"href":"https:\/\/roveyayinevi.com.tr\/index.php\/wp-json\/wp\/v2\/product"}],"about":[{"href":"https:\/\/roveyayinevi.com.tr\/index.php\/wp-json\/wp\/v2\/types\/product"}],"wp:attachment":[{"href":"https:\/\/roveyayinevi.com.tr\/index.php\/wp-json\/wp\/v2\/media?parent=784853"}],"wp:term":[{"taxonomy":"product_brand","embeddable":true,"href":"https:\/\/roveyayinevi.com.tr\/index.php\/wp-json\/wp\/v2\/product_brand?post=784853"},{"taxonomy":"product_cat","embeddable":true,"href":"https:\/\/roveyayinevi.com.tr\/index.php\/wp-json\/wp\/v2\/product_cat?post=784853"},{"taxonomy":"product_tag","embeddable":true,"href":"https:\/\/roveyayinevi.com.tr\/index.php\/wp-json\/wp\/v2\/product_tag?post=784853"}],"curies":[{"name":"wp","href":"https:\/\/api.w.org\/{rel}","templated":true}]}}