{"id":784851,"date":"2026-03-15T02:52:43","date_gmt":"2026-03-14T23:52:43","guid":{"rendered":"https:\/\/roveyayinevi.com.tr\/index.php\/urun\/turk-dis-politikasinin-guvenlik-gundemi\/"},"modified":"2026-04-16T02:52:55","modified_gmt":"2026-04-15T23:52:55","slug":"turk-dis-politikasinin-guvenlik-gundemi","status":"publish","type":"product","link":"https:\/\/roveyayinevi.com.tr\/index.php\/urun\/turk-dis-politikasinin-guvenlik-gundemi\/","title":{"rendered":"T\u00fcrk D\u0131\u015f Politikas\u0131n\u0131n G\u00fcvenlik G\u00fcndemi"},"content":{"rendered":"<p>Son y\u0131llarda uluslararas\u0131 ve b\u00f6lgesel sistem d\u00fczeyinde ya\u015fanan geli\u015fmeler, T\u00fcrkiye\u2019nin d\u0131\u015f politika g\u00fcndeminde \u00f6nemli tart\u0131\u015fmalar\u0131 beraberinde getirdi. Hali haz\u0131rdaki meydan okumalar\u0131 ele almak amac\u0131yla bir \u00e7al\u0131\u015ftayda bir araya gelen alan\u0131nda uzman isimler, b\u00f6lgesel politikalarda ve transatlantik ili\u015fkilerde ya\u015fanan de\u011fi\u015fimler yan\u0131 s\u0131ra, d\u0131\u015f politikan\u0131n icras\u0131nda askeri enstr\u00fcmanlar\u0131n artan rol\u00fc ve enerji d\u00f6n\u00fc\u015f\u00fcm\u00fcn\u00fcn g\u00fcvenlik etkilerini detayl\u0131 bir \u015fekilde inceledi. T\u00fcrk d\u0131\u015f ve g\u00fcvenlik politikalar\u0131n\u0131n kar\u015f\u0131 kar\u015f\u0131ya kald\u0131\u011f\u0131 zorlu meydan okumalara ili\u015fkin bu \u00e7al\u0131\u015ftaydaki tart\u0131\u015fmalar, bu derleme kitapta okuyuculara sunulmaktad\u0131r. The recent developments at the international and regional systemic levels have given way to major discussions on Turkey\u2019s foreign policy agenda. A recent workshop brought together experts to dwell on the current challenges, where they examined in detail the changes in regional policies and Transatlantic relations, as well as the growing role of military instruments in the conduct of foreign policy and the security implication of energy transition. This edited  volume brings together the discussions on this workshop pertaining to the challenges before Turkey\u2019s foreign and security policies.<\/p>\n","protected":false},"excerpt":{"rendered":"<p>Son y\u0131llarda uluslararas\u0131 ve b\u00f6lgesel sistem d\u00fczeyinde ya\u015fanan geli\u015fmeler, T\u00fcrkiye\u2019nin d\u0131\u015f politika g\u00fcndeminde \u00f6nemli tart\u0131\u015fmalar\u0131 beraberinde getirdi. Hali haz\u0131rdaki meydan okumalar\u0131 ele almak amac\u0131yla bir \u00e7al\u0131\u015ftayda<span class=\"excerpt-hellip\"> [\u2026]<\/span><\/p>\n","protected":false},"featured_media":0,"template":"","meta":{"_monsterinsights_skip_tracking":false,"_monsterinsights_sitenote_active":false,"_monsterinsights_sitenote_note":"","_monsterinsights_sitenote_category":0},"product_brand":[],"product_cat":[13059,12337],"product_tag":[],"class_list":{"0":"post-784851","1":"product","2":"type-product","3":"status-publish","5":"product_cat-diger-politika-siyaset","6":"product_cat-politika-siyaset","7":"pa_cilt-ciltsiz","8":"pa_tur-kitap","9":"pa_yayinevi-orient-yayin","10":"pa_yazar-orient-yayinlari-kolektif","12":"first","13":"instock","14":"sale","15":"shipping-taxable","16":"purchasable","17":"product-type-simple"},"_links":{"self":[{"href":"https:\/\/roveyayinevi.com.tr\/index.php\/wp-json\/wp\/v2\/product\/784851","targetHints":{"allow":["GET"]}}],"collection":[{"href":"https:\/\/roveyayinevi.com.tr\/index.php\/wp-json\/wp\/v2\/product"}],"about":[{"href":"https:\/\/roveyayinevi.com.tr\/index.php\/wp-json\/wp\/v2\/types\/product"}],"wp:attachment":[{"href":"https:\/\/roveyayinevi.com.tr\/index.php\/wp-json\/wp\/v2\/media?parent=784851"}],"wp:term":[{"taxonomy":"product_brand","embeddable":true,"href":"https:\/\/roveyayinevi.com.tr\/index.php\/wp-json\/wp\/v2\/product_brand?post=784851"},{"taxonomy":"product_cat","embeddable":true,"href":"https:\/\/roveyayinevi.com.tr\/index.php\/wp-json\/wp\/v2\/product_cat?post=784851"},{"taxonomy":"product_tag","embeddable":true,"href":"https:\/\/roveyayinevi.com.tr\/index.php\/wp-json\/wp\/v2\/product_tag?post=784851"}],"curies":[{"name":"wp","href":"https:\/\/api.w.org\/{rel}","templated":true}]}}