{"id":784850,"date":"2026-03-15T02:49:02","date_gmt":"2026-03-14T23:49:02","guid":{"rendered":"https:\/\/roveyayinevi.com.tr\/index.php\/urun\/osmanlidan-gunumuze-turkiyede-siyaset-toplum-ve-kultur\/"},"modified":"2026-04-16T02:48:36","modified_gmt":"2026-04-15T23:48:36","slug":"osmanlidan-gunumuze-turkiyede-siyaset-toplum-ve-kultur","status":"publish","type":"product","link":"https:\/\/roveyayinevi.com.tr\/index.php\/urun\/osmanlidan-gunumuze-turkiyede-siyaset-toplum-ve-kultur\/","title":{"rendered":"Osmanl\u0131&#8217;dan G\u00fcn\u00fcm\u00fcze  T\u00fcrkiye\u2019de Siyaset,  Toplum Ve K\u00fclt\u00fcr"},"content":{"rendered":"<p>T\u00fcrkiye toplumunun siyaset alg\u0131s\u0131 Siyasete olumsuz bak\u0131\u015f\u0131n sebepleri ve sonu\u00e7lar\u0131 Siyaset tarihimizin sosyo-ekonomik analizi \u0130ki farkl\u0131 burjuvan\u0131n do\u011fu\u015fu ve geli\u015fimi Modernle\u015fme ve toplumsal haf\u0131za Yahya Kemal\u2019de toplumsal haf\u0131za Toplumsal haf\u0131za, mek\u00e2n, mimari ve m\u00fczik Toplumsal de\u011fi\u015fme: Ni\u00e7in, nas\u0131l, nereye? K\u00fclt\u00fcr, dil, ideoloji ve devrim       Cemil Meri\u00e7\u2019te k\u00fclt\u00fcr, uygarl\u0131k, umran ve irfan Laiklik dilimize neden \u00e7evrilemiyor? Sivil toplum ve askeri vesayet            Sezai Karako\u00e7\u2019ta siyaset ve toplum                <\/p>\n","protected":false},"excerpt":{"rendered":"<p>T\u00fcrkiye toplumunun siyaset alg\u0131s\u0131 Siyasete olumsuz bak\u0131\u015f\u0131n sebepleri ve sonu\u00e7lar\u0131 Siyaset tarihimizin sosyo-ekonomik analizi \u0130ki farkl\u0131 burjuvan\u0131n do\u011fu\u015fu ve geli\u015fimi Modernle\u015fme ve toplumsal haf\u0131za Yahya Kemal\u2019de<span class=\"excerpt-hellip\"> [\u2026]<\/span><\/p>\n","protected":false},"featured_media":0,"template":"","meta":{"_monsterinsights_skip_tracking":false,"_monsterinsights_sitenote_active":false,"_monsterinsights_sitenote_note":"","_monsterinsights_sitenote_category":0},"product_brand":[],"product_cat":[12337],"product_tag":[],"class_list":{"0":"post-784850","1":"product","2":"type-product","3":"status-publish","5":"product_cat-politika-siyaset","6":"pa_cilt-ciltsiz","7":"pa_tur-kitap","8":"pa_yayinevi-kadim-yayinlari","9":"pa_yazar-cemal-fedayi","11":"first","12":"instock","13":"sale","14":"shipping-taxable","15":"purchasable","16":"product-type-simple"},"_links":{"self":[{"href":"https:\/\/roveyayinevi.com.tr\/index.php\/wp-json\/wp\/v2\/product\/784850","targetHints":{"allow":["GET"]}}],"collection":[{"href":"https:\/\/roveyayinevi.com.tr\/index.php\/wp-json\/wp\/v2\/product"}],"about":[{"href":"https:\/\/roveyayinevi.com.tr\/index.php\/wp-json\/wp\/v2\/types\/product"}],"wp:attachment":[{"href":"https:\/\/roveyayinevi.com.tr\/index.php\/wp-json\/wp\/v2\/media?parent=784850"}],"wp:term":[{"taxonomy":"product_brand","embeddable":true,"href":"https:\/\/roveyayinevi.com.tr\/index.php\/wp-json\/wp\/v2\/product_brand?post=784850"},{"taxonomy":"product_cat","embeddable":true,"href":"https:\/\/roveyayinevi.com.tr\/index.php\/wp-json\/wp\/v2\/product_cat?post=784850"},{"taxonomy":"product_tag","embeddable":true,"href":"https:\/\/roveyayinevi.com.tr\/index.php\/wp-json\/wp\/v2\/product_tag?post=784850"}],"curies":[{"name":"wp","href":"https:\/\/api.w.org\/{rel}","templated":true}]}}