{"id":784847,"date":"2026-03-15T02:48:30","date_gmt":"2026-03-14T23:48:30","guid":{"rendered":"https:\/\/roveyayinevi.com.tr\/index.php\/urun\/pragmata-siyaset-ucgeni-pragmatizm-cilt-1\/"},"modified":"2026-04-16T02:47:37","modified_gmt":"2026-04-15T23:47:37","slug":"pragmata-siyaset-ucgeni-pragmatizm-cilt-1","status":"publish","type":"product","link":"https:\/\/roveyayinevi.com.tr\/index.php\/urun\/pragmata-siyaset-ucgeni-pragmatizm-cilt-1\/","title":{"rendered":"Pragmata Siyaset \u00dc\u00e7geni Pragmatizm Cilt 1"},"content":{"rendered":"<p>Ba\u015f\u0131ndan beri ilkeleri ve kurallar\u0131 belirgin bir amaca ula\u015fmak suretiyle nihayete erecek bir ak\u0131m olarak tasarlanmad\u0131\u011f\u0131 halde pragmatizm bir kuram olmaktan \u00e7ok bir yakla\u015f\u0131m, ya\u015fam\u0131n b\u00fct\u00fcn\u00fcn\u00fc kavramaya yeltenen bir \u2018sistem\u2019 olmaktan \u00e7ok onu anlamaya yarayan bir \u2018ara\u00e7\u2019\/y\u00f6ntem olarak her d\u00f6nemde ve her alanda kendisine tarz-\u0131 hayat ve tarz-\u0131 siyaset olarak etkin, yayg\u0131n ve yo\u011fun bir yer bulabilmi\u015ftir.   Pragmatizm, Peirce i\u00e7in Kant\u2019la, James i\u00e7in \u0130ngiliz ampirizmi ve faydac\u0131l\u0131\u011f\u0131yla, Dewey i\u00e7in Darwin\u2019le, Rorty i\u00e7inse Novalis\u2019le birlikte de\u011ferlendirilen ve kendisine hangi a\u00e7\u0131dan yakla\u015f\u0131ld\u0131\u011f\u0131na g\u00f6re de\u011fi\u015fik anlamlara b\u00fcr\u00fcnen \u2018Faust\u2019un aynas\u0131\u2019 ve kendisini her t\u00fcrden pop\u00fclist siyaset ve hegemon d\u00fc\u015f\u00fcnce ve eylem ile konforme edip uyarlayabilen\/renklendirebilen \u2018Bukalemun\u2019 \u00f6zelli\u011fi ta\u015f\u0131yan bir d\u00fc\u015f\u00fcnce, k\u00fclt\u00fcr ve siyaset gelene\u011fi olarak kabul edilmi\u015ftir.   Elinizdeki kitap pragmatizm kavram\u0131n\u0131n modern d\u00f6nem tarihsel ve felsefik k\u00f6kenlerinden g\u00fcn\u00fcm\u00fcze kadar geli\u015fim a\u015famalar\u0131n\u0131 incelemeyi ama\u00e7l\u0131yor.<\/p>\n","protected":false},"excerpt":{"rendered":"<p>Ba\u015f\u0131ndan beri ilkeleri ve kurallar\u0131 belirgin bir amaca ula\u015fmak suretiyle nihayete erecek bir ak\u0131m olarak tasarlanmad\u0131\u011f\u0131 halde pragmatizm bir kuram olmaktan \u00e7ok bir yakla\u015f\u0131m, ya\u015fam\u0131n b\u00fct\u00fcn\u00fcn\u00fc<span class=\"excerpt-hellip\"> [\u2026]<\/span><\/p>\n","protected":false},"featured_media":0,"template":"","meta":{"_monsterinsights_skip_tracking":false,"_monsterinsights_sitenote_active":false,"_monsterinsights_sitenote_note":"","_monsterinsights_sitenote_category":0},"product_brand":[],"product_cat":[12337,14706],"product_tag":[],"class_list":{"0":"post-784847","1":"product","2":"type-product","3":"status-publish","5":"product_cat-politika-siyaset","6":"product_cat-siyaset-bilimi","7":"pa_cilt-ciltsiz","8":"pa_tur-kitap","9":"pa_yayinevi-kadim-yayinlari","10":"pa_yazar-halis-cetin","12":"first","13":"instock","14":"sale","15":"shipping-taxable","16":"purchasable","17":"product-type-simple"},"_links":{"self":[{"href":"https:\/\/roveyayinevi.com.tr\/index.php\/wp-json\/wp\/v2\/product\/784847","targetHints":{"allow":["GET"]}}],"collection":[{"href":"https:\/\/roveyayinevi.com.tr\/index.php\/wp-json\/wp\/v2\/product"}],"about":[{"href":"https:\/\/roveyayinevi.com.tr\/index.php\/wp-json\/wp\/v2\/types\/product"}],"wp:attachment":[{"href":"https:\/\/roveyayinevi.com.tr\/index.php\/wp-json\/wp\/v2\/media?parent=784847"}],"wp:term":[{"taxonomy":"product_brand","embeddable":true,"href":"https:\/\/roveyayinevi.com.tr\/index.php\/wp-json\/wp\/v2\/product_brand?post=784847"},{"taxonomy":"product_cat","embeddable":true,"href":"https:\/\/roveyayinevi.com.tr\/index.php\/wp-json\/wp\/v2\/product_cat?post=784847"},{"taxonomy":"product_tag","embeddable":true,"href":"https:\/\/roveyayinevi.com.tr\/index.php\/wp-json\/wp\/v2\/product_tag?post=784847"}],"curies":[{"name":"wp","href":"https:\/\/api.w.org\/{rel}","templated":true}]}}