{"id":784844,"date":"2026-03-15T02:47:57","date_gmt":"2026-03-14T23:47:57","guid":{"rendered":"https:\/\/roveyayinevi.com.tr\/index.php\/urun\/15-temmuz-darbe-girisimi-hatirladiklarimiz-ve-hatirlayacaklarimiz\/"},"modified":"2026-04-16T02:46:48","modified_gmt":"2026-04-15T23:46:48","slug":"15-temmuz-darbe-girisimi-hatirladiklarimiz-ve-hatirlayacaklarimiz","status":"publish","type":"product","link":"https:\/\/roveyayinevi.com.tr\/index.php\/urun\/15-temmuz-darbe-girisimi-hatirladiklarimiz-ve-hatirlayacaklarimiz\/","title":{"rendered":"15 Temmuz Darbe Giri\u015fimi Hat\u0131rlad\u0131klar\u0131m\u0131z ve Hat\u0131rlayacaklar\u0131m\u0131z"},"content":{"rendered":"<p>\u201cHayat, insan\u0131n ya\u015fad\u0131klar\u0131 de\u011fildir; aslolan hat\u0131rlad\u0131\u011f\u0131 ve anlatmak i\u00e7in nas\u0131l hat\u0131rlad\u0131\u011f\u0131d\u0131r\u2026\u201d- Gabriel Garcia MarquezNe oldu\u011funu ve neden-nas\u0131l oldu\u011funu anlatabilmek i\u00e7in \u00f6nce hat\u0131rlamak gerekir. Hat\u0131rlamak, bug\u00fcn\u00fc kuran anlamlara geri d\u00f6nmektir. Bug\u00fcn, asl\u0131nda bir anlamda ge\u00e7mi\u015fte; ge\u00e7mi\u015fin s\u00fcreklili\u011finde kurulur. Zira insan davran\u0131\u015flar\u0131, dura\u011fan bir toplumsall\u0131\u011f\u0131n olmad\u0131\u011f\u0131n\u0131; insanlar\u0131n, i\u00e7inde ya\u015fad\u0131klar\u0131 ve yeti\u015ftikleri toplum, tarihsel anlat\u0131 ve ger\u00e7eklik taraf\u0131ndan etkilendiklerini, hatta \u015fekillendirildiklerini g\u00f6stermektedir. 15 Temmuz da, b\u00f6ylesi bir ge\u00e7mi\u015fin, hat\u0131rlaman\u0131n izlerini ta\u015f\u0131r. Ne var ki, bu hat\u0131rlama ac\u0131 vericidir, \u0131st\u0131rapl\u0131d\u0131r.Topluma vek\u00e2let eden devlet ve ona h\u00fckmeden siyasal se\u00e7kinler, \u201cilerleme\u201d misyonu \u00e7er\u00e7evesinde toplumu d\u00f6n\u00fc\u015ft\u00fcrmeye \u00e7abalam\u0131\u015flar; buna kar\u015f\u0131 zaman zaman ortaya \u00e7\u0131kan direnci de farkl\u0131 y\u00f6ntemleri (mesela darbeleri) kullanarak bast\u0131rmaya \u00e7al\u0131\u015fm\u0131\u015flard\u0131r. Dolay\u0131s\u0131yla bug\u00fcn\u00fc, \u00f6zelde de 15 Temmuz\u2019u kuran anlamlar\u0131 biraz da bu ge\u00e7mi\u015fte aramak gerekir.<\/p>\n","protected":false},"excerpt":{"rendered":"<p>\u201cHayat, insan\u0131n ya\u015fad\u0131klar\u0131 de\u011fildir; aslolan hat\u0131rlad\u0131\u011f\u0131 ve anlatmak i\u00e7in nas\u0131l hat\u0131rlad\u0131\u011f\u0131d\u0131r\u2026\u201d- Gabriel Garcia MarquezNe oldu\u011funu ve neden-nas\u0131l oldu\u011funu anlatabilmek i\u00e7in \u00f6nce hat\u0131rlamak gerekir. Hat\u0131rlamak, bug\u00fcn\u00fc kuran<span class=\"excerpt-hellip\"> [\u2026]<\/span><\/p>\n","protected":false},"featured_media":0,"template":"","meta":{"_monsterinsights_skip_tracking":false,"_monsterinsights_sitenote_active":false,"_monsterinsights_sitenote_note":"","_monsterinsights_sitenote_category":0},"product_brand":[],"product_cat":[12337,14543],"product_tag":[],"class_list":{"0":"post-784844","1":"product","2":"type-product","3":"status-publish","5":"product_cat-politika-siyaset","6":"product_cat-turkiye-siyaseti-ve-politikasi","7":"pa_cilt-ciltsiz","8":"pa_tur-kitap","9":"pa_yayinevi-kadim-yayinlari","10":"pa_yazar-fatih-ertugay","12":"first","13":"instock","14":"sale","15":"shipping-taxable","16":"purchasable","17":"product-type-simple"},"_links":{"self":[{"href":"https:\/\/roveyayinevi.com.tr\/index.php\/wp-json\/wp\/v2\/product\/784844","targetHints":{"allow":["GET"]}}],"collection":[{"href":"https:\/\/roveyayinevi.com.tr\/index.php\/wp-json\/wp\/v2\/product"}],"about":[{"href":"https:\/\/roveyayinevi.com.tr\/index.php\/wp-json\/wp\/v2\/types\/product"}],"wp:attachment":[{"href":"https:\/\/roveyayinevi.com.tr\/index.php\/wp-json\/wp\/v2\/media?parent=784844"}],"wp:term":[{"taxonomy":"product_brand","embeddable":true,"href":"https:\/\/roveyayinevi.com.tr\/index.php\/wp-json\/wp\/v2\/product_brand?post=784844"},{"taxonomy":"product_cat","embeddable":true,"href":"https:\/\/roveyayinevi.com.tr\/index.php\/wp-json\/wp\/v2\/product_cat?post=784844"},{"taxonomy":"product_tag","embeddable":true,"href":"https:\/\/roveyayinevi.com.tr\/index.php\/wp-json\/wp\/v2\/product_tag?post=784844"}],"curies":[{"name":"wp","href":"https:\/\/api.w.org\/{rel}","templated":true}]}}