{"id":784843,"date":"2026-03-15T02:47:55","date_gmt":"2026-03-14T23:47:55","guid":{"rendered":"https:\/\/roveyayinevi.com.tr\/index.php\/urun\/15-temmuz-darbe-girisimi-bati-medyasi-soylem-analizi\/"},"modified":"2026-04-16T02:46:48","modified_gmt":"2026-04-15T23:46:48","slug":"15-temmuz-darbe-girisimi-bati-medyasi-soylem-analizi","status":"publish","type":"product","link":"https:\/\/roveyayinevi.com.tr\/index.php\/urun\/15-temmuz-darbe-girisimi-bati-medyasi-soylem-analizi\/","title":{"rendered":"15 Temmuz Darbe Giri\u015fimi Bat\u0131 Medyas\u0131 S\u00f6ylem Analizi"},"content":{"rendered":"<p>Bat\u0131\u2019daki T\u00fcrk-\u0130slam ve kad\u0131n alg\u0131s\u0131 \u00fczerine uzman akademisyen Yrd. Do\u00e7. Dr. Filiz Bar\u0131n Akman, Bat\u0131 medyas\u0131n\u0131n 15 Temmuz menfur darbe giri\u015fimi ve darbe kar\u015f\u0131t\u0131 T\u00fcrk halk\u0131 hakk\u0131nda tak\u0131nd\u0131\u011f\u0131 Oryantalist, \u0130slamofobik ve Neo-emperyalist tavr\u0131n\u0131 ve bu do\u011frultuda olu\u015fturdu\u011fu 15 Temmuz darbe alg\u0131s\u0131n\u0131 g\u00f6zler \u00f6n\u00fcne seriyor. Edward Said\u2019in Postkolonyalizm\/Oryantalizm kuram\u0131n\u0131 Bat\u0131\u2019n\u0131n 15 Temmuz\u2019daki yakla\u015f\u0131m\u0131na uygulayan yazar, Amerikan ve \u0130ngiliz bas\u0131n kurulu\u015flar\u0131n\u0131n ba\u015f\u0131 \u00e7ekti\u011fi Bat\u0131 medyas\u0131nda, bu konuda \u00f6ne \u00e7\u0131kan haberleri bir akademisyen titizli\u011fiyle inceleyerek bu alanda eksikli\u011fi hissedilen \u00f6nemli bir bo\u015flu\u011fu dolduruyor.\u201cT\u00fcrkiye\u2019nin ger\u00e7eklerine kar\u015f\u0131 Bat\u0131\u2019n\u0131n kurgular\u0131\u201d ana fikrinden \u00e7\u0131k\u0131larak haz\u0131rlanan bu kitap, darbe giri\u015fiminin yanl\u0131\u015f lanse edilmesinden kaynaklanan ve T\u00fcrkiye\u2019yi ve darbe kar\u015f\u0131t\u0131 halk\u0131 karalama safhalar\u0131na ula\u015fan bu Oryantalist alg\u0131lar konusunda, d\u00fcnya kamuoyunu T\u00fcrkiye\u2019nin ger\u00e7ekleri hakk\u0131nda bilgilendirip uluslararas\u0131 destek ve anlay\u0131\u015f (solidarity) yaratmay\u0131 da hedeflemektedir. Ara\u015ft\u0131rman\u0131n sonucunda, 15 Temmuz darbe giri\u015fimi ba\u011flam\u0131nda Bat\u0131 medyas\u0131n\u0131n bir sava\u015f enstr\u00fcman\u0131 olarak kullan\u0131ld\u0131\u011f\u0131 belirlenmi\u015ftir. Bu nedenle, bu ara\u015ft\u0131rman\u0131n ana hedeflerinden biri de bu Neo-emperyalist sald\u0131rgan tutumlar\u0131 de\u015fifre ederek T\u00fcrkiye\u2019nin milli \u00e7\u0131karlar\u0131n\u0131 ve s\u00f6m\u00fcrgeci sald\u0131r\u0131lara kar\u015f\u0131 ba\u011f\u0131ms\u0131zl\u0131\u011f\u0131n\u0131 korunmadaki bilincini ve fark\u0131ndal\u0131\u011f\u0131n\u0131 artt\u0131rmak olmu\u015ftur. Ayr\u0131ca bu tip yanl\u0131\u015f ve kas\u0131tl\u0131 yakla\u015f\u0131mlar nedeniyle zedelenen Do\u011fu-Bat\u0131 toplumlar\u0131 aras\u0131ndaki bar\u0131\u015f potansiyelini fark\u0131ndal\u0131k yaratarak geli\u015ftirmeye \u00e7al\u0131\u015fmak da \u00f6nemli bir hedeftir.Bu kitap, Bat\u0131 medyas\u0131n\u0131n 15 Temmuz darbe giri\u015fimi hakk\u0131ndaki Oryantalist ve \u00f6tekile\u015ftirici tavr\u0131n\u0131 akademik bir \u00fcslup ve kan\u0131tlarla ispat ediyor.Elinizdeki bu kitap onlarca haber kayna\u011f\u0131ndan y\u00fczlerce haber analiz edilerek haz\u0131rlanm\u0131\u015ft\u0131r.<\/p>\n","protected":false},"excerpt":{"rendered":"<p>Bat\u0131\u2019daki T\u00fcrk-\u0130slam ve kad\u0131n alg\u0131s\u0131 \u00fczerine uzman akademisyen Yrd. Do\u00e7. Dr. Filiz Bar\u0131n Akman, Bat\u0131 medyas\u0131n\u0131n 15 Temmuz menfur darbe giri\u015fimi ve darbe kar\u015f\u0131t\u0131 T\u00fcrk halk\u0131<span class=\"excerpt-hellip\"> [\u2026]<\/span><\/p>\n","protected":false},"featured_media":0,"template":"","meta":{"_monsterinsights_skip_tracking":false,"_monsterinsights_sitenote_active":false,"_monsterinsights_sitenote_note":"","_monsterinsights_sitenote_category":0},"product_brand":[],"product_cat":[12337,14543],"product_tag":[],"class_list":{"0":"post-784843","1":"product","2":"type-product","3":"status-publish","5":"product_cat-politika-siyaset","6":"product_cat-turkiye-siyaseti-ve-politikasi","7":"pa_cilt-ciltsiz","8":"pa_tur-kitap","9":"pa_yayinevi-kadim-yayinlari","10":"pa_yazar-filiz-barin-akman","12":"first","13":"instock","14":"sale","15":"shipping-taxable","16":"purchasable","17":"product-type-simple"},"_links":{"self":[{"href":"https:\/\/roveyayinevi.com.tr\/index.php\/wp-json\/wp\/v2\/product\/784843","targetHints":{"allow":["GET"]}}],"collection":[{"href":"https:\/\/roveyayinevi.com.tr\/index.php\/wp-json\/wp\/v2\/product"}],"about":[{"href":"https:\/\/roveyayinevi.com.tr\/index.php\/wp-json\/wp\/v2\/types\/product"}],"wp:attachment":[{"href":"https:\/\/roveyayinevi.com.tr\/index.php\/wp-json\/wp\/v2\/media?parent=784843"}],"wp:term":[{"taxonomy":"product_brand","embeddable":true,"href":"https:\/\/roveyayinevi.com.tr\/index.php\/wp-json\/wp\/v2\/product_brand?post=784843"},{"taxonomy":"product_cat","embeddable":true,"href":"https:\/\/roveyayinevi.com.tr\/index.php\/wp-json\/wp\/v2\/product_cat?post=784843"},{"taxonomy":"product_tag","embeddable":true,"href":"https:\/\/roveyayinevi.com.tr\/index.php\/wp-json\/wp\/v2\/product_tag?post=784843"}],"curies":[{"name":"wp","href":"https:\/\/api.w.org\/{rel}","templated":true}]}}