{"id":784842,"date":"2026-03-15T02:47:54","date_gmt":"2026-03-14T23:47:54","guid":{"rendered":"https:\/\/roveyayinevi.com.tr\/index.php\/urun\/aydinlanma-elestirisinden-devrim-karsitligina-edmund-burke\/"},"modified":"2026-04-16T02:46:48","modified_gmt":"2026-04-15T23:46:48","slug":"aydinlanma-elestirisinden-devrim-karsitligina-edmund-burke","status":"publish","type":"product","link":"https:\/\/roveyayinevi.com.tr\/index.php\/urun\/aydinlanma-elestirisinden-devrim-karsitligina-edmund-burke\/","title":{"rendered":"Ayd\u0131nlanma Ele\u015ftirisinden Devrim Kar\u015f\u0131tl\u0131\u011f\u0131na &#8211; Edmund Burke"},"content":{"rendered":"<p>G\u00fcn\u00fcm\u00fczde, bir versiyonu post-modernizm ad\u0131 alt\u0131nda dile getirilen muhafazak\u00e2rl\u0131k ya da liberal muhafazakarl\u0131k, Ayd\u0131nlanma\u2019yla hesapla\u015farak, Ayd\u0131nlanma\u2019ya \u00f6zg\u00fclle\u015ftirilen g\u00f6r\u00fc\u015fleri, anlay\u0131\u015flar\u0131, de\u011ferleri yads\u0131yarak kendi savlar\u0131n\u0131 ortaya koymaktad\u0131r. Oysa bu i\u015f, 200 y\u0131l \u00f6ncesinden Burke taraf\u0131ndan ger\u00e7ekle\u015ftirilmi\u015ftir zaten dolay\u0131s\u0131yla, g\u00fcn\u00fcm\u00fcz\u00fcn muhafazakar ya da post-modern ideolojisi, Burke\u2019\u00fcn d\u00fc\u015f\u00fcncelerini yeniden \u0131s\u0131t\u0131p g\u00fcn\u00fcn ko\u015fullar\u0131 ve sorunsallar\u0131 do\u011frultusunda servis etmekten ba\u015fka bir \u015fey yapm\u0131yor asl\u0131nda.Zaten Bat\u0131\u2019da Burke hakk\u0131nda \u00e7ok say\u0131da \u00e7al\u0131\u015fma yap\u0131l\u0131p kitap yay\u0131mlanmas\u0131n\u0131n nedeni de bu. Oysa T\u00fcrkiye\u2019de, bu konuda hem telif hem \u00e7eviri kitap bak\u0131m\u0131ndan b\u00fcy\u00fck bir bo\u015fluk oldu\u011fu g\u00f6zlemleniyor. \u0130\u015fte Fatih Duman\u2019\u0131n elinizdeki yap\u0131t\u0131, bu bo\u015flu\u011fu belli bir \u00f6l\u00e7\u00fcde dolduracak bir \u00e7al\u0131\u015fma niteli\u011fi ta\u015f\u0131yor. Ayr\u0131ca bu konuya ilgi duyulmas\u0131n\u0131 sa\u011flay\u0131p Burke hakk\u0131nda ve tabi\u00ee Burke ile g\u00fcn\u00fcm\u00fcz muhafazak\u00e2rl\u0131\u011f\u0131n\u0131n ili\u015fkisi hakk\u0131nda ba\u015fka \u00e7al\u0131\u015fmalar\u0131n yap\u0131lmas\u0131na yol a\u00e7aca\u011f\u0131 da umut edilebilir.Burke\u2019\u00fcn d\u00fc\u015f\u00fcncelerini hem tarihsellikleri hem de bu tarihselli\u011fi a\u015fan boyutlar\u0131 i\u00e7inde bir b\u00fct\u00fcn olarak kavramak ve bu d\u00fc\u015f\u00fcncelerin miras\u0131 \u00fczerinde yap\u0131lanan muhafazak\u00e2r gelene\u011fi (ve onun g\u00fcn\u00fcm\u00fczdeki uzant\u0131lar\u0131 olup neo-muhafazakarl\u0131k, liberal-muhafazak\u00e2rl\u0131k ya da post-modernizm olarak adland\u0131r\u0131lan ideolojileri) daha iyi anlamak istiyorsan\u0131z, bundan sonraki sayfalar\u0131 \u00e7evirmeye ba\u015flay\u0131n\u0131z.<\/p>\n","protected":false},"excerpt":{"rendered":"<p>G\u00fcn\u00fcm\u00fczde, bir versiyonu post-modernizm ad\u0131 alt\u0131nda dile getirilen muhafazak\u00e2rl\u0131k ya da liberal muhafazakarl\u0131k, Ayd\u0131nlanma\u2019yla hesapla\u015farak, Ayd\u0131nlanma\u2019ya \u00f6zg\u00fclle\u015ftirilen g\u00f6r\u00fc\u015fleri, anlay\u0131\u015flar\u0131, de\u011ferleri yads\u0131yarak kendi savlar\u0131n\u0131 ortaya koymaktad\u0131r. Oysa<span class=\"excerpt-hellip\"> [\u2026]<\/span><\/p>\n","protected":false},"featured_media":0,"template":"","meta":{"_monsterinsights_skip_tracking":false,"_monsterinsights_sitenote_active":false,"_monsterinsights_sitenote_note":"","_monsterinsights_sitenote_category":0},"product_brand":[],"product_cat":[13590,12337],"product_tag":[],"class_list":{"0":"post-784842","1":"product","2":"type-product","3":"status-publish","5":"product_cat-arastirma-inceleme-politika-siyaset","6":"product_cat-politika-siyaset","7":"pa_cilt-ciltsiz","8":"pa_tur-kitap","9":"pa_yayinevi-kadim-yayinlari","10":"pa_yazar-fatih-duman","12":"first","13":"instock","14":"sale","15":"shipping-taxable","16":"purchasable","17":"product-type-simple"},"_links":{"self":[{"href":"https:\/\/roveyayinevi.com.tr\/index.php\/wp-json\/wp\/v2\/product\/784842","targetHints":{"allow":["GET"]}}],"collection":[{"href":"https:\/\/roveyayinevi.com.tr\/index.php\/wp-json\/wp\/v2\/product"}],"about":[{"href":"https:\/\/roveyayinevi.com.tr\/index.php\/wp-json\/wp\/v2\/types\/product"}],"wp:attachment":[{"href":"https:\/\/roveyayinevi.com.tr\/index.php\/wp-json\/wp\/v2\/media?parent=784842"}],"wp:term":[{"taxonomy":"product_brand","embeddable":true,"href":"https:\/\/roveyayinevi.com.tr\/index.php\/wp-json\/wp\/v2\/product_brand?post=784842"},{"taxonomy":"product_cat","embeddable":true,"href":"https:\/\/roveyayinevi.com.tr\/index.php\/wp-json\/wp\/v2\/product_cat?post=784842"},{"taxonomy":"product_tag","embeddable":true,"href":"https:\/\/roveyayinevi.com.tr\/index.php\/wp-json\/wp\/v2\/product_tag?post=784842"}],"curies":[{"name":"wp","href":"https:\/\/api.w.org\/{rel}","templated":true}]}}