{"id":784841,"date":"2026-03-15T02:47:52","date_gmt":"2026-03-14T23:47:52","guid":{"rendered":"https:\/\/roveyayinevi.com.tr\/index.php\/urun\/demokrasi-ve-muhafazakarlik\/"},"modified":"2026-04-16T02:46:48","modified_gmt":"2026-04-15T23:46:48","slug":"demokrasi-ve-muhafazakarlik","status":"publish","type":"product","link":"https:\/\/roveyayinevi.com.tr\/index.php\/urun\/demokrasi-ve-muhafazakarlik\/","title":{"rendered":"Demokrasi ve Muhafazakarl\u0131k"},"content":{"rendered":"<p>Bu \u00e7al\u0131\u015fma demokrasi ve muhafazak\u00e2rl\u0131k aras\u0131ndaki gerilimli alanlar\u0131\/ili\u015fkileri ve muhafazak\u00e2r d\u00fc\u015f\u00fcncenin\/ideolojinin demokrasi i\u00e7in ta\u015f\u0131d\u0131\u011f\u0131 riskleri\/imk\u00e2nlar\u0131 felsefi, toplumsal ve siyasal d\u00fczeyde de\u011ferlendirmeye odaklan\u0131yor. Burada farkl\u0131 demokrasi ve muhafazak\u00e2rl\u0131k anlay\u0131\u015flar\u0131n\u0131, toplumsal ve tarihsel ko\u015fullar\u0131 dikkate alan, indirgemeci ve tek yanl\u0131 olmayan bir perspektif \u00f6nem kazan\u0131yor.Y\u00f6neten ve y\u00f6netilenler aras\u0131ndaki \u00e7ok y\u00f6nl\u00fc ili\u015fkileri ifade eden siyasal sisteme dair bir kavramla\u015ft\u0131rma olan demokrasi ile muhafazak\u00e2rl\u0131k gibi bir t\u00fcr siyasal tutumu, d\u00fc\u015f\u00fcnceyi, zihniyeti ya da ideolojiyi anlatan kavram aras\u0131nda nas\u0131l bir ili\u015fki olabilir? Kar\u015f\u0131la\u015ft\u0131rmay\u0131 kolayla\u015ft\u0131racak ortak bir d\u00fczlemden mahrum olan ve kuramsal a\u00e7\u0131dan farkl\u0131 d\u00fczeylerde yer alan bu iki kavram, birbirini destekleyen yahut engelleyen ili\u015fkiler ba\u011flam\u0131nda \u00e7ok y\u00f6nl\u00fc bir etkile\u015fim i\u00e7indedir. Demokrasiyi hem zay\u0131flatan hem de g\u00fc\u00e7lendiren baz\u0131 \u00f6zellikleri\/de\u011ferleri b\u00fcnyesinde bar\u0131nd\u0131ran geni\u015f anlamda muhafazak\u00e2r d\u00fc\u015f\u00fcnceyi\/ideolojiyi merak ediyor ve daha iyi anlamak istiyorsan\u0131z, sayfalar\u0131 \u00e7evirmeye ba\u015flay\u0131n\u0131z\u2026<\/p>\n","protected":false},"excerpt":{"rendered":"<p>Bu \u00e7al\u0131\u015fma demokrasi ve muhafazak\u00e2rl\u0131k aras\u0131ndaki gerilimli alanlar\u0131\/ili\u015fkileri ve muhafazak\u00e2r d\u00fc\u015f\u00fcncenin\/ideolojinin demokrasi i\u00e7in ta\u015f\u0131d\u0131\u011f\u0131 riskleri\/imk\u00e2nlar\u0131 felsefi, toplumsal ve siyasal d\u00fczeyde de\u011ferlendirmeye odaklan\u0131yor. Burada farkl\u0131 demokrasi ve<span class=\"excerpt-hellip\"> [\u2026]<\/span><\/p>\n","protected":false},"featured_media":0,"template":"","meta":{"_monsterinsights_skip_tracking":false,"_monsterinsights_sitenote_active":false,"_monsterinsights_sitenote_note":"","_monsterinsights_sitenote_category":0},"product_brand":[],"product_cat":[13590,12337],"product_tag":[],"class_list":{"0":"post-784841","1":"product","2":"type-product","3":"status-publish","5":"product_cat-arastirma-inceleme-politika-siyaset","6":"product_cat-politika-siyaset","7":"pa_cilt-ciltsiz","8":"pa_tur-kitap","9":"pa_yayinevi-kadim-yayinlari","10":"pa_yazar-fatih-duman","12":"first","13":"instock","14":"sale","15":"shipping-taxable","16":"purchasable","17":"product-type-simple"},"_links":{"self":[{"href":"https:\/\/roveyayinevi.com.tr\/index.php\/wp-json\/wp\/v2\/product\/784841","targetHints":{"allow":["GET"]}}],"collection":[{"href":"https:\/\/roveyayinevi.com.tr\/index.php\/wp-json\/wp\/v2\/product"}],"about":[{"href":"https:\/\/roveyayinevi.com.tr\/index.php\/wp-json\/wp\/v2\/types\/product"}],"wp:attachment":[{"href":"https:\/\/roveyayinevi.com.tr\/index.php\/wp-json\/wp\/v2\/media?parent=784841"}],"wp:term":[{"taxonomy":"product_brand","embeddable":true,"href":"https:\/\/roveyayinevi.com.tr\/index.php\/wp-json\/wp\/v2\/product_brand?post=784841"},{"taxonomy":"product_cat","embeddable":true,"href":"https:\/\/roveyayinevi.com.tr\/index.php\/wp-json\/wp\/v2\/product_cat?post=784841"},{"taxonomy":"product_tag","embeddable":true,"href":"https:\/\/roveyayinevi.com.tr\/index.php\/wp-json\/wp\/v2\/product_tag?post=784841"}],"curies":[{"name":"wp","href":"https:\/\/api.w.org\/{rel}","templated":true}]}}