{"id":784839,"date":"2026-03-15T02:47:48","date_gmt":"2026-03-14T23:47:48","guid":{"rendered":"https:\/\/roveyayinevi.com.tr\/index.php\/urun\/sekulerlesme-tartismalari\/"},"modified":"2026-04-16T02:46:48","modified_gmt":"2026-04-15T23:46:48","slug":"sekulerlesme-tartismalari","status":"publish","type":"product","link":"https:\/\/roveyayinevi.com.tr\/index.php\/urun\/sekulerlesme-tartismalari\/","title":{"rendered":"Sek\u00fclerle\u015fme Tart\u0131\u015fmalar\u0131"},"content":{"rendered":"<p>Bu kitab\u0131n hik\u00e2yesi Uluslararas\u0131 Din Sosyolojisi Sempozyumu\u2019na dayanmaktad\u0131r. Bu sempozyumda yer alan iki oturum T\u00fcrkiye\u2019nin farkl\u0131 \u00fcniversitelerinden akademisyenlerin farkl\u0131 bak\u0131\u015f a\u00e7\u0131lar\u0131 ve iddialar ile bir araya gelip \u201csek\u00fclerle\u015fme\u201d kavram\u0131 etraf\u0131nda yapt\u0131klar\u0131 sunumlara ayr\u0131lm\u0131\u015ft\u0131. Sunumlar\u0131n g\u00f6rd\u00fc\u011f\u00fc ilgi, yazarlar\u0131n farkl\u0131 bak\u0131\u015f a\u00e7\u0131lar\u0131 ve yer yer birbirlerine y\u00f6nelttikleri ele\u015ftiriler, tart\u0131\u015fman\u0131n daha geni\u015f bir boyutta yap\u0131lmas\u0131n\u0131 zorunlu k\u0131ld\u0131. Bu kitap da bu tart\u0131\u015fmalar\u0131 kal\u0131c\u0131 hale getirmek ve geni\u015f kitleler ile payla\u015fmak i\u00e7in haz\u0131rland\u0131.\u201cSek\u00fclerle\u015fme\u201d, Bat\u0131 literat\u00fcr\u00fcnde 1960\u2019lardan itibaren din sosyolojisi alan\u0131n\u0131n en tart\u0131\u015fmal\u0131 konular\u0131ndan biri durumundad\u0131r. T\u00fcrkiye\u2019de ise hem akademide hem de yay\u0131n organlar\u0131nda sek\u00fclerle\u015fme kavram\u0131 yerine yak\u0131n ge\u00e7mi\u015fe kadar \u201cdinsizle\u015fme\u201d, \u201cateistle\u015fme\u201d, \u201claikle\u015fme\u201d ya da \u201csek\u00fclerizm\u201d gibi kavramlar kullan\u0131lmaktayd\u0131. Yanl\u0131\u015f kullan\u0131mdaki s\u0131k\u0131nt\u0131larla beraber, T\u00fcrk\u00e7e literat\u00fcrde ba\u015fl\u0131\u011f\u0131nda \u201csek\u00fclerle\u015fme\u201d kavram\u0131n\u0131n yer ald\u0131\u011f\u0131 kitap ve makale say\u0131s\u0131 da olduk\u00e7a s\u0131n\u0131rl\u0131d\u0131r. T\u00fcm bu dinamikler bir araya geldi\u011finde, bu kitap konuya ilgi duyanlar i\u00e7in \u00f6nemli bir kaynak olma potansiyeli ta\u015f\u0131maktad\u0131r.T\u00fcrkiye\u2019nin farkl\u0131 \u00fcniversitelerinde yer alan Besim Dellalo\u011flu, Halil Ayd\u0131nalp, Kemal Ataman, M. Ai Kirman, \u0130lkay \u015eahin, Osman Zahid \u00c7if\u00e7i, Behram Hasanov, Ekber \u015eah Ahmadi, Volkan Ertit, \u00d6mer Faruk Darende ve Hasan Sar\u0131 gibi akademisyenlerin \u201csek\u00fclerle\u015fme\u201d konusu ile ilgili olarak \u00e7al\u0131\u015fmalar\u0131n\u0131 biraraya getirdikleri bu eser, farkl\u0131 bak\u0131\u015f a\u00e7\u0131lar\u0131n\u0131n ve yakla\u015f\u0131mlar\u0131n okuyucuya toplu halde sunulmas\u0131na olanak sa\u011flam\u0131\u015ft\u0131r.Sek\u00fclerle\u015fme tart\u0131\u015fmalar\u0131n\u0131 beslemesi dile\u011fi ile\u2026 <\/p>\n","protected":false},"excerpt":{"rendered":"<p>Bu kitab\u0131n hik\u00e2yesi Uluslararas\u0131 Din Sosyolojisi Sempozyumu\u2019na dayanmaktad\u0131r. Bu sempozyumda yer alan iki oturum T\u00fcrkiye\u2019nin farkl\u0131 \u00fcniversitelerinden akademisyenlerin farkl\u0131 bak\u0131\u015f a\u00e7\u0131lar\u0131 ve iddialar ile bir araya<span class=\"excerpt-hellip\"> [\u2026]<\/span><\/p>\n","protected":false},"featured_media":0,"template":"","meta":{"_monsterinsights_skip_tracking":false,"_monsterinsights_sitenote_active":false,"_monsterinsights_sitenote_note":"","_monsterinsights_sitenote_category":0},"product_brand":[],"product_cat":[12351,12324],"product_tag":[],"class_list":{"0":"post-784839","1":"product","2":"type-product","3":"status-publish","5":"product_cat-siyaset-sosyolojisi","6":"product_cat-sosyoloji","7":"pa_cilt-ciltsiz","8":"pa_tur-kitap","9":"pa_yayinevi-kadim-yayinlari","10":"pa_yazar-m-ali-kirman-volkan-ertit","12":"first","13":"instock","14":"sale","15":"shipping-taxable","16":"purchasable","17":"product-type-simple"},"_links":{"self":[{"href":"https:\/\/roveyayinevi.com.tr\/index.php\/wp-json\/wp\/v2\/product\/784839","targetHints":{"allow":["GET"]}}],"collection":[{"href":"https:\/\/roveyayinevi.com.tr\/index.php\/wp-json\/wp\/v2\/product"}],"about":[{"href":"https:\/\/roveyayinevi.com.tr\/index.php\/wp-json\/wp\/v2\/types\/product"}],"wp:attachment":[{"href":"https:\/\/roveyayinevi.com.tr\/index.php\/wp-json\/wp\/v2\/media?parent=784839"}],"wp:term":[{"taxonomy":"product_brand","embeddable":true,"href":"https:\/\/roveyayinevi.com.tr\/index.php\/wp-json\/wp\/v2\/product_brand?post=784839"},{"taxonomy":"product_cat","embeddable":true,"href":"https:\/\/roveyayinevi.com.tr\/index.php\/wp-json\/wp\/v2\/product_cat?post=784839"},{"taxonomy":"product_tag","embeddable":true,"href":"https:\/\/roveyayinevi.com.tr\/index.php\/wp-json\/wp\/v2\/product_tag?post=784839"}],"curies":[{"name":"wp","href":"https:\/\/api.w.org\/{rel}","templated":true}]}}