{"id":784838,"date":"2026-03-15T02:47:46","date_gmt":"2026-03-14T23:47:46","guid":{"rendered":"https:\/\/roveyayinevi.com.tr\/index.php\/urun\/turkiye-ve-tunusta-din-devlet-iliskilerinin-donusumu\/"},"modified":"2026-04-16T02:46:48","modified_gmt":"2026-04-15T23:46:48","slug":"turkiye-ve-tunusta-din-devlet-iliskilerinin-donusumu","status":"publish","type":"product","link":"https:\/\/roveyayinevi.com.tr\/index.php\/urun\/turkiye-ve-tunusta-din-devlet-iliskilerinin-donusumu\/","title":{"rendered":"T\u00fcrkiye ve Tunus\u2019ta Din &#8211; Devlet \u0130li\u015fkilerinin D\u00f6n\u00fc\u015f\u00fcm\u00fc"},"content":{"rendered":"<p>T\u00fcrkiye ve Tunus tarihi, dini ve k\u00fclt\u00fcrel a\u00e7\u0131dan bir\u00e7ok ortak noktaya sahip iki \u00fclke olarak dikkat \u00e7ekmektedir. Bu iki \u00fclkenin bir di\u011fer benzer noktas\u0131 her ikisinde benimsenen laiklik modelidir. Bu iki \u00fclkede ba\u011f\u0131ms\u0131zl\u0131\u011f\u0131n ard\u0131ndan modernle\u015fme projesinin bir par\u00e7as\u0131 olarak benimsenen \u201cotoriter laiklik\u201d dine m\u00fcdahale arac\u0131 olarak g\u00f6r\u00fclm\u00fc\u015ft\u00fcr. Toplumsal alanda dini unsurlar s\u0131k\u0131 bir \u015fekilde kontrol edilmi\u015f ve devlet kendi benimsedi\u011fi din anlay\u0131\u015f\u0131n\u0131 halka dayatmaktan geri durmam\u0131\u015ft\u0131r.Resmi laiklik s\u00f6ylemini ele\u015ftiren ve siyasal alanda varl\u0131k g\u00f6stermek isteyen \u201cmuhafazak\u00e2r akt\u00f6rler\u201d ise Bat\u0131 yanl\u0131s\u0131 se\u00e7kinler taraf\u0131ndan siyasetten d\u0131\u015flanm\u0131\u015ft\u0131r. Dolay\u0131s\u0131yla Bat\u0131\u2019da insan haklar\u0131, ileri demokrasi ve hukukun \u00fcst\u00fcnl\u00fc\u011f\u00fcn\u00fcn teminat\u0131 olarak d\u00fc\u015f\u00fcn\u00fclen laiklik kavram\u0131, \u0130slam D\u00fcnyas\u0131\u2019nda benzer bir etki ortaya \u00e7\u0131karmam\u0131\u015ft\u0131r. Bununla birlikte, hem T\u00fcrkiye\u2019de hem de Tunus\u2019ta muhafazak\u00e2r akt\u00f6rler siyasal alanda etkinli\u011fini s\u00fcrd\u00fcrmekte ve geni\u015f kitleler taraf\u0131ndan desteklenmektedir. Bu \u00e7al\u0131\u015fmada, her iki \u00fclkede de din ve vicdan h\u00fcrriyetini merkeze alan ve inan\u00e7lar\u0131ndan dolay\u0131 vatanda\u015flar\u0131n bask\u0131 g\u00f6rmedi\u011fi \u201cdemokratik laiklik\u201d anlay\u0131\u015f\u0131na do\u011fru bir ge\u00e7i\u015f oldu\u011fu vurgulanmaktad\u0131r. Esasen, bir \u00fclkede devlet ve toplumsal akt\u00f6rler aras\u0131ndaki kar\u015f\u0131l\u0131kl\u0131 etkile\u015fimler, benimsenen laiklik modelinin zaman i\u00e7inde d\u00f6n\u00fc\u015fmesinde \u00f6nemli bir rol oynayabilir ve bu d\u00f6n\u00fc\u015f\u00fcm demokratik y\u00f6netimin istikrar\u0131n\u0131 etkilemektedir.<\/p>\n","protected":false},"excerpt":{"rendered":"<p>T\u00fcrkiye ve Tunus tarihi, dini ve k\u00fclt\u00fcrel a\u00e7\u0131dan bir\u00e7ok ortak noktaya sahip iki \u00fclke olarak dikkat \u00e7ekmektedir. Bu iki \u00fclkenin bir di\u011fer benzer noktas\u0131 her ikisinde<span class=\"excerpt-hellip\"> [\u2026]<\/span><\/p>\n","protected":false},"featured_media":0,"template":"","meta":{"_monsterinsights_skip_tracking":false,"_monsterinsights_sitenote_active":false,"_monsterinsights_sitenote_note":"","_monsterinsights_sitenote_category":0},"product_brand":[],"product_cat":[12337,17225],"product_tag":[],"class_list":{"0":"post-784838","1":"product","2":"type-product","3":"status-publish","5":"product_cat-politika-siyaset","6":"product_cat-uluslararasi-iliskiler","7":"pa_cilt-ciltsiz","8":"pa_tur-kitap","9":"pa_yayinevi-kadim-yayinlari","10":"pa_yazar-hatice-rumeysa-dursun","12":"first","13":"instock","14":"sale","15":"shipping-taxable","16":"purchasable","17":"product-type-simple"},"_links":{"self":[{"href":"https:\/\/roveyayinevi.com.tr\/index.php\/wp-json\/wp\/v2\/product\/784838","targetHints":{"allow":["GET"]}}],"collection":[{"href":"https:\/\/roveyayinevi.com.tr\/index.php\/wp-json\/wp\/v2\/product"}],"about":[{"href":"https:\/\/roveyayinevi.com.tr\/index.php\/wp-json\/wp\/v2\/types\/product"}],"wp:attachment":[{"href":"https:\/\/roveyayinevi.com.tr\/index.php\/wp-json\/wp\/v2\/media?parent=784838"}],"wp:term":[{"taxonomy":"product_brand","embeddable":true,"href":"https:\/\/roveyayinevi.com.tr\/index.php\/wp-json\/wp\/v2\/product_brand?post=784838"},{"taxonomy":"product_cat","embeddable":true,"href":"https:\/\/roveyayinevi.com.tr\/index.php\/wp-json\/wp\/v2\/product_cat?post=784838"},{"taxonomy":"product_tag","embeddable":true,"href":"https:\/\/roveyayinevi.com.tr\/index.php\/wp-json\/wp\/v2\/product_tag?post=784838"}],"curies":[{"name":"wp","href":"https:\/\/api.w.org\/{rel}","templated":true}]}}