{"id":784836,"date":"2026-03-15T02:47:42","date_gmt":"2026-03-14T23:47:42","guid":{"rendered":"https:\/\/roveyayinevi.com.tr\/index.php\/urun\/iktidarin-mulkiyeti-ve-mulkiyetin-iktidari-cilt-2\/"},"modified":"2026-04-16T02:46:48","modified_gmt":"2026-04-15T23:46:48","slug":"iktidarin-mulkiyeti-ve-mulkiyetin-iktidari-cilt-2","status":"publish","type":"product","link":"https:\/\/roveyayinevi.com.tr\/index.php\/urun\/iktidarin-mulkiyeti-ve-mulkiyetin-iktidari-cilt-2\/","title":{"rendered":"\u0130ktidar\u0131n M\u00fclkiyeti ve M\u00fclkiyetin \u0130ktidar\u0131 Cilt 2"},"content":{"rendered":"<p>Bir taraf\u0131 kul di\u011fer taraf\u0131 melik, bir taraf\u0131 k\u00f6le\/memluk di\u011fer taraf\u0131 malik k\u0131lan t\u00fcm e\u015fitsiz temlik ve temell\u00fck ili\u015fkilerinin kayna\u011f\u0131 ve melekesi m\u00fclkiyetten m\u00fctevellit m\u00fclk ili\u015fkileridir. Ka\u00e7\u0131n\u0131lmaz olarak k\u00f6lelik\/ memluk yaratan temlik ve temell\u00fck ili\u015fkileri m\u00fclkiyetin m\u00fclk tahakk\u00fcm\u00fcn\u00fc e\u015fitsizlik yaratma tekeline sahip tek me\u015fru irade\/meleke olarak kutsar.B\u00f6ylece m\u00fclk tahakk\u00fcm\u00fcne\/temell\u00fck\u00fcne melik ve malik olan \u2018en g\u00fc\u00e7l\u00fc g\u00fcc\u00fcn\u00fc hak, boyun e\u011fmeyi de bir \u00f6dev haline getirerek mutlak anlamda egemen olur ve hep egemen kalacak kadar da kutsal\/me\u015fru\/melek hale gelir\u2019. M\u00fclk hiyerar\u015fisine dayal\u0131 bu tahakk\u00fcm ili\u015fkisinde m\u00fclkiyet egemenli\u011fin mutlakl\u0131\u011f\u0131n\u0131 tesis ederken me\u015fruiyet de kutsall\u0131\u011f\u0131n\u0131 temin eder. M\u00fclkiyetin, iktidar\u0131n m\u00fclkiyeti ile m\u00fclkiyetin iktidar\u0131n\u0131 sadece soyut olarak me\u015fruiyet \u00fczerinden de\u011fil somut olarak da s\u0131n\u0131fsal melikler ve malikler aras\u0131ndaki ili\u015fki \u00fczerinden \u00f6zde\u015f\/ala\u015f\u0131msal k\u0131lan bir g\u00fcce ula\u015fmas\u0131 onu s\u0131radan bir \u2018\u015fey\u2019\/nesne\/emlak olmaktan \u00e7\u0131kartarak siyasetin, hukukun, k\u00fclt\u00fcr\u00fcn, dinin, felsefenin, ekonominin alan\u0131nda kadir-i mutlak bir \u2018\u00f6zne\u2019\/memalik haline d\u00f6n\u00fc\u015ft\u00fcr\u00fcr.M\u00fclkiyet \u2018g\u00fc\u00e7 ve kontrol\u2019 alanlar\u0131n\u0131n\/hukukunun tamam\u0131 \u00fczerinden iktidar\u0131n m\u00fclkiyeti ile ala\u015f\u0131mlan\u0131rken \u2018ki\u015filik\u2019 alanlar\u0131\/hukuku a\u00e7\u0131s\u0131ndan da m\u00fclkiyetin iktidar\u0131n\u0131n me\u015fruiyet alan\u0131 ile ala\u015f\u0131mlan\u0131r. Bu ala\u015f\u0131mlanma sayesinde m\u00fclkiyet art\u0131k \u2018bir ki\u015fiye bir mal \u00fczerinde her t\u00fcrl\u00fc egemenli\u011fi sa\u011flayan istisnai bir hak\u2019 olmaktan \u00e7\u0131karak \u2018bir ki\u015fiye ba\u015fka ki\u015filer \u00fczerinde her t\u00fcrl\u00fc egemenlik hak ve yetkisini kazand\u0131ran bir istisna-i n\u00fcfuz ve imtiyaz\u2019 melekesine d\u00f6n\u00fc\u015f\u00fcr.Sonu\u00e7ta m\u00fclkiyetin ihtiya\u00e7 amac\u0131 ile ala\u015f\u0131mlanm\u0131\u015f sosyal, siyasal ve ekonomik s\u0131n\u0131flar itibar, imtiyaz, istisna ihtiya\u00e7lar\u0131n\u0131n kar\u015f\u0131lanmas\u0131 kar\u015f\u0131l\u0131\u011f\u0131nda m\u00fclkiyetin ihti\u015fam, ihtiras ve iktidar ama\u00e7lar\u0131n\u0131n ara\u00e7lar\u0131 olan kuramsal, kurumsal ve s\u0131n\u0131fsal \u00f6devlileri\/ g\u00f6revlileri taraf\u0131ndan memluklular\u0131 yasa\/asa ve k\u0131l\u0131\u00e7\/para ile egemenlik\/ temell\u00fck\/memalik alt\u0131na al\u0131rlar; \u00f6zg\u00fcrl\u00fck, e\u015fitlik ve adalet ihtiya\u00e7lar\u0131ndan vazge\u00e7mek \u015fart\u0131 ile: Felsefe\/din\/ideoloji veya ekmek\/emek ile.<\/p>\n","protected":false},"excerpt":{"rendered":"<p>Bir taraf\u0131 kul di\u011fer taraf\u0131 melik, bir taraf\u0131 k\u00f6le\/memluk di\u011fer taraf\u0131 malik k\u0131lan t\u00fcm e\u015fitsiz temlik ve temell\u00fck ili\u015fkilerinin kayna\u011f\u0131 ve melekesi m\u00fclkiyetten m\u00fctevellit m\u00fclk ili\u015fkileridir.<span class=\"excerpt-hellip\"> [\u2026]<\/span><\/p>\n","protected":false},"featured_media":0,"template":"","meta":{"_monsterinsights_skip_tracking":false,"_monsterinsights_sitenote_active":false,"_monsterinsights_sitenote_note":"","_monsterinsights_sitenote_category":0},"product_brand":[],"product_cat":[12965,12337],"product_tag":[],"class_list":{"0":"post-784836","1":"product","2":"type-product","3":"status-publish","5":"product_cat-genel-politika","6":"product_cat-politika-siyaset","7":"pa_cilt-ciltsiz","8":"pa_tur-kitap","9":"pa_yayinevi-kadim-yayinlari","10":"pa_yazar-halis-cetin","12":"first","13":"instock","14":"sale","15":"shipping-taxable","16":"purchasable","17":"product-type-simple"},"_links":{"self":[{"href":"https:\/\/roveyayinevi.com.tr\/index.php\/wp-json\/wp\/v2\/product\/784836","targetHints":{"allow":["GET"]}}],"collection":[{"href":"https:\/\/roveyayinevi.com.tr\/index.php\/wp-json\/wp\/v2\/product"}],"about":[{"href":"https:\/\/roveyayinevi.com.tr\/index.php\/wp-json\/wp\/v2\/types\/product"}],"wp:attachment":[{"href":"https:\/\/roveyayinevi.com.tr\/index.php\/wp-json\/wp\/v2\/media?parent=784836"}],"wp:term":[{"taxonomy":"product_brand","embeddable":true,"href":"https:\/\/roveyayinevi.com.tr\/index.php\/wp-json\/wp\/v2\/product_brand?post=784836"},{"taxonomy":"product_cat","embeddable":true,"href":"https:\/\/roveyayinevi.com.tr\/index.php\/wp-json\/wp\/v2\/product_cat?post=784836"},{"taxonomy":"product_tag","embeddable":true,"href":"https:\/\/roveyayinevi.com.tr\/index.php\/wp-json\/wp\/v2\/product_tag?post=784836"}],"curies":[{"name":"wp","href":"https:\/\/api.w.org\/{rel}","templated":true}]}}