{"id":784835,"date":"2026-03-15T02:47:41","date_gmt":"2026-03-14T23:47:41","guid":{"rendered":"https:\/\/roveyayinevi.com.tr\/index.php\/urun\/iktidarin-mulkiyeti-ve-mulkiyetin-iktidari-cilt-1\/"},"modified":"2026-04-16T02:46:48","modified_gmt":"2026-04-15T23:46:48","slug":"iktidarin-mulkiyeti-ve-mulkiyetin-iktidari-cilt-1","status":"publish","type":"product","link":"https:\/\/roveyayinevi.com.tr\/index.php\/urun\/iktidarin-mulkiyeti-ve-mulkiyetin-iktidari-cilt-1\/","title":{"rendered":"\u0130ktidar\u0131n M\u00fclkiyeti ve M\u00fclkiyetin \u0130ktidar\u0131 Cilt 1"},"content":{"rendered":"<p>\u2018\u0130nsanlar\u0131n kaderlerine h\u00fckmetmek\u2019 ihtiras\u0131na sahip iktidar\/m\u00fclk, insanlar\u0131n kaderlerine h\u00fckmedilmesine r\u0131za g\u00f6stermesi anlam\u0131ndaki itaat\/ memluk ile ala\u015f\u0131mlanmak i\u00e7in insanlar\u0131n kaderlerine h\u00fckmedilmesini m\u00fclkiyet arac\u0131l\u0131\u011f\u0131yla bir temell\u00fck ili\u015fkisine d\u00f6n\u00fc\u015ft\u00fcrmeden ve memleket \u00fczerindeki temlik tahakk\u00fcm\u00fcn\u00fcn memalik me\u015fruiyetine malik olma melekesi kazanmadan meliklik ve meleklik iddias\u0131nda bulunamaz. \u0130ktidar\u0131n m\u00fclkiyetine melik olan m\u00fclk, m\u00fclkiyetin iktidar\u0131na malik bir temlik ili\u015fkisi kurmadan da bu temell\u00fck tahakk\u00fcm\u00fcn\u00fc varl\u0131k ve varolu\u015fa d\u00f6n\u00fc\u015ft\u00fcrecek \u00f6nce bir memleket emlak\u0131 (meliklerin\/maliklerin \u00e7itledi\u011fi toprak par\u00e7as\u0131\/\u00fclke\/vatan\/devlet) sonra da evrensel bir memalik emlak\u0131 elde edemez. Memleket olmadan memalik, memalik olmadan m\u00fclk, m\u00fclk olmadan iktidar ve iktidar olmadan da m\u00fclkiyet asla me\u015fru olamaz. \u0130ktidar\u0131n\/m\u00fclk\u00fcn m\u00fclkiyetini kaim k\u0131lacak \u015fey m\u00fclkiyetin iktidar\u0131\/m\u00fclk\u00fc iken m\u00fclkiyetin iktidar\u0131n\u0131\/m\u00fclk\u00fcn\u00fc daim k\u0131lacak \u015fey de iktidar\u0131n\/m\u00fclk\u00fcn m\u00fclkiyetidir. M\u00fclkiyet olmadan m\u00fclk, m\u00fclk olmadan m\u00fclkiyet, me\u015fruiyetin sa\u011flad\u0131\u011f\u0131 ala\u015f\u0131msal b\u00fct\u00fcnl\u00fck olmadan da her ikisi kaim ve daim olamaz. Bu y\u00fczden m\u00fclk ve m\u00fclkiyet kavram\u0131n\u0131n, alg\u0131s\u0131n\u0131n ve olgusunun ala\u015f\u0131msal b\u00fct\u00fcnl\u00fc\u011f\u00fc sadece etimolojik de\u011fil ayn\u0131 zamanda da ideolojiktir. Belki de ideolojik oldu\u011fu i\u00e7in etimolojiktir.\u0130nsanlar\u0131n mukadder kaderini takdir eden kadir-i mutlak bir kudret olarak m\u00fclk\u00fcn m\u00fclkiyetine muktedir bir melik olmas\u0131 ancak fiziksel olarak m\u00fclkiyet emlak\u0131na malik, metafiziksel olarak da me\u015fruiyet melekesine sahip bir \u2018melek\u2019 (kutsal\/ilahi\/tanr\u0131sal varl\u0131k\/kudret) olmas\u0131na ba\u011fl\u0131d\u0131r.M\u00fclkiyet m\u00fclk\u00fcn iktidar\u0131n\u0131n, me\u015fruiyet ise memluklar\u0131n itaatinin sat\u0131n al\u0131nmas\u0131 demektir. Tarih boyunca iktidar\/m\u00fclk, m\u00fclkiyet ve me\u015fruiyet kar\u015f\u0131l\u0131\u011f\u0131 al\u0131n\u0131p-sat\u0131lan temlik ve temell\u00fck melekeleri ise \u00f6zg\u00fcrl\u00fck, e\u015fitlik ve adalet olmu\u015ftur. M\u00fclk\/\u0130ktidar \u00f6zg\u00fcrl\u00fc\u011f\u00fc, m\u00fclkiyet e\u015fitli\u011fi, me\u015fruiyet ise adaleti sat\u0131n alm\u0131\u015ft\u0131r: G\u00f6n\u00fcll\u00fc veya zorla; kul veya k\u00f6le olarak; yasa\/asa veya k\u0131l\u0131\u00e7\/para ile; ekmek\/emek veya felsefe ile.<\/p>\n","protected":false},"excerpt":{"rendered":"<p>\u2018\u0130nsanlar\u0131n kaderlerine h\u00fckmetmek\u2019 ihtiras\u0131na sahip iktidar\/m\u00fclk, insanlar\u0131n kaderlerine h\u00fckmedilmesine r\u0131za g\u00f6stermesi anlam\u0131ndaki itaat\/ memluk ile ala\u015f\u0131mlanmak i\u00e7in insanlar\u0131n kaderlerine h\u00fckmedilmesini m\u00fclkiyet arac\u0131l\u0131\u011f\u0131yla bir temell\u00fck ili\u015fkisine d\u00f6n\u00fc\u015ft\u00fcrmeden<span class=\"excerpt-hellip\"> [\u2026]<\/span><\/p>\n","protected":false},"featured_media":0,"template":"","meta":{"_monsterinsights_skip_tracking":false,"_monsterinsights_sitenote_active":false,"_monsterinsights_sitenote_note":"","_monsterinsights_sitenote_category":0},"product_brand":[],"product_cat":[12965,12337],"product_tag":[],"class_list":{"0":"post-784835","1":"product","2":"type-product","3":"status-publish","5":"product_cat-genel-politika","6":"product_cat-politika-siyaset","7":"pa_cilt-ciltsiz","8":"pa_tur-kitap","9":"pa_yayinevi-kadim-yayinlari","10":"pa_yazar-halis-cetin","12":"first","13":"instock","14":"sale","15":"shipping-taxable","16":"purchasable","17":"product-type-simple"},"_links":{"self":[{"href":"https:\/\/roveyayinevi.com.tr\/index.php\/wp-json\/wp\/v2\/product\/784835","targetHints":{"allow":["GET"]}}],"collection":[{"href":"https:\/\/roveyayinevi.com.tr\/index.php\/wp-json\/wp\/v2\/product"}],"about":[{"href":"https:\/\/roveyayinevi.com.tr\/index.php\/wp-json\/wp\/v2\/types\/product"}],"wp:attachment":[{"href":"https:\/\/roveyayinevi.com.tr\/index.php\/wp-json\/wp\/v2\/media?parent=784835"}],"wp:term":[{"taxonomy":"product_brand","embeddable":true,"href":"https:\/\/roveyayinevi.com.tr\/index.php\/wp-json\/wp\/v2\/product_brand?post=784835"},{"taxonomy":"product_cat","embeddable":true,"href":"https:\/\/roveyayinevi.com.tr\/index.php\/wp-json\/wp\/v2\/product_cat?post=784835"},{"taxonomy":"product_tag","embeddable":true,"href":"https:\/\/roveyayinevi.com.tr\/index.php\/wp-json\/wp\/v2\/product_tag?post=784835"}],"curies":[{"name":"wp","href":"https:\/\/api.w.org\/{rel}","templated":true}]}}