{"id":784834,"date":"2026-03-15T02:47:39","date_gmt":"2026-03-14T23:47:39","guid":{"rendered":"https:\/\/roveyayinevi.com.tr\/index.php\/urun\/modern-devlette-siyasal-temsilin-kokenleri\/"},"modified":"2026-04-16T02:46:48","modified_gmt":"2026-04-15T23:46:48","slug":"modern-devlette-siyasal-temsilin-kokenleri","status":"publish","type":"product","link":"https:\/\/roveyayinevi.com.tr\/index.php\/urun\/modern-devlette-siyasal-temsilin-kokenleri\/","title":{"rendered":"Modern Devlette Siyasal Temsilin K\u00f6kenleri"},"content":{"rendered":"<p>Siyasal temsil, modern devlette y\u00f6neten-y\u00f6netilen ili\u015fkisinin demokratik bir me\u015fruluk temelinde y\u00fckselmesini sa\u011flayan y\u00f6netsel paradigman\u0131n merkezinde yer al\u0131r. Teorik d\u00fczlemde \u201chalk\u0131n kendini, kendi i\u00e7inden se\u00e7ti\u011fi temsilciler arac\u0131l\u0131\u011f\u0131yla y\u00f6netmesi\u201d olarak kavramsalla\u015ft\u0131r\u0131lan modern demokrasinin anlam\u0131n\u0131 ve i\u015flevini konu edinen her d\u00fc\u015f\u00fcnsel eylem, y\u00f6netsel paradigman\u0131n temel bile\u015fenlerinden temsil olgusuna y\u00fcklenen rol\u00fc sorgulamay\u0131 gerektirir. Tarihsel geli\u015fim \u00e7izgisinde siyasal temsil, de\u011fi\u015fen sosyo-ekonomik ve siyasal ko\u015fullar alt\u0131nda \u00e7e\u015fitli kavray\u0131\u015flar\u0131 paralelinde farkl\u0131 siyasal rejimleri me\u015fru bir formda sunmaya imk\u00e2n tan\u0131yan teorik a\u00e7\u0131l\u0131mlarla donat\u0131l\u0131r. Temsilin farkl\u0131 siyasal rejimlere adapte olma konusundaki e\u015fi benzeri g\u00f6r\u00fclmemi\u015f kapasitesi, modern devlette temsil olgusunun mahiyetini a\u00e7\u0131klayabilmek i\u00e7in teorik d\u00fczlemde k\u00f6kensel bir soru\u015fturmay\u0131 g\u00fcndeme getirir.Metin \u00d6zkan, modern devletin ortaya \u00e7\u0131k\u0131\u015f\u0131 ekseninde Machiavelli\u2019den Siey\u00e8s\u2019e takip etti\u011fi teorik \u00e7izgide siyasal temsilin k\u00f6kenlerini inceleyerek modern d\u00fcnyada temsilin ola\u011fan\u00fcst\u00fc varl\u0131\u011f\u0131n\u0131 kavram\u0131n d\u00f6n\u00fc\u015f\u00fcm\u00fcnden hareketle a\u00e7\u0131kl\u0131yor. Bu giri\u015fim, Orta\u00e7a\u011f pratiklerinden itibaren \u00f6zellikle 17. ve 18. y\u00fczy\u0131llar\u0131n d\u00fc\u015f\u00fcnsel ikliminde siyasal temsilin hangi arg\u00fcmanlarla teorize edildi\u011fi ve nas\u0131l bir kavray\u0131\u015f b\u00fct\u00fcn\u00fcyle donat\u0131ld\u0131\u011f\u0131 \u00fczerine kurulu. Kitap, \u201ctemsilin ne anlama geldi\u011fi\u201d sorusu \u00fczerinden modern devlette temsile y\u00fcklenen rol\u00fc tart\u0131\u015fmaya a\u00e7\u0131yor. Bu perspektif, modern y\u00f6neten-y\u00f6netilen kurgusunda b\u00fct\u00fcn politik edimler pop\u00fclist ve hukuk\u00ee ba\u011flamlar\u0131yla halka atfedilirken siyasal temsilin ideal ile pratik aras\u0131ndaki s\u00fcregiden gerilimine \u0131\u015f\u0131k tutmas\u0131 hasebiyle dikkate de\u011ferdir.<\/p>\n","protected":false},"excerpt":{"rendered":"<p>Siyasal temsil, modern devlette y\u00f6neten-y\u00f6netilen ili\u015fkisinin demokratik bir me\u015fruluk temelinde y\u00fckselmesini sa\u011flayan y\u00f6netsel paradigman\u0131n merkezinde yer al\u0131r. Teorik d\u00fczlemde \u201chalk\u0131n kendini, kendi i\u00e7inden se\u00e7ti\u011fi temsilciler arac\u0131l\u0131\u011f\u0131yla<span class=\"excerpt-hellip\"> [\u2026]<\/span><\/p>\n","protected":false},"featured_media":0,"template":"","meta":{"_monsterinsights_skip_tracking":false,"_monsterinsights_sitenote_active":false,"_monsterinsights_sitenote_note":"","_monsterinsights_sitenote_category":0},"product_brand":[],"product_cat":[12337,14706],"product_tag":[],"class_list":{"0":"post-784834","1":"product","2":"type-product","3":"status-publish","5":"product_cat-politika-siyaset","6":"product_cat-siyaset-bilimi","7":"pa_cilt-ciltsiz","8":"pa_tur-kitap","9":"pa_yayinevi-kadim-yayinlari","10":"pa_yazar-metin-ozkan","12":"first","13":"instock","14":"sale","15":"shipping-taxable","16":"purchasable","17":"product-type-simple"},"_links":{"self":[{"href":"https:\/\/roveyayinevi.com.tr\/index.php\/wp-json\/wp\/v2\/product\/784834","targetHints":{"allow":["GET"]}}],"collection":[{"href":"https:\/\/roveyayinevi.com.tr\/index.php\/wp-json\/wp\/v2\/product"}],"about":[{"href":"https:\/\/roveyayinevi.com.tr\/index.php\/wp-json\/wp\/v2\/types\/product"}],"wp:attachment":[{"href":"https:\/\/roveyayinevi.com.tr\/index.php\/wp-json\/wp\/v2\/media?parent=784834"}],"wp:term":[{"taxonomy":"product_brand","embeddable":true,"href":"https:\/\/roveyayinevi.com.tr\/index.php\/wp-json\/wp\/v2\/product_brand?post=784834"},{"taxonomy":"product_cat","embeddable":true,"href":"https:\/\/roveyayinevi.com.tr\/index.php\/wp-json\/wp\/v2\/product_cat?post=784834"},{"taxonomy":"product_tag","embeddable":true,"href":"https:\/\/roveyayinevi.com.tr\/index.php\/wp-json\/wp\/v2\/product_tag?post=784834"}],"curies":[{"name":"wp","href":"https:\/\/api.w.org\/{rel}","templated":true}]}}