{"id":784833,"date":"2026-03-15T02:47:37","date_gmt":"2026-03-14T23:47:37","guid":{"rendered":"https:\/\/roveyayinevi.com.tr\/index.php\/urun\/fransiz-devrimi-ilerleme-ve-gelenek\/"},"modified":"2026-04-16T02:46:48","modified_gmt":"2026-04-15T23:46:48","slug":"fransiz-devrimi-ilerleme-ve-gelenek","status":"publish","type":"product","link":"https:\/\/roveyayinevi.com.tr\/index.php\/urun\/fransiz-devrimi-ilerleme-ve-gelenek\/","title":{"rendered":"Frans\u0131z Devrimi &#8211; \u0130lerleme ve Gelenek"},"content":{"rendered":"<p>\u201c\u2026 Uzun s\u00fcredir \u00c2dem ile Havva\u2019dan kalma yasalarla ya\u015f\u0131yoruz\/ \u00c7ekil bakal\u0131m, ey eski Tarih beygiri \u2026\u201d \u00dcnl\u00fc Rus devrimci \u015fair Vladimir Mayakovsky\u2019den iktibas etti\u011fimiz bu m\u0131sra asl\u0131nda 18. y\u00fczy\u0131l Ayd\u0131nlanmac\u0131 devrim d\u00fc\u015f\u00fcn\u00fcrlerinin ve sonraki takip\u00e7ilerinin ge\u00e7mi\u015fe, gelene\u011fe, tarihe bak\u0131\u015f\u0131n\u0131 veciz bir anlat\u0131mla g\u00f6zler \u00f6n\u00fcne sermektedir. Ancak ge\u00e7mi\u015fi, gelene\u011fi, tarihi yok sayan bu Ayd\u0131nlanmac\u0131 d\u00fc\u015f\u00fcncenin ve onun toplumsal tahayy\u00fcl\u00fcn\u00fcn b\u00fct\u00fcn radikalli\u011fine ra\u011fmen geldi\u011fi son nokta yine gelenek, gelene\u011fin somut forma b\u00fcr\u00fcnd\u00fc\u011f\u00fc cemaat yap\u0131s\u0131 ve onun de\u011ferleri olmu\u015ftur. Elinizdeki \u00e7al\u0131\u015fma, iki asr\u0131 a\u015fk\u0131n bir s\u00fcredir ger\u00e7ekle\u015fmi\u015f olan bu ke\u015ffe ra\u011fmen, toplumu gelenekten, gelene\u011fin somut forma b\u00fcr\u00fcnd\u00fc\u011f\u00fc cemaatten ve onun de\u011ferlerinden ba\u011f\u0131ms\u0131z \u015fekilde ele alman\u0131n ne derece m\u00fcmk\u00fcn ne derece s\u00fcrd\u00fcr\u00fclebilir ve ne derece do\u011fru oldu\u011funu sosyolojinin kurucu babalar\u0131 \u00fczerinden incelemeye y\u00f6neliktir. Bu incelemeyi ise 1789 Frans\u0131z Devrimi ekseninde ger\u00e7ekle\u015ftirmeye \u00e7al\u0131\u015ft\u0131k. Bu eksenden hareketle \u015fu sorulara cevap bulmaya \u00e7al\u0131\u015ft\u0131k: Kurucu babalar\u0131n sosyolojik d\u00fc\u015f\u00fcncelerinin te\u015fekk\u00fcl\u00fcnde 1789 Frans\u0131z Devrimi\u2019nin rol\u00fc nedir? 1789 Frans\u0131z Devrimi\u2019nin yaratt\u0131\u011f\u0131 kaos, buhran kurucu babalar\u0131n sosyolojik \u00e7\u00f6z\u00fcmlemelerinde nas\u0131l ortaya \u00e7\u0131kmaktad\u0131r? Bu kaosa, buhrana kurucu babalar nas\u0131l bir \u00e7\u00f6z\u00fcm \u00fcretmektedirler? Ve gerek 1789 Frans\u0131z Devrimi ele\u015ftirilerinde gerekse de 1789 Frans\u0131z Devrimi\u2019nin neden oldu\u011fu kaosa, buhrana \u00e7\u00f6z\u00fcm aray\u0131\u015flar\u0131nda nas\u0131l tutum tak\u0131nmaktad\u0131rlar?<\/p>\n","protected":false},"excerpt":{"rendered":"<p>\u201c\u2026 Uzun s\u00fcredir \u00c2dem ile Havva\u2019dan kalma yasalarla ya\u015f\u0131yoruz\/ \u00c7ekil bakal\u0131m, ey eski Tarih beygiri \u2026\u201d \u00dcnl\u00fc Rus devrimci \u015fair Vladimir Mayakovsky\u2019den iktibas etti\u011fimiz bu m\u0131sra<span class=\"excerpt-hellip\"> [\u2026]<\/span><\/p>\n","protected":false},"featured_media":0,"template":"","meta":{"_monsterinsights_skip_tracking":false,"_monsterinsights_sitenote_active":false,"_monsterinsights_sitenote_note":"","_monsterinsights_sitenote_category":0},"product_brand":[],"product_cat":[12835,12324],"product_tag":[],"class_list":{"0":"post-784833","1":"product","2":"type-product","3":"status-publish","5":"product_cat-genel-sosyoloji","6":"product_cat-sosyoloji","7":"pa_cilt-ciltsiz","8":"pa_tur-kitap","9":"pa_yayinevi-kadim-yayinlari","10":"pa_yazar-hasan-yenicirak","12":"first","13":"instock","14":"sale","15":"shipping-taxable","16":"purchasable","17":"product-type-simple"},"_links":{"self":[{"href":"https:\/\/roveyayinevi.com.tr\/index.php\/wp-json\/wp\/v2\/product\/784833","targetHints":{"allow":["GET"]}}],"collection":[{"href":"https:\/\/roveyayinevi.com.tr\/index.php\/wp-json\/wp\/v2\/product"}],"about":[{"href":"https:\/\/roveyayinevi.com.tr\/index.php\/wp-json\/wp\/v2\/types\/product"}],"wp:attachment":[{"href":"https:\/\/roveyayinevi.com.tr\/index.php\/wp-json\/wp\/v2\/media?parent=784833"}],"wp:term":[{"taxonomy":"product_brand","embeddable":true,"href":"https:\/\/roveyayinevi.com.tr\/index.php\/wp-json\/wp\/v2\/product_brand?post=784833"},{"taxonomy":"product_cat","embeddable":true,"href":"https:\/\/roveyayinevi.com.tr\/index.php\/wp-json\/wp\/v2\/product_cat?post=784833"},{"taxonomy":"product_tag","embeddable":true,"href":"https:\/\/roveyayinevi.com.tr\/index.php\/wp-json\/wp\/v2\/product_tag?post=784833"}],"curies":[{"name":"wp","href":"https:\/\/api.w.org\/{rel}","templated":true}]}}