{"id":784832,"date":"2026-03-15T02:47:35","date_gmt":"2026-03-14T23:47:35","guid":{"rendered":"https:\/\/roveyayinevi.com.tr\/index.php\/urun\/egemenlik-modern-devletin-insasi\/"},"modified":"2026-04-16T02:46:48","modified_gmt":"2026-04-15T23:46:48","slug":"egemenlik-modern-devletin-insasi","status":"publish","type":"product","link":"https:\/\/roveyayinevi.com.tr\/index.php\/urun\/egemenlik-modern-devletin-insasi\/","title":{"rendered":"Egemenlik &#8211; Modern Devletin \u0130n\u015fas\u0131"},"content":{"rendered":"<p>Egemenlik siyaset teorisinin en \u00f6nemli kavramlar\u0131ndan biri. Modern devlet ile hukuk aras\u0131ndaki ili\u015fki varl\u0131\u011f\u0131n\u0131 do\u011frudan egemenlik kavram\u0131na bor\u00e7lu. \u00d6te yandan egemenlik tarih boyunca i\u00e7eri\u011finde en fazla de\u011fi\u015fiklik olan kavramlardan biri de. Mutlak monar\u015filerin en g\u00fc\u00e7l\u00fc oldu\u011fu d\u00f6nemde kavramsalla\u015ft\u0131r\u0131lan egemenlik, devlet iktidar\u0131n\u0131n \u015fah\u0131slar\u0131nda m\u00fccessem h\u00e2le geldi\u011fi krallar\u0131n iktidar\u0131na me\u015fruluk kazand\u0131rd\u0131. Yasan\u0131n tek kayna\u011f\u0131 olarak egemenli\u011fin g\u00f6sterilmesi hem devletin hukuk yapma tekelini eline almas\u0131n\u0131 hem de merkez\u00ee g\u00fcc\u00fcn\u00fc kurumsalla\u015ft\u0131rmas\u0131n\u0131 sa\u011flad\u0131. \u0130lerleyen d\u00f6nemde liberal devlet formunun g\u00fc\u00e7lenmesiyle beliren hukuk devleti ve insan haklar\u0131 gibi kavramlar egemenli\u011fin mutlak y\u00f6n\u00fcn\u00fc yumu\u015fatt\u0131. Ulus-devlet formunun ortaya \u00e7\u0131kmas\u0131 ise egemenli\u011fi yeni bir yere ta\u015f\u0131d\u0131. Ulusal egemenlik d\u00fc\u015f\u00fcncesi k\u0131sa s\u00fcrede t\u00fcm d\u00fcnyay\u0131 ku\u015fatt\u0131. Birle\u015fmi\u015f Milletler sistemiyle kurumsalla\u015fan ulusal egemenlik \u0130kinci D\u00fcnya Sava\u015f\u0131ndan sonraki y\u0131llarda insanl\u0131\u011f\u0131n kaderindeki yerini iyice peki\u015ftirdi. So\u011fuk Sava\u015f sonras\u0131nda ise egemenlik kavram\u0131 kapsaml\u0131 bir d\u00f6n\u00fc\u015f\u00fcme u\u011frad\u0131. G\u00fcn\u00fcm\u00fczde ya\u015fanan geli\u015fmelerin de g\u00f6sterdi\u011fi gibi devlet h\u00fck\u00fcmranl\u0131\u011f\u0131 son otuz y\u0131lda belki tarihte hi\u00e7 olmad\u0131\u011f\u0131 kadar farkl\u0131 g\u00f6r\u00fcn\u00fcmler kazand\u0131. Elinizdeki kitap egemenlik kavram\u0131n\u0131n tarihsel yolculu\u011funun izini s\u00fcrmeyi ama\u00e7l\u0131yor. Bunun yan\u0131nda, kavram\u0131n g\u00fcn\u00fcm\u00fcz d\u00fcnyas\u0131nda ta\u015f\u0131d\u0131\u011f\u0131 \u00f6nemin alt\u0131n\u0131 \u00e7iziyor.<\/p>\n","protected":false},"excerpt":{"rendered":"<p>Egemenlik siyaset teorisinin en \u00f6nemli kavramlar\u0131ndan biri. Modern devlet ile hukuk aras\u0131ndaki ili\u015fki varl\u0131\u011f\u0131n\u0131 do\u011frudan egemenlik kavram\u0131na bor\u00e7lu. \u00d6te yandan egemenlik tarih boyunca i\u00e7eri\u011finde en fazla<span class=\"excerpt-hellip\"> [\u2026]<\/span><\/p>\n","protected":false},"featured_media":0,"template":"","meta":{"_monsterinsights_skip_tracking":false,"_monsterinsights_sitenote_active":false,"_monsterinsights_sitenote_note":"","_monsterinsights_sitenote_category":0},"product_brand":[],"product_cat":[12965,12337],"product_tag":[],"class_list":{"0":"post-784832","1":"product","2":"type-product","3":"status-publish","5":"product_cat-genel-politika","6":"product_cat-politika-siyaset","7":"pa_cilt-ciltsiz","8":"pa_tur-kitap","9":"pa_yayinevi-kadim-yayinlari","10":"pa_yazar-hamit-emrah-beris","12":"first","13":"instock","14":"sale","15":"shipping-taxable","16":"purchasable","17":"product-type-simple"},"_links":{"self":[{"href":"https:\/\/roveyayinevi.com.tr\/index.php\/wp-json\/wp\/v2\/product\/784832","targetHints":{"allow":["GET"]}}],"collection":[{"href":"https:\/\/roveyayinevi.com.tr\/index.php\/wp-json\/wp\/v2\/product"}],"about":[{"href":"https:\/\/roveyayinevi.com.tr\/index.php\/wp-json\/wp\/v2\/types\/product"}],"wp:attachment":[{"href":"https:\/\/roveyayinevi.com.tr\/index.php\/wp-json\/wp\/v2\/media?parent=784832"}],"wp:term":[{"taxonomy":"product_brand","embeddable":true,"href":"https:\/\/roveyayinevi.com.tr\/index.php\/wp-json\/wp\/v2\/product_brand?post=784832"},{"taxonomy":"product_cat","embeddable":true,"href":"https:\/\/roveyayinevi.com.tr\/index.php\/wp-json\/wp\/v2\/product_cat?post=784832"},{"taxonomy":"product_tag","embeddable":true,"href":"https:\/\/roveyayinevi.com.tr\/index.php\/wp-json\/wp\/v2\/product_tag?post=784832"}],"curies":[{"name":"wp","href":"https:\/\/api.w.org\/{rel}","templated":true}]}}