{"id":784831,"date":"2026-03-15T02:47:33","date_gmt":"2026-03-14T23:47:33","guid":{"rendered":"https:\/\/roveyayinevi.com.tr\/index.php\/urun\/modern-demokrasi-teorisi\/"},"modified":"2026-04-16T02:46:48","modified_gmt":"2026-04-15T23:46:48","slug":"modern-demokrasi-teorisi","status":"publish","type":"product","link":"https:\/\/roveyayinevi.com.tr\/index.php\/urun\/modern-demokrasi-teorisi\/","title":{"rendered":"Modern Demokrasi Teorisi"},"content":{"rendered":"<p>Hamit Emrah Beri\u015f \u2013 Modern Demokrasi Teorisi Hamit Emrah Beri\u015f \u2013 Modern Demokrasi Teorisi    Demokrasi, siyaset teorisinin en eski kavramlar\u0131ndan biri. Ancak ayn\u0131 zamanda kavram\u0131n ilgin\u00e7 bir kaderi var. Tarih sahnesine \u00e7\u0131kt\u0131\u011f\u0131 ilk d\u00f6nemden itibaren demokrasinin idealleri ve uygulamas\u0131 hakk\u0131nda olduk\u00e7a kapsaml\u0131 tart\u0131\u015fmalar ya\u015fand\u0131. Hen\u00fcz ilk uygulamaya ba\u015fland\u0131\u011f\u0131 antik \u00e7a\u011fdan itibaren demokrasinin hem iddialar\u0131 hem de siyasal pratiklere yans\u0131yan y\u00fcz\u00fc sorguland\u0131. Siyasal d\u00fc\u015f\u00fcncenin en \u00f6nemli isimlerinin g\u00fcndemini demokrasiyle ilgili sorunlar i\u015fgal etti.    Modern siyasetin devlet iktidar\u0131 a\u00e7\u0131s\u0131ndan ba\u015fl\u0131ca, hatta yeg\u00e2ne unsur olarak demokrasiyi g\u00f6stermesi, kavram \u00fczerindeki tart\u0131\u015fmalar\u0131n iyiden iyiye artmas\u0131n\u0131 beraberinde getirdi. G\u00fcn\u00fcm\u00fczde de demokrasinin dayand\u0131\u011f\u0131 ilkeler ve uygulanma \u015fekli \u00fczerindeki tart\u0131\u015fmalar olanca h\u0131z\u0131yla devam ediyor. \u00dcstelik her d\u00f6nem, tart\u0131\u015fma konular\u0131na yeni ba\u015fl\u0131klar ekleniyor.    Elinizdeki kitap, insanl\u0131k tarihinde belirdi\u011fi ilk d\u00f6nemden g\u00fcn\u00fcm\u00fcze kadar demokrasinin ge\u00e7irdi\u011fi de\u011fi\u015fim s\u00fcrecini ele al\u0131yor. Ayn\u0131 zamanda, son d\u00f6nemlerin \u00f6ne \u00e7\u0131kan konular\u0131 olan pop\u00fclizm ve otoriterle\u015fme tart\u0131\u015fmalar\u0131na da de\u011finiyor. . .<\/p>\n","protected":false},"excerpt":{"rendered":"<p>Hamit Emrah Beri\u015f \u2013 Modern Demokrasi Teorisi Hamit Emrah Beri\u015f \u2013 Modern Demokrasi Teorisi Demokrasi, siyaset teorisinin en eski kavramlar\u0131ndan biri. Ancak ayn\u0131 zamanda kavram\u0131n ilgin\u00e7<span class=\"excerpt-hellip\"> [\u2026]<\/span><\/p>\n","protected":false},"featured_media":0,"template":"","meta":{"_monsterinsights_skip_tracking":false,"_monsterinsights_sitenote_active":false,"_monsterinsights_sitenote_note":"","_monsterinsights_sitenote_category":0},"product_brand":[],"product_cat":[12337,14706],"product_tag":[],"class_list":{"0":"post-784831","1":"product","2":"type-product","3":"status-publish","5":"product_cat-politika-siyaset","6":"product_cat-siyaset-bilimi","7":"pa_cilt-ciltsiz","8":"pa_tur-kitap","9":"pa_yayinevi-kadim-yayinlari","10":"pa_yazar-hamit-emrah-beris","12":"first","13":"instock","14":"sale","15":"shipping-taxable","16":"purchasable","17":"product-type-simple"},"_links":{"self":[{"href":"https:\/\/roveyayinevi.com.tr\/index.php\/wp-json\/wp\/v2\/product\/784831","targetHints":{"allow":["GET"]}}],"collection":[{"href":"https:\/\/roveyayinevi.com.tr\/index.php\/wp-json\/wp\/v2\/product"}],"about":[{"href":"https:\/\/roveyayinevi.com.tr\/index.php\/wp-json\/wp\/v2\/types\/product"}],"wp:attachment":[{"href":"https:\/\/roveyayinevi.com.tr\/index.php\/wp-json\/wp\/v2\/media?parent=784831"}],"wp:term":[{"taxonomy":"product_brand","embeddable":true,"href":"https:\/\/roveyayinevi.com.tr\/index.php\/wp-json\/wp\/v2\/product_brand?post=784831"},{"taxonomy":"product_cat","embeddable":true,"href":"https:\/\/roveyayinevi.com.tr\/index.php\/wp-json\/wp\/v2\/product_cat?post=784831"},{"taxonomy":"product_tag","embeddable":true,"href":"https:\/\/roveyayinevi.com.tr\/index.php\/wp-json\/wp\/v2\/product_tag?post=784831"}],"curies":[{"name":"wp","href":"https:\/\/api.w.org\/{rel}","templated":true}]}}