{"id":784830,"date":"2026-03-15T02:47:31","date_gmt":"2026-03-14T23:47:31","guid":{"rendered":"https:\/\/roveyayinevi.com.tr\/index.php\/urun\/siyaset-teorisine-giris-2\/"},"modified":"2026-04-16T02:46:48","modified_gmt":"2026-04-15T23:46:48","slug":"siyaset-teorisine-giris-2","status":"publish","type":"product","link":"https:\/\/roveyayinevi.com.tr\/index.php\/urun\/siyaset-teorisine-giris-2\/","title":{"rendered":"Siyaset Teorisine Giri\u015f"},"content":{"rendered":"<p>Siyaset teorisi, siyasal d\u00fc\u015f\u00fcncenin en \u00f6nemli unsurlar\u0131ndan biri olmas\u0131na ra\u011fmen \u00e7o\u011funlukla siyaset biliminin g\u00f6lgesinde kal\u0131r. Siyaset biliminin d\u00fcnyay\u0131 a\u00e7\u0131klama i\u00e7in olgusal ger\u00e7ekleri esas alma yakla\u015f\u0131m\u0131na kar\u015f\u0131l\u0131k siyaset teorisi insanl\u0131\u011f\u0131n ortak de\u011ferlerine vurgu yapan bir anlay\u0131\u015fa sahiptir. Ancak bu durum, ger\u00e7eklerden kopulup yaln\u0131zca ideal\u2019e odaklan\u0131ld\u0131\u011f\u0131 anlam\u0131nda gelmez. Zaten disiplinin siyaset felsefesinden fark\u0131 da budur. Siyaset teorisi, pergelin sabit ucunu tarihsel ger\u00e7ekliklere yerle\u015ftirip insanl\u0131k i\u00e7in daha iyi bir hayat\u0131n imk\u00e2nlar\u0131n\u0131 arar. Bu ama\u00e7la, iktidar ili\u015fkilerine ele\u015ftirel bir \u015fekilde bakar ve ge\u00e7mi\u015ften itibaren ya\u015fanan y\u00f6netim tecr\u00fcbelerini de g\u00f6z \u00f6n\u00fcnde bulundurur. Disiplin, farkl\u0131 kavramlar\u0131 tarihten gelen bir \u00e7izgi i\u00e7inde de\u011fi\u015fen anlamlar\u0131yla de\u011ferlendirir. Elinizdeki \u00e7al\u0131\u015fma, siyaset teorisinin en \u00f6nemli ve g\u00fcncel tart\u0131\u015fma ba\u015fl\u0131klar\u0131na ili\u015fkin de\u011ferlendirmeler i\u00e7eriyor. Kitap, siyasal d\u00fc\u015f\u00fcncenin ba\u015fl\u0131ca kavramlar\u0131n\u0131 ve temel sorunlar\u0131n\u0131 kapsaml\u0131 \u015fekilde ele al\u0131yor.<\/p>\n","protected":false},"excerpt":{"rendered":"<p>Siyaset teorisi, siyasal d\u00fc\u015f\u00fcncenin en \u00f6nemli unsurlar\u0131ndan biri olmas\u0131na ra\u011fmen \u00e7o\u011funlukla siyaset biliminin g\u00f6lgesinde kal\u0131r. Siyaset biliminin d\u00fcnyay\u0131 a\u00e7\u0131klama i\u00e7in olgusal ger\u00e7ekleri esas alma yakla\u015f\u0131m\u0131na kar\u015f\u0131l\u0131k<span class=\"excerpt-hellip\"> [\u2026]<\/span><\/p>\n","protected":false},"featured_media":0,"template":"","meta":{"_monsterinsights_skip_tracking":false,"_monsterinsights_sitenote_active":false,"_monsterinsights_sitenote_note":"","_monsterinsights_sitenote_category":0},"product_brand":[],"product_cat":[12337,14706],"product_tag":[],"class_list":{"0":"post-784830","1":"product","2":"type-product","3":"status-publish","5":"product_cat-politika-siyaset","6":"product_cat-siyaset-bilimi","7":"pa_cilt-ciltsiz","8":"pa_tur-kitap","9":"pa_yayinevi-kadim-yayinlari","10":"pa_yazar-hamit-emrah-beris","12":"first","13":"instock","14":"sale","15":"shipping-taxable","16":"purchasable","17":"product-type-simple"},"_links":{"self":[{"href":"https:\/\/roveyayinevi.com.tr\/index.php\/wp-json\/wp\/v2\/product\/784830","targetHints":{"allow":["GET"]}}],"collection":[{"href":"https:\/\/roveyayinevi.com.tr\/index.php\/wp-json\/wp\/v2\/product"}],"about":[{"href":"https:\/\/roveyayinevi.com.tr\/index.php\/wp-json\/wp\/v2\/types\/product"}],"wp:attachment":[{"href":"https:\/\/roveyayinevi.com.tr\/index.php\/wp-json\/wp\/v2\/media?parent=784830"}],"wp:term":[{"taxonomy":"product_brand","embeddable":true,"href":"https:\/\/roveyayinevi.com.tr\/index.php\/wp-json\/wp\/v2\/product_brand?post=784830"},{"taxonomy":"product_cat","embeddable":true,"href":"https:\/\/roveyayinevi.com.tr\/index.php\/wp-json\/wp\/v2\/product_cat?post=784830"},{"taxonomy":"product_tag","embeddable":true,"href":"https:\/\/roveyayinevi.com.tr\/index.php\/wp-json\/wp\/v2\/product_tag?post=784830"}],"curies":[{"name":"wp","href":"https:\/\/api.w.org\/{rel}","templated":true}]}}