{"id":784827,"date":"2026-03-15T02:47:26","date_gmt":"2026-03-14T23:47:26","guid":{"rendered":"https:\/\/roveyayinevi.com.tr\/index.php\/urun\/said-halim-pasa-buhranlarimiz\/"},"modified":"2026-04-16T02:46:48","modified_gmt":"2026-04-15T23:46:48","slug":"said-halim-pasa-buhranlarimiz","status":"publish","type":"product","link":"https:\/\/roveyayinevi.com.tr\/index.php\/urun\/said-halim-pasa-buhranlarimiz\/","title":{"rendered":"Said Halim Pa\u015fa &#8211; Buhranlar\u0131m\u0131z"},"content":{"rendered":"<p>Elinizdeki kitap, Said Halim Pa\u015fa\u2019n\u0131n daha \u00f6nce ayr\u0131 kitap\u00e7\u0131klar \u015feklinde bas\u0131lm\u0131\u015f yedi adet kitap\u00e7\u0131\u011f\u0131n\u0131n Buhranlar\u0131m\u0131z ad\u0131yla tek kitapta toplanmas\u0131yla olu\u015fan eseridir. Said Halim Pa\u015fa, devrinde ya\u015fanan \u00e7e\u015fitli s\u0131k\u0131nt\u0131 ve fikir ak\u0131mlar\u0131n\u0131 yak\u0131ndan takip etmi\u015f; bunlarla ilgili g\u00f6r\u00fc\u015f ve d\u00fc\u015f\u00fcncelerini a\u00e7\u0131k bir bi\u00e7imde ortaya koymu\u015ftur.Eser, \u00e7e\u015fitli tarihlerde farkl\u0131 ki\u015filerce g\u00fcn\u00fcm\u00fcz T\u00fcrk\u00e7esine aktar\u0131larak yay\u0131mlanm\u0131\u015f ise de kitab\u0131n yazar\u0131n kaleminden \u00e7\u0131kt\u0131\u011f\u0131 \u015fekliyle sadele\u015ftirilmeden yeni harflerle yay\u0131mlanm\u0131\u015f bir metni bulunmuyordu. Kitab\u0131 haz\u0131rlarken do\u011frudan sadele\u015ftirilmi\u015f bir metin vermek veya kitab\u0131n sonuna bir s\u00f6zl\u00fck eklemek yoluna gitmedik. Biz, eserin eski harfli metnini yeni harflere aktard\u0131k. B\u00f6ylece eseri hem orijinal diliyle hem de sadele\u015ftirilmi\u015f bi\u00e7imiyle okuma imk\u00e2n\u0131 sunmak istedik.Temennimiz, Osmanl\u0131\u2019n\u0131n son d\u00f6neminde ya\u015fanan \u201cbuhranlar\u201d hakk\u0131nda bilgi sahibi olmak isteyen okuyuculara, ilk elden bilgiler sunan kitab\u0131n faydal\u0131 olmas\u0131d\u0131r.<\/p>\n","protected":false},"excerpt":{"rendered":"<p>Elinizdeki kitap, Said Halim Pa\u015fa\u2019n\u0131n daha \u00f6nce ayr\u0131 kitap\u00e7\u0131klar \u015feklinde bas\u0131lm\u0131\u015f yedi adet kitap\u00e7\u0131\u011f\u0131n\u0131n Buhranlar\u0131m\u0131z ad\u0131yla tek kitapta toplanmas\u0131yla olu\u015fan eseridir. Said Halim Pa\u015fa, devrinde ya\u015fanan<span class=\"excerpt-hellip\"> [\u2026]<\/span><\/p>\n","protected":false},"featured_media":0,"template":"","meta":{"_monsterinsights_skip_tracking":false,"_monsterinsights_sitenote_active":false,"_monsterinsights_sitenote_note":"","_monsterinsights_sitenote_category":0},"product_brand":[],"product_cat":[13946,12304],"product_tag":[],"class_list":{"0":"post-784827","1":"product","2":"type-product","3":"status-publish","5":"product_cat-biyografi-otobiyografi","6":"product_cat-tarih","7":"pa_cilt-ciltsiz","8":"pa_tur-kitap","9":"pa_yayinevi-kadim-yayinlari","10":"pa_yazar-ismet-cetin-halil-celtik","12":"first","13":"instock","14":"sale","15":"shipping-taxable","16":"purchasable","17":"product-type-simple"},"_links":{"self":[{"href":"https:\/\/roveyayinevi.com.tr\/index.php\/wp-json\/wp\/v2\/product\/784827","targetHints":{"allow":["GET"]}}],"collection":[{"href":"https:\/\/roveyayinevi.com.tr\/index.php\/wp-json\/wp\/v2\/product"}],"about":[{"href":"https:\/\/roveyayinevi.com.tr\/index.php\/wp-json\/wp\/v2\/types\/product"}],"wp:attachment":[{"href":"https:\/\/roveyayinevi.com.tr\/index.php\/wp-json\/wp\/v2\/media?parent=784827"}],"wp:term":[{"taxonomy":"product_brand","embeddable":true,"href":"https:\/\/roveyayinevi.com.tr\/index.php\/wp-json\/wp\/v2\/product_brand?post=784827"},{"taxonomy":"product_cat","embeddable":true,"href":"https:\/\/roveyayinevi.com.tr\/index.php\/wp-json\/wp\/v2\/product_cat?post=784827"},{"taxonomy":"product_tag","embeddable":true,"href":"https:\/\/roveyayinevi.com.tr\/index.php\/wp-json\/wp\/v2\/product_tag?post=784827"}],"curies":[{"name":"wp","href":"https:\/\/api.w.org\/{rel}","templated":true}]}}