{"id":784825,"date":"2026-03-15T02:41:50","date_gmt":"2026-03-14T23:41:50","guid":{"rendered":"https:\/\/roveyayinevi.com.tr\/index.php\/urun\/turk-toplum-sozlesmesi-cilt-iii\/"},"modified":"2026-04-16T02:39:12","modified_gmt":"2026-04-15T23:39:12","slug":"turk-toplum-sozlesmesi-cilt-iii","status":"publish","type":"product","link":"https:\/\/roveyayinevi.com.tr\/index.php\/urun\/turk-toplum-sozlesmesi-cilt-iii\/","title":{"rendered":"T\u00fcrk Toplum S\u00f6zle\u015fmesi Cilt III"},"content":{"rendered":"<p>Bu \u00e7al\u0131\u015fmay\u0131 \u015fekillendiren ana unsur, \u00f6ncelikle ya\u015fad\u0131\u011f\u0131m\u0131z s\u00f6zl\u00fc k\u00fclt\u00fcrel ortamda Orhon Abidelerinden siyasetnamelere, atas\u00f6zlerinden Nasreddin Hoca f\u0131kralar\u0131n\u0131n efkar-\u0131 umumiyeyi \u015fekillendirme g\u00fcc\u00fcne kadar T\u00fcrk k\u00fclt\u00fcr kodlar\u0131ndaki g\u00fc\u00e7l\u00fc etkisini ya\u015fayarak g\u00f6rm\u00fc\u015f olmam\u0131zd\u0131r.  T\u00fcrk toplum s\u00f6zle\u015fmesi sadece m\u00fckemmel bir hayat kurgusu tahayy\u00fcl\u00fc i\u00e7inde de\u011fil T\u00fcrk halk\u0131n\u0131n neredeyse b\u00fct\u00fcn akli ve ahlaki zaaflar\u0131n\u0131n da muhatab\u0131 hatta ma\u011fduru ve mazlumu olmu\u015ftur. T\u00fcrk toplum s\u00f6zle\u015fmesi bir olgu olarak do\u011fmu\u015f, bir alg\u0131 olarak ya\u015fat\u0131lm\u0131\u015f ve sonu\u00e7ta ya\u015fayan k\u00fclt\u00fcr evreninin asli s\u00f6zle\u015fme yasalar\u0131 olarak tekrar bir olguya d\u00f6n\u00fc\u015ft\u00fcr\u00fclm\u00fc\u015ft\u00fcr. Bu alg\u0131 ve olgu diyalekti\u011fi i\u00e7inde kendi alg\u0131s\u0131na g\u00f6re bir k\u00fclt\u00fcr olgusu ve kendi olgusuna g\u00f6re bir k\u00fclt\u00fcr alg\u0131s\u0131 yaratan herkes, yaratt\u0131\u011f\u0131 bu alg\u0131 ve olgu durumuna g\u00f6re s\u00f6zle\u015fme yasalar\u0131n\u0131 yorumlam\u0131\u015ft\u0131r: T\u0131pk\u0131 herkese g\u00f6rmek istedi\u011fi \u015feyleri g\u00f6steren Faust\u2019un aynas\u0131 gibi. Toplumun geleneksel olarak aktar\u0131p s\u00fcrd\u00fcrd\u00fc\u011f\u00fc yaz\u0131l\u0131, s\u00f6zl\u00fc ve ya\u015fayan de\u011ferler d\u00fcnyas\u0131 olan Orhon Abideleri, siyasetnameler, atas\u00f6zleri, \u00f6zdeyi\u015fler, deyimler, masallar, hikayeler, f\u0131kralar ve ya\u015fayan geleneksel\/t\u00f6rel\/\u00f6rfi k\u00fclt\u00fcr yasalar\u0131d\u0131r. T\u00fcm k\u00fclt\u00fcr m\u00fcktesebat\u0131 i\u00e7inde binlerce y\u0131ll\u0131k tecr\u00fcbi birikimin ak\u0131l ve ahlak\u0131n\u0131n \u00fcr\u00fcn\u00fc olan bu kaynaklar as\u0131rlard\u0131r yinelenerek ya\u015fam\u0131n\u0131 s\u00fcrd\u00fcren T\u00fcrk toplum s\u00f6zle\u015fmesi yasalar\u0131n\u0131n en \u00f6nemli \u2018sosyal, siyasal ve ekonomik sermaye\u2019 kaynaklar\u0131 olarak g\u00fcn\u00fcm\u00fczde de i\u015flev g\u00f6rmeye devam etmektedirler. <\/p>\n","protected":false},"excerpt":{"rendered":"<p>Bu \u00e7al\u0131\u015fmay\u0131 \u015fekillendiren ana unsur, \u00f6ncelikle ya\u015fad\u0131\u011f\u0131m\u0131z s\u00f6zl\u00fc k\u00fclt\u00fcrel ortamda Orhon Abidelerinden siyasetnamelere, atas\u00f6zlerinden Nasreddin Hoca f\u0131kralar\u0131n\u0131n efkar-\u0131 umumiyeyi \u015fekillendirme g\u00fcc\u00fcne kadar T\u00fcrk k\u00fclt\u00fcr kodlar\u0131ndaki g\u00fc\u00e7l\u00fc<span class=\"excerpt-hellip\"> [\u2026]<\/span><\/p>\n","protected":false},"featured_media":0,"template":"","meta":{"_monsterinsights_skip_tracking":false,"_monsterinsights_sitenote_active":false,"_monsterinsights_sitenote_note":"","_monsterinsights_sitenote_category":0},"product_brand":[],"product_cat":[12337,14706],"product_tag":[],"class_list":{"0":"post-784825","1":"product","2":"type-product","3":"status-publish","5":"product_cat-politika-siyaset","6":"product_cat-siyaset-bilimi","7":"pa_cilt-ciltsiz","8":"pa_tur-kitap","9":"pa_yayinevi-kadim-yayinlari","10":"pa_yazar-halis-cetin","12":"first","13":"instock","14":"sale","15":"shipping-taxable","16":"purchasable","17":"product-type-simple"},"_links":{"self":[{"href":"https:\/\/roveyayinevi.com.tr\/index.php\/wp-json\/wp\/v2\/product\/784825","targetHints":{"allow":["GET"]}}],"collection":[{"href":"https:\/\/roveyayinevi.com.tr\/index.php\/wp-json\/wp\/v2\/product"}],"about":[{"href":"https:\/\/roveyayinevi.com.tr\/index.php\/wp-json\/wp\/v2\/types\/product"}],"wp:attachment":[{"href":"https:\/\/roveyayinevi.com.tr\/index.php\/wp-json\/wp\/v2\/media?parent=784825"}],"wp:term":[{"taxonomy":"product_brand","embeddable":true,"href":"https:\/\/roveyayinevi.com.tr\/index.php\/wp-json\/wp\/v2\/product_brand?post=784825"},{"taxonomy":"product_cat","embeddable":true,"href":"https:\/\/roveyayinevi.com.tr\/index.php\/wp-json\/wp\/v2\/product_cat?post=784825"},{"taxonomy":"product_tag","embeddable":true,"href":"https:\/\/roveyayinevi.com.tr\/index.php\/wp-json\/wp\/v2\/product_tag?post=784825"}],"curies":[{"name":"wp","href":"https:\/\/api.w.org\/{rel}","templated":true}]}}