{"id":784821,"date":"2026-03-15T02:39:23","date_gmt":"2026-03-14T23:39:23","guid":{"rendered":"https:\/\/roveyayinevi.com.tr\/index.php\/urun\/osmanlidan-gunumuze-turkiyede-siyasal-sistemin-sorunlari\/"},"modified":"2026-04-16T02:37:09","modified_gmt":"2026-04-15T23:37:09","slug":"osmanlidan-gunumuze-turkiyede-siyasal-sistemin-sorunlari","status":"publish","type":"product","link":"https:\/\/roveyayinevi.com.tr\/index.php\/urun\/osmanlidan-gunumuze-turkiyede-siyasal-sistemin-sorunlari\/","title":{"rendered":"Osmanl\u0131\u2019dan G\u00fcn\u00fcm\u00fcze T\u00fcrkiye\u2019de Siyasal Sistemin Sorunlar\u0131"},"content":{"rendered":"<p>Bu kitap, asl\u0131nda b\u00fct\u00fcn siyasal sistemlerin temel sorunu olan siyasal yozla\u015fma ve yolsuzluk sorununu teorik ve pratik d\u00fczlemde ele almaktad\u0131r. Kitapta siyasal sistem ile b\u00fcrokrasi aras\u0131ndaki sorunlar\u0131 ve \u00e7\u00f6z\u00fcm \u00f6nerilerini analiz eden Cemal Fedayi, \u00e7al\u0131\u015fmada teorik ve pratik d\u00fczlemde de\u011ferlendirmelerini de sunmaktad\u0131r. T\u00fcrkiye\u2019de siyasal sistemin \u00f6zg\u00fcrl\u00fck\u00e7\u00fc\/liberal ve demokrat niteliklere sahip olmas\u0131 kadim zamanlardan beri arzulanan bir ideal olmu\u015ftur. Osmanl\u0131\u2019n\u0131n son d\u00f6neminden ba\u015flayarak g\u00fcn\u00fcm\u00fcze kadar ge\u00e7en s\u00fcrede liberalle\u015fme yolunda at\u0131lan ad\u0131mlar ve yetersizlikler \u00fczerinde duran Fedayi, \u00f6ncelikle liberalizmin ne oldu\u011funa dair teorik a\u00e7\u0131klamalara yer vermektedir. \u201cCumhuriyet\u2019in demokrasiyle ta\u00e7lanmas\u0131\u201d ideali de kadim hedeflerimizdendir. Cumhuriyet-Demokrasi tart\u0131\u015fmalar\u0131n\u0131 irdeleyen kitap, Cumhuriyetin demokratik olmayan d\u00f6nem analizinin yan\u0131 s\u0131ra, demokrasi yolundaki \u00f6nerilerini de okuyucular\u0131yla payla\u015fmaktad\u0131r. \u00d6zal\u2019dan beri siyasal tart\u0131\u015fmalar\u0131n merkezinde olan ba\u015fkanl\u0131k sistemi tart\u0131\u015fmalar\u0131na da yer veren Fedayi, Osmanl\u0131\u2019dan ba\u015flayarak h\u00fck\u00fcmet sistemimizin tarihsel geli\u015fimine ve sorunlar\u0131na odaklanmaktad\u0131r. Fedayi, \u00d6zal\u2019dan beri devam eden tart\u0131\u015fmalar\u0131n somut bir \u00f6neriye d\u00f6n\u00fc\u015fm\u00fc\u015f halini, cumhurba\u015fkanl\u0131\u011f\u0131 sistemini analiz ederek, h\u00fck\u00fcmet sistemi konusundaki sorunlar\u0131n \u00e7\u00f6z\u00fcm\u00fc olarak \u201ccumhurba\u015fkanl\u0131\u011f\u0131 h\u00fck\u00fcmet sistemi\u201d \u00f6nerisini tart\u0131\u015fmaktad\u0131r.<\/p>\n","protected":false},"excerpt":{"rendered":"<p>Bu kitap, asl\u0131nda b\u00fct\u00fcn siyasal sistemlerin temel sorunu olan siyasal yozla\u015fma ve yolsuzluk sorununu teorik ve pratik d\u00fczlemde ele almaktad\u0131r. Kitapta siyasal sistem ile b\u00fcrokrasi aras\u0131ndaki<span class=\"excerpt-hellip\"> [\u2026]<\/span><\/p>\n","protected":false},"featured_media":0,"template":"","meta":{"_monsterinsights_skip_tracking":false,"_monsterinsights_sitenote_active":false,"_monsterinsights_sitenote_note":"","_monsterinsights_sitenote_category":0},"product_brand":[],"product_cat":[12573,12566],"product_tag":[],"class_list":{"0":"post-784821","1":"product","2":"type-product","3":"status-publish","5":"product_cat-akademik-kitaplar","6":"product_cat-egitim","7":"pa_cilt-ciltsiz","8":"pa_tur-kitap","9":"pa_yayinevi-kadim-yayinlari-ders-kitaplari","10":"pa_yazar-cemal-fedayi","12":"first","13":"instock","14":"sale","15":"shipping-taxable","16":"purchasable","17":"product-type-simple"},"_links":{"self":[{"href":"https:\/\/roveyayinevi.com.tr\/index.php\/wp-json\/wp\/v2\/product\/784821","targetHints":{"allow":["GET"]}}],"collection":[{"href":"https:\/\/roveyayinevi.com.tr\/index.php\/wp-json\/wp\/v2\/product"}],"about":[{"href":"https:\/\/roveyayinevi.com.tr\/index.php\/wp-json\/wp\/v2\/types\/product"}],"wp:attachment":[{"href":"https:\/\/roveyayinevi.com.tr\/index.php\/wp-json\/wp\/v2\/media?parent=784821"}],"wp:term":[{"taxonomy":"product_brand","embeddable":true,"href":"https:\/\/roveyayinevi.com.tr\/index.php\/wp-json\/wp\/v2\/product_brand?post=784821"},{"taxonomy":"product_cat","embeddable":true,"href":"https:\/\/roveyayinevi.com.tr\/index.php\/wp-json\/wp\/v2\/product_cat?post=784821"},{"taxonomy":"product_tag","embeddable":true,"href":"https:\/\/roveyayinevi.com.tr\/index.php\/wp-json\/wp\/v2\/product_tag?post=784821"}],"curies":[{"name":"wp","href":"https:\/\/api.w.org\/{rel}","templated":true}]}}