{"id":784817,"date":"2026-03-15T02:33:49","date_gmt":"2026-03-14T23:33:49","guid":{"rendered":"https:\/\/roveyayinevi.com.tr\/index.php\/urun\/turk-islam-siyasi-dusuncesi\/"},"modified":"2026-04-16T02:31:46","modified_gmt":"2026-04-15T23:31:46","slug":"turk-islam-siyasi-dusuncesi","status":"publish","type":"product","link":"https:\/\/roveyayinevi.com.tr\/index.php\/urun\/turk-islam-siyasi-dusuncesi\/","title":{"rendered":"T\u00fcrk \u0130slam Siyasi D\u00fc\u015f\u00fcncesi"},"content":{"rendered":"<p>T\u00dcRK \u0130SLAM D\u00dc\u015e\u00dcNCES\u0130 \u00dcZER\u0130NE NOTLAR \/ 3 Mehmet Ak\u0131nc\u0131 &#8211; G\u00f6k\u00e7e Nur \u015eafak S\u0130YASET D\u00dc\u015e\u00dcNCES\u0130N\u0130N ELE\u015eT\u0130R\u0130S\u0130 \/ 15 Ayhan B\u0131\u00e7ak T\u00dcRK S\u0130YASET D\u00dc\u015e\u00dcNCES\u0130N\u0130N TE\u015eEKK\u00dcL DEVR\u0130 \/ 33 Fatih M. \u015eeker T\u00dcRK-\u0130SLAM D\u00dc\u015e\u00dcNCES\u0130NDE DEVLET KAVRAMI \/ 41 \u0130smail Yak\u0131t DESTAN VE H\u00dcK\u00dcMDAR: S\u00d6ZL\u00dc K\u00dcLT\u00dcRDE T\u00dcRK DEVLET GELENE\u011e\u0130 \/ 55 Onur Alp Kayaba\u015f\u0131 FARAB\u0130 S\u0130YAS\u0130 D\u00dc\u015e\u00dcNCES\u0130NDE TOPLUM,DEVLET Y\u00d6NET\u0130M\u0130 VE S\u0130YASAL REJ\u0130M SORUNU \/ 81 \u0130smail Akbal FARAB\u0130 FELSEFES\u0130NDE B\u0130L\u0130M VE \u0130KT\u0130DAR \u0130L\u0130\u015eK\u0130S\u0130 \/ 107 U\u011fur Da\u015ftan \u0130MAM-I MAVERD\u0130\u2019DE DEVLET FELSEFES\u0130 VES\u0130YASET B\u0130L\u0130M\u0130 A\u00c7ISINDAN \u0130RDELENMES\u0130 \/ 119 Ahmet H\u00fcsrev \u00c7elik T\u00dcRK S\u0130YASAL D\u00dc\u015e\u00dcNCES\u0130N\u0130N \u0130N\u015eASINDA KUTADGU B\u0130L\u0130G\u2019\u0130N YER\u0130:KUTADGU B\u0130L\u0130G\u2019DE \u0130KT\u0130DAR, S\u0130YASET VE TOPLUM \/ 133 Mehmet Ak\u0131nc\u0131 T\u00dcRK D\u00dc\u015e\u00dcNCE TAR\u0130H\u0130NDE D\u0130N-S\u0130YASET \u0130L\u0130\u015eK\u0130S\u0130: KUTADGU B\u0130L\u0130G MERKEZL\u0130 B\u0130R \u0130NCELEME \/ 159 Ayg\u00fcn Akyol DEVLET Y\u00d6NET\u0130M\u0130 TEOR\u0130S\u0130 OLARAK N\u0130ZAM\u00dc\u2019L-M\u00dcLK\u2019\u00dcNS\u0130YASETNAMES\u0130 \u00c7ER\u00c7EVES\u0130NDE ADALET VE ME\u015eRU\u0130YET \/ 179 \u00d6zcan Sezer  &#8211; Ali Osman Sezer GAZAL\u0130\u2019N\u0130N S\u0130YAS\u0130 D\u00dc\u015e\u00dcNCES\u0130NDE DEVLET,DEVLET ADAMI VE B\u00dcROKRAS\u0130 MESELES\u0130 \/ 199 \u0130smail Akbal GAZAL\u0130\u2019N\u0130N NAS\u0130HAT\u00dc\u2019L-M\u00dcL\u00dbK ADLI ESER\u0130NDE H\u00dcK\u00dcMDARLIK TEOR\u0130S\u0130 \/ 225 Nurullah Yazar \u0130BN-\u0130 R\u00dc\u015eD\u2019\u00dcN S\u0130YASET FELSEFES\u0130N\u0130N I\u015eI\u011eINDAERDEML\u0130LER TOPLUMUNUN ANAL\u0130Z\u0130 \/ 239 Mehmet Fatih I\u015f\u0131k MEVL\u00c2N\u00c2\u2019NIN D\u00dc\u015e\u00dcNCE D\u00dcNYASININ S\u0130YASAL VE TOPLUMSAL BOYUTLARI \/ 249 Ergin Erg\u00fcl EB\u00dc\u2019N-NEC\u00ceB \u015eEYZER\u00ce\u2019DE S\u0130YASET \/ 269 Halil Dikba\u015f &#8220;SUF\u0130 FAK\u0130H&#8221; VE &#8220;MUHAKK\u0130K AL\u0130M&#8221; OLAN \u015eEYH BEDREDD\u0130NN\u0130\u00c7\u0130N B\u0130R D\u0130REN\u0130\u015e S\u0130MGES\u0130 OLARAK ANILMAKTADIR? \/ 279 Mevl\u00fct Uyan\u0131k YUSUF HAS HAC\u0130B VE KINALIZADE AL\u0130 EFEND\u0130\u2019DE\u201cM\u00dcR\u00dcVVET\u201d ERDEM\u0130 VE Y\u00d6NET\u0130C\u0130L\u0130K \/ 307 Mehmet Faruk \u00d6z\u00e7\u0131nar DEVLET Y\u00d6NET\u0130M\u0130NDE KINALIZADE\u2019N\u0130N AHLAK ANLAYI\u015eI \/ 321 Zeliha Se\u00e7kin TOPLUMLARIN NEDEN B\u0130R PAD\u0130\u015eAHA \u0130HT\u0130YA\u00c7 DUYDU\u011eUNA DA\u0130RAKILCI B\u0130R YAKLA\u015eIM: KINALIZADE AL\u0130 EFEND\u0130\u2019N\u0130N AHLAK-I ALA\u0130\u2019S\u0130NE G\u00d6RE OSMANLI MERKEZ\u0130YET\u00c7\u0130 DEVLET PRAD\u0130GMASININ TEOR\u0130K \u00c7ER\u00c7EVES\u0130 \/ 335 Ruhat Alp  OSMANLI ADALET DA\u0130RES\u0130&#8217;NDE KUTADGU B\u0130L\u0130G ETK\u0130S\u0130 \/ 353 Vehbi Alpay G\u00fcnal &#8211; Emre Aydemirhan \u00dc\u00e7h\u00f6y\u00fck KO\u00c7\u0130 BEY R\u0130SALELER\u0130 \u0130LE K\u00c2T\u0130P \u00c7ELEB\u0130\u2019N\u0130N &#8220;D\u00dcSTURU\u2019L AMEL L\u0130 ISLAH\u0130\u2019L HALEL&#8221;\u0130N\u0130N MAL\u0130 A\u00c7IDAN KAR\u015eILA\u015eTIRMALI \u0130NCELENMES\u0130 \/ 369 Recep Temel T\u00dcRK DEVLET K\u0130ML\u0130\u011e\u0130N\u0130N \u0130N\u015eASINDA S\u00dcNN\u0130L\u0130K \/ 393 \u0130smail Y\u0131ld\u0131z OSMANLI DEVLET \u0130DEOLOJ\u0130S\u0130 VE HERET\u0130KLER \/ 407 G\u00fcrsoy Ak\u00e7a \u0130SLAM\u2019IN \u00c7EVRE ET\u0130\u011e\u0130 YAKLA\u015eIMI: B\u0130R HOCA YUSUF HEMED\u00c2N\u0130 OKUMASI \/ 429 G\u00f6k\u00e7e Nur \u015eafak OSMANLI MAHALLES\u0130NDE HALKIN KATILIMI \/ 447 Semih Asarkaya NA\u00ceM\u00c2\u2019NIN TOPLUM VE S\u0130YASET D\u00dc\u015e\u00dcNCES\u0130 \/ 457 Nejdet Durak &#8211; Bilgehan Beng\u00fc Tortuk G\u00f6kdemir KATKIDA BULUNANLAR \/ 479 <\/p>\n","protected":false},"excerpt":{"rendered":"<p>T\u00dcRK \u0130SLAM D\u00dc\u015e\u00dcNCES\u0130 \u00dcZER\u0130NE NOTLAR \/ 3 Mehmet Ak\u0131nc\u0131 &#8211; G\u00f6k\u00e7e Nur \u015eafak S\u0130YASET D\u00dc\u015e\u00dcNCES\u0130N\u0130N ELE\u015eT\u0130R\u0130S\u0130 \/ 15 Ayhan B\u0131\u00e7ak T\u00dcRK S\u0130YASET D\u00dc\u015e\u00dcNCES\u0130N\u0130N TE\u015eEKK\u00dcL DEVR\u0130 \/<span class=\"excerpt-hellip\"> [\u2026]<\/span><\/p>\n","protected":false},"featured_media":0,"template":"","meta":{"_monsterinsights_skip_tracking":false,"_monsterinsights_sitenote_active":false,"_monsterinsights_sitenote_note":"","_monsterinsights_sitenote_category":0},"product_brand":[],"product_cat":[12337,14706],"product_tag":[],"class_list":{"0":"post-784817","1":"product","2":"type-product","3":"status-publish","5":"product_cat-politika-siyaset","6":"product_cat-siyaset-bilimi","7":"pa_cilt-ciltsiz","8":"pa_tur-kitap","9":"pa_yayinevi-kadim-yayinlari","10":"pa_yazar-kolektif","12":"first","13":"instock","14":"sale","15":"shipping-taxable","16":"purchasable","17":"product-type-simple"},"_links":{"self":[{"href":"https:\/\/roveyayinevi.com.tr\/index.php\/wp-json\/wp\/v2\/product\/784817","targetHints":{"allow":["GET"]}}],"collection":[{"href":"https:\/\/roveyayinevi.com.tr\/index.php\/wp-json\/wp\/v2\/product"}],"about":[{"href":"https:\/\/roveyayinevi.com.tr\/index.php\/wp-json\/wp\/v2\/types\/product"}],"wp:attachment":[{"href":"https:\/\/roveyayinevi.com.tr\/index.php\/wp-json\/wp\/v2\/media?parent=784817"}],"wp:term":[{"taxonomy":"product_brand","embeddable":true,"href":"https:\/\/roveyayinevi.com.tr\/index.php\/wp-json\/wp\/v2\/product_brand?post=784817"},{"taxonomy":"product_cat","embeddable":true,"href":"https:\/\/roveyayinevi.com.tr\/index.php\/wp-json\/wp\/v2\/product_cat?post=784817"},{"taxonomy":"product_tag","embeddable":true,"href":"https:\/\/roveyayinevi.com.tr\/index.php\/wp-json\/wp\/v2\/product_tag?post=784817"}],"curies":[{"name":"wp","href":"https:\/\/api.w.org\/{rel}","templated":true}]}}