{"id":784816,"date":"2026-03-15T02:33:08","date_gmt":"2026-03-14T23:33:08","guid":{"rendered":"https:\/\/roveyayinevi.com.tr\/index.php\/urun\/ortadoguda-sivil-toplum\/"},"modified":"2026-04-16T02:31:03","modified_gmt":"2026-04-15T23:31:03","slug":"ortadoguda-sivil-toplum","status":"publish","type":"product","link":"https:\/\/roveyayinevi.com.tr\/index.php\/urun\/ortadoguda-sivil-toplum\/","title":{"rendered":"Ortado\u011fu\u2019da Sivil Toplum"},"content":{"rendered":"<p>T\u00fcrkiye\u2019de sivil toplum konusu 1980\u2019lerden itibaren akademik yaz\u0131nda yo\u011fun bir \u015fekilde tart\u0131\u015f\u0131l\u0131rken, bu konu daha \u00e7ok siyaset bilimi ve sosyoloji gibi alanlar\u0131n g\u00fcndemindeydi. Konunun uluslararas\u0131 ili\u015fkiler ve d\u0131\u015f politika ile ilgilenenler taraf\u0131ndan \u00e7al\u0131\u015f\u0131lmaya ba\u015flanmas\u0131 daha \u00e7ok 1990\u2019lar sonras\u0131na rastlamaktad\u0131r. Ortado\u011fu\u2019da sivil toplumu hatta onun varl\u0131\u011f\u0131n\u0131 tart\u0131\u015fmak ise T\u00fcrkiye\u2019deki akademik camian\u0131n pek ilgisini \u00e7ekmemi\u015f gibi g\u00f6r\u00fcn\u00fcyor. Bu konuda yap\u0131lan az say\u0131daki \u00e7al\u0131\u015fmada da genellikle oryantalist bir bak\u0131\u015f a\u00e7\u0131s\u0131n\u0131n takip edildi\u011fi g\u00f6zlenmektedir. Bu \u00e7al\u0131\u015fma Ortado\u011fu\u2019da sivil toplumun varl\u0131\u011f\u0131na, imk\u00e2n ve k\u0131s\u0131tl\u0131l\u0131klar\u0131na bakarken, sivil toplumun tan\u0131m\u0131na da daha geni\u015f bir pencereden bakmay\u0131 tercih etmi\u015ftir.Kitapta \u201c\u00c7ekirdek Ortado\u011fu\u201d diye bilinen, T\u00fcrkiye, \u0130ran ve M\u0131s\u0131r ile bunlar\u0131n aras\u0131nda kalan Arap Yar\u0131madas\u0131nda yer alan \u00fclkelerdeki sivil toplumun geli\u015fim s\u00fcre\u00e7lerinin incelenmesi ama\u00e7lanm\u0131\u015ft\u0131r. Bu \u00e7er\u00e7evede bu \u00fclkelerin tarihsel s\u00fcre\u00e7lerinde sivil toplum-devlet ili\u015fkilerinin nas\u0131l geli\u015fti\u011fi, e\u011fer m\u00fcmk\u00fcnse sivil toplumun o \u00fclkenin d\u0131\u015f politikas\u0131na olan yakla\u015f\u0131mlar\u0131 da ele al\u0131nm\u0131\u015ft\u0131r. Ku\u015fkusuz ayn\u0131 co\u011frafyada yer almalar\u0131na ra\u011fmen birbirlerinden farkl\u0131 pek \u00e7ok \u00f6zelli\u011fe sahip olan bu \u00fclkelerde toplumsal yap\u0131n\u0131n da bu s\u00fcre\u00e7lere b\u00fcy\u00fck etkisi olmu\u015ftur. Bu durum kitaptaki makalelerin tek bir formatta yaz\u0131lamamas\u0131nda da etkili olmu\u015ftur.\u00d6zellikle Ortado\u011fu konusunda ara\u015ft\u0131rma yapan \u00f6\u011frenci ve akademisyenlere hitap eden bu \u00e7al\u0131\u015fma, Ortado\u011fu\u2019da sivil toplum konusundaki bo\u015flu\u011fu doldurmaya katk\u0131 sa\u011flayacakt\u0131r.<\/p>\n","protected":false},"excerpt":{"rendered":"<p>T\u00fcrkiye\u2019de sivil toplum konusu 1980\u2019lerden itibaren akademik yaz\u0131nda yo\u011fun bir \u015fekilde tart\u0131\u015f\u0131l\u0131rken, bu konu daha \u00e7ok siyaset bilimi ve sosyoloji gibi alanlar\u0131n g\u00fcndemindeydi. Konunun uluslararas\u0131 ili\u015fkiler<span class=\"excerpt-hellip\"> [\u2026]<\/span><\/p>\n","protected":false},"featured_media":0,"template":"","meta":{"_monsterinsights_skip_tracking":false,"_monsterinsights_sitenote_active":false,"_monsterinsights_sitenote_note":"","_monsterinsights_sitenote_category":0},"product_brand":[],"product_cat":[12337,17225],"product_tag":[],"class_list":{"0":"post-784816","1":"product","2":"type-product","3":"status-publish","5":"product_cat-politika-siyaset","6":"product_cat-uluslararasi-iliskiler","7":"pa_cilt-ciltsiz","8":"pa_tur-kitap","9":"pa_yayinevi-kadim-yayinlari","10":"pa_yazar-kolektif","12":"first","13":"instock","14":"sale","15":"shipping-taxable","16":"purchasable","17":"product-type-simple"},"_links":{"self":[{"href":"https:\/\/roveyayinevi.com.tr\/index.php\/wp-json\/wp\/v2\/product\/784816","targetHints":{"allow":["GET"]}}],"collection":[{"href":"https:\/\/roveyayinevi.com.tr\/index.php\/wp-json\/wp\/v2\/product"}],"about":[{"href":"https:\/\/roveyayinevi.com.tr\/index.php\/wp-json\/wp\/v2\/types\/product"}],"wp:attachment":[{"href":"https:\/\/roveyayinevi.com.tr\/index.php\/wp-json\/wp\/v2\/media?parent=784816"}],"wp:term":[{"taxonomy":"product_brand","embeddable":true,"href":"https:\/\/roveyayinevi.com.tr\/index.php\/wp-json\/wp\/v2\/product_brand?post=784816"},{"taxonomy":"product_cat","embeddable":true,"href":"https:\/\/roveyayinevi.com.tr\/index.php\/wp-json\/wp\/v2\/product_cat?post=784816"},{"taxonomy":"product_tag","embeddable":true,"href":"https:\/\/roveyayinevi.com.tr\/index.php\/wp-json\/wp\/v2\/product_tag?post=784816"}],"curies":[{"name":"wp","href":"https:\/\/api.w.org\/{rel}","templated":true}]}}