{"id":784812,"date":"2026-03-15T02:17:32","date_gmt":"2026-03-14T23:17:32","guid":{"rendered":"https:\/\/roveyayinevi.com.tr\/index.php\/urun\/aga-asiret-siyaset\/"},"modified":"2026-04-16T02:16:13","modified_gmt":"2026-04-15T23:16:13","slug":"aga-asiret-siyaset","status":"publish","type":"product","link":"https:\/\/roveyayinevi.com.tr\/index.php\/urun\/aga-asiret-siyaset\/","title":{"rendered":"A\u011fa A\u015firet Siyaset"},"content":{"rendered":"<p>Anadolu\u2019da kurulmu\u015f olan bir\u00e7ok devletin perifer olarak g\u00f6rd\u00fc\u011f\u00fc ve iptidai diye nitelendirdi\u011fi a\u015firet yap\u0131lmas\u0131 sosyal, siyasal bir varl\u0131k olarak g\u00fcn\u00fcm\u00fczde halen varl\u0131klar\u0131n\u0131 s\u00fcrd\u00fcrmektedirler. Osmanl\u0131\u2019da Yavuz Selim\u2019in \u0130dris-i Bitlisi ile yapm\u0131\u015f oldu\u011fu s\u00f6zs\u00fcz antla\u015fman\u0131n bir ba\u015fka versiyonu, Mustafa Kemal Pa\u015fa\u2019n\u0131n Erzurum ve Sivas kongrelerinde a\u015firetlerle beraber hareket etme g\u00fcd\u00fcm\u00fcnde buldu. \u0130lk defa \u0130ttihat ve Terakki\u2019nin a\u015firetleri toplum m\u00fchendisli\u011fine uygun olarak asilime etme y\u00f6ntemi olan \u0130sk\u00e2n \u00e7al\u0131\u015fmalar\u0131, kendisini Cumhuriyet\u2019in ilan\u0131 neticesinde ortaya \u00e7\u0131kan \u015eeyh Said ayaklanmas\u0131 sonras\u0131 raporlara b\u0131rakt\u0131.Bu raporlar\u0131n ana amac\u0131 ulus-devlet anlay\u0131\u015f\u0131na uygun olarak a\u015firet yap\u0131s\u0131n\u0131 ortadan kald\u0131rmakt\u0131.Elinizdeki bu \u00e7al\u0131\u015fma Osmanl\u0131\u2019dan Cumhuriyet\u2019e ge\u00e7i\u015fi s\u0131ras\u0131nda ya\u015fanan problemler ve akabinde meydana gelen a\u015firet-siyaset denkleminin yans\u0131malar\u0131n\u0131 i\u00e7ermektedir.S\u00fcreklilik-kopu\u015f a\u00e7\u0131s\u0131ndan bak\u0131ld\u0131\u011f\u0131nda bu ili\u015fki a\u011f\u0131 g\u00fcn\u00fcm\u00fcze kadar devam etmektedir. Bir tarafta a\u015firet-\u015feyh ve yans\u0131malar\u0131, di\u011fer tarafta T\u00fcrkiye\u2019de siyasal hayat\u0131n\u0131n hamasetleri.Asl\u0131na bak\u0131l\u0131rsa k\u00fc\u00e7\u00fck bir burjuvazi ayaklanmas\u0131 olarak a\u015firet yap\u0131s\u0131, T\u00fcrk modernle\u015fmesine kar\u015f\u0131 koydu\u011fu gibi kendisini g\u00fcncellemeyi de unutmam\u0131\u015ft\u0131r. Zira a\u015firet yap\u0131lanmas\u0131n\u0131n devam\u0131 i\u00e7in oport\u00fcnist olma hedefi kayda de\u011ferdir.<\/p>\n","protected":false},"excerpt":{"rendered":"<p>Anadolu\u2019da kurulmu\u015f olan bir\u00e7ok devletin perifer olarak g\u00f6rd\u00fc\u011f\u00fc ve iptidai diye nitelendirdi\u011fi a\u015firet yap\u0131lmas\u0131 sosyal, siyasal bir varl\u0131k olarak g\u00fcn\u00fcm\u00fczde halen varl\u0131klar\u0131n\u0131 s\u00fcrd\u00fcrmektedirler. Osmanl\u0131\u2019da Yavuz Selim\u2019in<span class=\"excerpt-hellip\"> [\u2026]<\/span><\/p>\n","protected":false},"featured_media":0,"template":"","meta":{"_monsterinsights_skip_tracking":false,"_monsterinsights_sitenote_active":false,"_monsterinsights_sitenote_note":"","_monsterinsights_sitenote_category":0},"product_brand":[],"product_cat":[13590,12337],"product_tag":[],"class_list":{"0":"post-784812","1":"product","2":"type-product","3":"status-publish","5":"product_cat-arastirma-inceleme-politika-siyaset","6":"product_cat-politika-siyaset","7":"pa_cilt-ciltsiz","8":"pa_tur-kitap","9":"pa_yayinevi-kadim-yayinlari","10":"pa_yazar-ahmet-ilyas","12":"first","13":"instock","14":"sale","15":"shipping-taxable","16":"purchasable","17":"product-type-simple"},"_links":{"self":[{"href":"https:\/\/roveyayinevi.com.tr\/index.php\/wp-json\/wp\/v2\/product\/784812","targetHints":{"allow":["GET"]}}],"collection":[{"href":"https:\/\/roveyayinevi.com.tr\/index.php\/wp-json\/wp\/v2\/product"}],"about":[{"href":"https:\/\/roveyayinevi.com.tr\/index.php\/wp-json\/wp\/v2\/types\/product"}],"wp:attachment":[{"href":"https:\/\/roveyayinevi.com.tr\/index.php\/wp-json\/wp\/v2\/media?parent=784812"}],"wp:term":[{"taxonomy":"product_brand","embeddable":true,"href":"https:\/\/roveyayinevi.com.tr\/index.php\/wp-json\/wp\/v2\/product_brand?post=784812"},{"taxonomy":"product_cat","embeddable":true,"href":"https:\/\/roveyayinevi.com.tr\/index.php\/wp-json\/wp\/v2\/product_cat?post=784812"},{"taxonomy":"product_tag","embeddable":true,"href":"https:\/\/roveyayinevi.com.tr\/index.php\/wp-json\/wp\/v2\/product_tag?post=784812"}],"curies":[{"name":"wp","href":"https:\/\/api.w.org\/{rel}","templated":true}]}}