{"id":784811,"date":"2026-03-15T02:17:28","date_gmt":"2026-03-14T23:17:28","guid":{"rendered":"https:\/\/roveyayinevi.com.tr\/index.php\/urun\/imparatorluk-nasil-yikildi\/"},"modified":"2026-04-16T02:15:47","modified_gmt":"2026-04-15T23:15:47","slug":"imparatorluk-nasil-yikildi","status":"publish","type":"product","link":"https:\/\/roveyayinevi.com.tr\/index.php\/urun\/imparatorluk-nasil-yikildi\/","title":{"rendered":"\u0130mparatorluk Nas\u0131l Y\u0131k\u0131ld\u0131?"},"content":{"rendered":"<p>Osmanl\u0131 \u0130mparatorlu\u011fu sava\u015fla m\u0131 politikayla m\u0131 y\u0131k\u0131ld\u0131?\u0130mparatorlu\u011fu d\u00fc\u015fmanlar m\u0131 onu kurtarmak \u00fczere yola \u00e7\u0131kanlar m\u0131 y\u0131kt\u0131?Y\u0131k\u0131l\u0131\u015f s\u00fcrecinin gizli ve a\u00e7\u0131k akt\u00f6rleri kimlerdi?Cumhuriyet\u2019i \u0130ngilizler mi kurdurdu?M. Kemal neden bir \u015eeriat Bakanl\u0131\u011f\u0131 kurdu?M. Kemal \u00f6nce Halife mi olmak istedi?M. Kemal\u2019in \u015feyhlerle ili\u015fkisi nas\u0131ld\u0131?Osmanl\u0131 Devleti ve Hilafeti Lozan Dayatmas\u0131yla m\u0131 y\u0131k\u0131ld\u0131?\u201cH\u0131ristiyan T\u00fcrkler\u201d derin devletin bir projesi miydi?\u0130ngiltere Lozan\u2019da neleri dayatt\u0131?Lozan neden bir hezimettir?D\u00f6nmeler neden T\u00fcrkiye\u2019ye getirildi?Karabekir M. Kemal\u2019i neden uyard\u0131?M. Kemal Kur\u2019an\u0131 neden terc\u00fcme ettirdi?\u0130ngiltere \u0130stanbul\u2019un ba\u015fkent olmas\u0131n\u0131 nas\u0131l engelledi?Cumhuriyet 158 oyla m\u0131 kuruldu?\u0130ngiliz ajan\u0131 Toynbee Ankara\u2019da ne ar\u0131yordu?\u0130slam Milleti mi T\u00fcrk Milleti mi?K\u00fcrtlere \u00f6zerklik verildi mi?Cumhuriyet mi \u015feflik mi?Demokrasi ne zaman kald\u0131r\u0131ld\u0131? <\/p>\n","protected":false},"excerpt":{"rendered":"<p>Osmanl\u0131 \u0130mparatorlu\u011fu sava\u015fla m\u0131 politikayla m\u0131 y\u0131k\u0131ld\u0131?\u0130mparatorlu\u011fu d\u00fc\u015fmanlar m\u0131 onu kurtarmak \u00fczere yola \u00e7\u0131kanlar m\u0131 y\u0131kt\u0131?Y\u0131k\u0131l\u0131\u015f s\u00fcrecinin gizli ve a\u00e7\u0131k akt\u00f6rleri kimlerdi?Cumhuriyet\u2019i \u0130ngilizler mi kurdurdu?M. Kemal<span class=\"excerpt-hellip\"> [\u2026]<\/span><\/p>\n","protected":false},"featured_media":0,"template":"","meta":{"_monsterinsights_skip_tracking":false,"_monsterinsights_sitenote_active":false,"_monsterinsights_sitenote_note":"","_monsterinsights_sitenote_category":0},"product_brand":[],"product_cat":[12370,12304],"product_tag":[],"class_list":{"0":"post-784811","1":"product","2":"type-product","3":"status-publish","5":"product_cat-arastirma-inceleme","6":"product_cat-tarih","7":"pa_cilt-ciltsiz","8":"pa_tur-kitap","9":"pa_yayinevi-kadim-yayinlari","10":"pa_yazar-cemal-fedayi","12":"first","13":"instock","14":"sale","15":"shipping-taxable","16":"purchasable","17":"product-type-simple"},"_links":{"self":[{"href":"https:\/\/roveyayinevi.com.tr\/index.php\/wp-json\/wp\/v2\/product\/784811","targetHints":{"allow":["GET"]}}],"collection":[{"href":"https:\/\/roveyayinevi.com.tr\/index.php\/wp-json\/wp\/v2\/product"}],"about":[{"href":"https:\/\/roveyayinevi.com.tr\/index.php\/wp-json\/wp\/v2\/types\/product"}],"wp:attachment":[{"href":"https:\/\/roveyayinevi.com.tr\/index.php\/wp-json\/wp\/v2\/media?parent=784811"}],"wp:term":[{"taxonomy":"product_brand","embeddable":true,"href":"https:\/\/roveyayinevi.com.tr\/index.php\/wp-json\/wp\/v2\/product_brand?post=784811"},{"taxonomy":"product_cat","embeddable":true,"href":"https:\/\/roveyayinevi.com.tr\/index.php\/wp-json\/wp\/v2\/product_cat?post=784811"},{"taxonomy":"product_tag","embeddable":true,"href":"https:\/\/roveyayinevi.com.tr\/index.php\/wp-json\/wp\/v2\/product_tag?post=784811"}],"curies":[{"name":"wp","href":"https:\/\/api.w.org\/{rel}","templated":true}]}}