{"id":784809,"date":"2026-03-15T02:15:48","date_gmt":"2026-03-14T23:15:48","guid":{"rendered":"https:\/\/roveyayinevi.com.tr\/index.php\/urun\/klasik-turk-siirinde-merkez-ve-tasra\/"},"modified":"2026-04-16T02:14:34","modified_gmt":"2026-04-15T23:14:34","slug":"klasik-turk-siirinde-merkez-ve-tasra","status":"publish","type":"product","link":"https:\/\/roveyayinevi.com.tr\/index.php\/urun\/klasik-turk-siirinde-merkez-ve-tasra\/","title":{"rendered":"Klasik T\u00fcrk \u015eiirinde Merkez ve Ta\u015fra"},"content":{"rendered":"<p>Divan \u015fairi, \u00e7o\u011funlukla, \u015fehirli, medreseli ve h\u00fcner ehlidir. Bu nitelikler ta\u015frada de\u011fil merkezde, en az\u0131ndan \u015fehirde k\u0131ymet ve kar\u015f\u0131l\u0131k bulur. \u015eair de iltifata lay\u0131k oldu\u011funu d\u00fc\u015f\u00fcnerek ikbal bekler. \u0130kbalinin \u00f6n\u00fcne ge\u00e7meye \u00e7al\u0131\u015fan rakiplerinden ise hazzetmez. Rakiplerini merkeze de\u011fil ta\u015fraya yak\u0131\u015ft\u0131r\u0131r ve s\u0131fat\u0131 genellikle \u201cT\u00fcrk\u201d olan ta\u015fral\u0131l\u0131kla \u00f6tekile\u015ftirir. \u015eayet \u015fair, saraydan bekledi\u011fi \u00f6d\u00fcle kavu\u015famaz veya ta\u015fradan merkeze uzanamazsa ya \u0130stanbul\u2019a ula\u015fmak i\u00e7in \u00e7aba g\u00f6sterir, ili\u015fki kurmaya \u00e7al\u0131\u015f\u0131r bu sebeple de \u0130stanbul\u2019a \u00f6zlem dolu \u015fiirler yazar ya da ta\u015frada kalm\u0131\u015f olman\u0131n s\u0131z\u0131s\u0131yla k\u00fcsk\u00fcn bir tav\u0131r tak\u0131n\u0131r. Bu durumda ta\u015fra istenmeyen mahallin, merkez ise cazibenin ve \u00e7ekim alan\u0131n\u0131n mek\u00e2n\u0131 olarak \u015fiirlere yans\u0131r. <\/p>\n","protected":false},"excerpt":{"rendered":"<p>Divan \u015fairi, \u00e7o\u011funlukla, \u015fehirli, medreseli ve h\u00fcner ehlidir. Bu nitelikler ta\u015frada de\u011fil merkezde, en az\u0131ndan \u015fehirde k\u0131ymet ve kar\u015f\u0131l\u0131k bulur. \u015eair de iltifata lay\u0131k oldu\u011funu d\u00fc\u015f\u00fcnerek<span class=\"excerpt-hellip\"> [\u2026]<\/span><\/p>\n","protected":false},"featured_media":0,"template":"","meta":{"_monsterinsights_skip_tracking":false,"_monsterinsights_sitenote_active":false,"_monsterinsights_sitenote_note":"","_monsterinsights_sitenote_category":0},"product_brand":[],"product_cat":[13072,12291],"product_tag":[],"class_list":{"0":"post-784809","1":"product","2":"type-product","3":"status-publish","5":"product_cat-arastirma-inceleme-referans","6":"product_cat-edebiyat","7":"pa_cilt-ciltsiz","8":"pa_tur-kitap","9":"pa_yayinevi-kadim-yayinlari","10":"pa_yazar-murat-ozturk","12":"first","13":"instock","14":"sale","15":"shipping-taxable","16":"purchasable","17":"product-type-simple"},"_links":{"self":[{"href":"https:\/\/roveyayinevi.com.tr\/index.php\/wp-json\/wp\/v2\/product\/784809","targetHints":{"allow":["GET"]}}],"collection":[{"href":"https:\/\/roveyayinevi.com.tr\/index.php\/wp-json\/wp\/v2\/product"}],"about":[{"href":"https:\/\/roveyayinevi.com.tr\/index.php\/wp-json\/wp\/v2\/types\/product"}],"wp:attachment":[{"href":"https:\/\/roveyayinevi.com.tr\/index.php\/wp-json\/wp\/v2\/media?parent=784809"}],"wp:term":[{"taxonomy":"product_brand","embeddable":true,"href":"https:\/\/roveyayinevi.com.tr\/index.php\/wp-json\/wp\/v2\/product_brand?post=784809"},{"taxonomy":"product_cat","embeddable":true,"href":"https:\/\/roveyayinevi.com.tr\/index.php\/wp-json\/wp\/v2\/product_cat?post=784809"},{"taxonomy":"product_tag","embeddable":true,"href":"https:\/\/roveyayinevi.com.tr\/index.php\/wp-json\/wp\/v2\/product_tag?post=784809"}],"curies":[{"name":"wp","href":"https:\/\/api.w.org\/{rel}","templated":true}]}}