{"id":784808,"date":"2026-03-15T02:15:34","date_gmt":"2026-03-14T23:15:34","guid":{"rendered":"https:\/\/roveyayinevi.com.tr\/index.php\/urun\/fransadaki-devrim-uzerine-dusunceler\/"},"modified":"2026-04-16T02:14:07","modified_gmt":"2026-04-15T23:14:07","slug":"fransadaki-devrim-uzerine-dusunceler","status":"publish","type":"product","link":"https:\/\/roveyayinevi.com.tr\/index.php\/urun\/fransadaki-devrim-uzerine-dusunceler\/","title":{"rendered":"Fransa&#8217;daki Devrim \u00dczerine D\u00fc\u015f\u00fcnceler"},"content":{"rendered":"<p>Bu kitab\u0131n yaz\u0131ld\u0131\u011f\u0131 1789 tarihinde Fransa&#8217;da hen\u00fcz Kral ve Krali\u00e7e &#8220;insani l\u00fczum arac\u0131&#8221; olan giyotine g\u00f6nderilmemi\u015fti (1793). Devrimin \u00f6nemli isimlerinden Selamet Komitesi Ba\u015fkan\u0131 Robespierre &#8220;erdemli ter\u00f6r y\u00f6ntemi&#8221; ile \u0131l\u0131ml\u0131 devrimci rakiplerini idam etmemi\u015fti (1794). Meclis hen\u00fcz darbe yapmam\u0131\u015f Directoire ad\u0131 verilen 5 ki\u015filik bir y\u00f6netim kurulmam\u0131\u015f bu y\u00f6netim Robespierre&#8217;yi idam etmemi\u015fti (1794). Frans\u0131z Devrimi&#8217;ni \u00f6vmenin moda oldu\u011fu bir zamanda Edmund Burke, bu devrimin yol a\u00e7abilece\u011fi k\u00f6t\u00fcl\u00fc\u011fe kar\u015f\u0131 \u00f6zelde Frans\u0131z meslekta\u015flar\u0131n\u0131, genelde t\u00fcm d\u00fcnyay\u0131 uyarm\u0131\u015ft\u0131. &#8220;Kadim kurumlar\u0131 y\u0131kmak i\u00e7in kadim ilkeleri tahrip eden bu gasp yolu (devrim)&#8221; sadece kendi \u00e7ocuklar\u0131n\u0131 yemekle kalmayacak ayn\u0131 zamanda Jakobenlerin ve ard\u0131llar\u0131n\u0131n say\u0131s\u0131z insan\u0131 giyotine g\u00f6ndermesine neden olacakt\u0131. \u00c7ok ge\u00e7meden Fransa&#8217;daki devrimin ill\u00fczyonu da\u011f\u0131ld\u0131, Burke&#8217;un kehanetleri ger\u00e7ekle\u015fti. Art\u0131k g\u00fcn\u00fcm\u00fcze kadar etkisini devam ettirecek olan devrimlerin fitili bir kez ate\u015flenmi\u015fti. Ayd\u0131nlanma&#8217;n\u0131n &#8220;kutsal akl\u0131&#8221; totaliter ideolojilerin ve onlar\u0131n siyasi projelerinin zemini haline gelmi\u015f ve bu felsefeye dayanan devrimler milyonlarca insan\u0131n hayat\u0131na mal olmu\u015ftu. Belli ki devrimcilerin g\u00f6remedi\u011fi bir \u015feyler vard\u0131. Elinizdeki kitap, Frans\u0131z Devrimi&#8217;ne sempatiyle bakan bir m\u00fcfredattan ge\u00e7mi\u015f okuyucuya, devrimin \u00f6teki y\u00fcz\u00fcn\u00fc, onun en \u00f6nemli muhaliflerinden birinin bak\u0131\u015f a\u00e7\u0131s\u0131ndan g\u00f6rebilmenin yan\u0131 s\u0131ra muhafazak\u00e2rl\u0131\u011f\u0131 ba\u011f\u0131ms\u0131z bir ideoloji olarak \u015fekillendiren tarihi an\u0131 anlama ve muhafazak\u00e2rl\u0131\u011f\u0131n en temel metinlerinden birini okuma f\u0131rsat\u0131 sunuyor.<\/p>\n","protected":false},"excerpt":{"rendered":"<p>Bu kitab\u0131n yaz\u0131ld\u0131\u011f\u0131 1789 tarihinde Fransa&#8217;da hen\u00fcz Kral ve Krali\u00e7e &#8220;insani l\u00fczum arac\u0131&#8221; olan giyotine g\u00f6nderilmemi\u015fti (1793). Devrimin \u00f6nemli isimlerinden Selamet Komitesi Ba\u015fkan\u0131 Robespierre &#8220;erdemli ter\u00f6r<span class=\"excerpt-hellip\"> [\u2026]<\/span><\/p>\n","protected":false},"featured_media":0,"template":"","meta":{"_monsterinsights_skip_tracking":false,"_monsterinsights_sitenote_active":false,"_monsterinsights_sitenote_note":"","_monsterinsights_sitenote_category":0},"product_brand":[],"product_cat":[13059,12337],"product_tag":[],"class_list":{"0":"post-784808","1":"product","2":"type-product","3":"status-publish","5":"product_cat-diger-politika-siyaset","6":"product_cat-politika-siyaset","7":"pa_cilt-ciltsiz","8":"pa_tur-kitap","9":"pa_yayinevi-kadim-yayinlari","10":"pa_yazar-edmund-burke","12":"first","13":"instock","14":"sale","15":"shipping-taxable","16":"purchasable","17":"product-type-simple"},"_links":{"self":[{"href":"https:\/\/roveyayinevi.com.tr\/index.php\/wp-json\/wp\/v2\/product\/784808","targetHints":{"allow":["GET"]}}],"collection":[{"href":"https:\/\/roveyayinevi.com.tr\/index.php\/wp-json\/wp\/v2\/product"}],"about":[{"href":"https:\/\/roveyayinevi.com.tr\/index.php\/wp-json\/wp\/v2\/types\/product"}],"wp:attachment":[{"href":"https:\/\/roveyayinevi.com.tr\/index.php\/wp-json\/wp\/v2\/media?parent=784808"}],"wp:term":[{"taxonomy":"product_brand","embeddable":true,"href":"https:\/\/roveyayinevi.com.tr\/index.php\/wp-json\/wp\/v2\/product_brand?post=784808"},{"taxonomy":"product_cat","embeddable":true,"href":"https:\/\/roveyayinevi.com.tr\/index.php\/wp-json\/wp\/v2\/product_cat?post=784808"},{"taxonomy":"product_tag","embeddable":true,"href":"https:\/\/roveyayinevi.com.tr\/index.php\/wp-json\/wp\/v2\/product_tag?post=784808"}],"curies":[{"name":"wp","href":"https:\/\/api.w.org\/{rel}","templated":true}]}}