{"id":784807,"date":"2026-03-15T02:12:59","date_gmt":"2026-03-14T23:12:59","guid":{"rendered":"https:\/\/roveyayinevi.com.tr\/index.php\/urun\/modern-turk-dusuncesinin-sosyolojisi\/"},"modified":"2026-04-16T02:12:28","modified_gmt":"2026-04-15T23:12:28","slug":"modern-turk-dusuncesinin-sosyolojisi","status":"publish","type":"product","link":"https:\/\/roveyayinevi.com.tr\/index.php\/urun\/modern-turk-dusuncesinin-sosyolojisi\/","title":{"rendered":"Modern T\u00fcrk D\u00fc\u015f\u00fcncesinin Sosyolojisi"},"content":{"rendered":"<p>Sosyal ve siyasal sorunlara yakla\u015f\u0131mlar\u0131ndaki farkl\u0131l\u0131klar, do\u011fal olarak ayd\u0131nlar aras\u0131nda b\u00f6l\u00fcnmelere neden olmu\u015ftur. Her kimlik s\u0131n\u0131r \u00e7izer; i\u00e7eride tutulmak istenenlere yap\u0131lan her vurgu, d\u0131\u015far\u0131da tutulacaklar\u0131 da belirginle\u015ftirir. Osmanl\u0131\u2019da ondokuzuncu y\u00fczy\u0131lda olu\u015fan siyasal kimlikler s\u0131rayla Bat\u0131c\u0131l\u0131k, Muhafazakarl\u0131k ve \u0130slamc\u0131l\u0131k olmu\u015ftur. Bu \u00fc\u00e7 kimli\u011fin ortak \u00f6zelli\u011fi, Osmanl\u0131c\u0131l\u0131k kimli\u011fini de i\u00e7ermeleridir. Yirminci y\u00fczy\u0131l\u0131n ba\u015flar\u0131nda bu kimliklere T\u00fcrk\u00e7\u00fcl\u00fck de eklenmi\u015ftir. Bu d\u00fc\u015f\u00fcnceler aras\u0131nda en derin \u00e7eli\u015fki, imparatorluk ideolojisi olan Osmanl\u0131c\u0131l\u0131k ile ulus\u00e7uluk ideolojisi olan T\u00fcrk\u00e7\u00fcl\u00fck aras\u0131ndad\u0131r. Balkan Sava\u015flar\u0131 ve I. D\u00fcnya Sava\u015f\u0131 esnas\u0131nda h\u0131zla y\u00fckselen T\u00fcrk\u00e7\u00fcl\u00fck k\u0131sa s\u00fcrede Osmanl\u0131c\u0131l\u0131k siyasetini i\u015flevsizle\u015ftirmi\u015ftir. Bu tarihten g\u00fcn\u00fcm\u00fcze kadar Bat\u0131c\u0131l\u0131k, \u0130slamc\u0131l\u0131k ve T\u00fcrk\u00e7\u00fcl\u00fck her biri d\u00f6nemsel y\u00fckseli\u015fler ve d\u00fc\u015f\u00fc\u015fler ya\u015fam\u0131\u015f olsa da varl\u0131klar\u0131n\u0131 korumu\u015ftur. <\/p>\n","protected":false},"excerpt":{"rendered":"<p>Sosyal ve siyasal sorunlara yakla\u015f\u0131mlar\u0131ndaki farkl\u0131l\u0131klar, do\u011fal olarak ayd\u0131nlar aras\u0131nda b\u00f6l\u00fcnmelere neden olmu\u015ftur. Her kimlik s\u0131n\u0131r \u00e7izer; i\u00e7eride tutulmak istenenlere yap\u0131lan her vurgu, d\u0131\u015far\u0131da tutulacaklar\u0131 da<span class=\"excerpt-hellip\"> [\u2026]<\/span><\/p>\n","protected":false},"featured_media":0,"template":"","meta":{"_monsterinsights_skip_tracking":false,"_monsterinsights_sitenote_active":false,"_monsterinsights_sitenote_note":"","_monsterinsights_sitenote_category":0},"product_brand":[],"product_cat":[14787,13488],"product_tag":[],"class_list":{"0":"post-784807","1":"product","2":"type-product","3":"status-publish","5":"product_cat-diger-toplum-ve-insan","6":"product_cat-toplum-ve-insan","7":"pa_cilt-ciltsiz","8":"pa_tur-kitap","9":"pa_yayinevi-kadim-yayinlari-ders-kitaplari","10":"pa_yazar-cevat-ozyurt","12":"first","13":"instock","14":"sale","15":"shipping-taxable","16":"purchasable","17":"product-type-simple"},"_links":{"self":[{"href":"https:\/\/roveyayinevi.com.tr\/index.php\/wp-json\/wp\/v2\/product\/784807","targetHints":{"allow":["GET"]}}],"collection":[{"href":"https:\/\/roveyayinevi.com.tr\/index.php\/wp-json\/wp\/v2\/product"}],"about":[{"href":"https:\/\/roveyayinevi.com.tr\/index.php\/wp-json\/wp\/v2\/types\/product"}],"wp:attachment":[{"href":"https:\/\/roveyayinevi.com.tr\/index.php\/wp-json\/wp\/v2\/media?parent=784807"}],"wp:term":[{"taxonomy":"product_brand","embeddable":true,"href":"https:\/\/roveyayinevi.com.tr\/index.php\/wp-json\/wp\/v2\/product_brand?post=784807"},{"taxonomy":"product_cat","embeddable":true,"href":"https:\/\/roveyayinevi.com.tr\/index.php\/wp-json\/wp\/v2\/product_cat?post=784807"},{"taxonomy":"product_tag","embeddable":true,"href":"https:\/\/roveyayinevi.com.tr\/index.php\/wp-json\/wp\/v2\/product_tag?post=784807"}],"curies":[{"name":"wp","href":"https:\/\/api.w.org\/{rel}","templated":true}]}}