{"id":784804,"date":"2026-03-15T02:00:55","date_gmt":"2026-03-14T23:00:55","guid":{"rendered":"https:\/\/roveyayinevi.com.tr\/index.php\/urun\/cagdas-mesnevinin-pesinde\/"},"modified":"2026-04-16T02:00:15","modified_gmt":"2026-04-15T23:00:15","slug":"cagdas-mesnevinin-pesinde","status":"publish","type":"product","link":"https:\/\/roveyayinevi.com.tr\/index.php\/urun\/cagdas-mesnevinin-pesinde\/","title":{"rendered":"\u00c7a\u011fda\u015f Mesnevinin Pe\u015finde"},"content":{"rendered":"<p>N\u00e2z\u0131m&#8217;\u0131n \u015fiirinin de, Sezai Karako\u00e7&#8217;un \u015fiirinin de &#8216;b\u00fcy\u00fck&#8217; bir \u015fiir oldu\u011fu, onlar\u0131n &#8216;farkl\u0131&#8217; okumalara da a\u00e7\u0131k oldu\u011funun g\u00f6sterilmesiyle anla\u015f\u0131lacakt\u0131r. G\u00f6khan&#8217;\u0131n \u00e7al\u0131\u015fmas\u0131 bu mecrada \u00f6nemli bir giri\u015fimdir.G\u00f6khan&#8217;\u0131 bu \u00e7al\u0131\u015fmas\u0131ndan dolay\u0131 y\u00fcrekten kutluyorum. <\/p>\n","protected":false},"excerpt":{"rendered":"<p>N\u00e2z\u0131m&#8217;\u0131n \u015fiirinin de, Sezai Karako\u00e7&#8217;un \u015fiirinin de &#8216;b\u00fcy\u00fck&#8217; bir \u015fiir oldu\u011fu, onlar\u0131n &#8216;farkl\u0131&#8217; okumalara da a\u00e7\u0131k oldu\u011funun g\u00f6sterilmesiyle anla\u015f\u0131lacakt\u0131r. G\u00f6khan&#8217;\u0131n \u00e7al\u0131\u015fmas\u0131 bu mecrada \u00f6nemli bir giri\u015fimdir.G\u00f6khan&#8217;\u0131<span class=\"excerpt-hellip\"> [\u2026]<\/span><\/p>\n","protected":false},"featured_media":0,"template":"","meta":{"_monsterinsights_skip_tracking":false,"_monsterinsights_sitenote_active":false,"_monsterinsights_sitenote_note":"","_monsterinsights_sitenote_category":0},"product_brand":[],"product_cat":[13072,12291],"product_tag":[],"class_list":{"0":"post-784804","1":"product","2":"type-product","3":"status-publish","5":"product_cat-arastirma-inceleme-referans","6":"product_cat-edebiyat","7":"pa_cilt-ciltsiz","8":"pa_tur-kitap","9":"pa_yayinevi-kadim-yayinlari","10":"pa_yazar-gokhan-tunc","12":"first","13":"instock","14":"sale","15":"shipping-taxable","16":"purchasable","17":"product-type-simple"},"_links":{"self":[{"href":"https:\/\/roveyayinevi.com.tr\/index.php\/wp-json\/wp\/v2\/product\/784804","targetHints":{"allow":["GET"]}}],"collection":[{"href":"https:\/\/roveyayinevi.com.tr\/index.php\/wp-json\/wp\/v2\/product"}],"about":[{"href":"https:\/\/roveyayinevi.com.tr\/index.php\/wp-json\/wp\/v2\/types\/product"}],"wp:attachment":[{"href":"https:\/\/roveyayinevi.com.tr\/index.php\/wp-json\/wp\/v2\/media?parent=784804"}],"wp:term":[{"taxonomy":"product_brand","embeddable":true,"href":"https:\/\/roveyayinevi.com.tr\/index.php\/wp-json\/wp\/v2\/product_brand?post=784804"},{"taxonomy":"product_cat","embeddable":true,"href":"https:\/\/roveyayinevi.com.tr\/index.php\/wp-json\/wp\/v2\/product_cat?post=784804"},{"taxonomy":"product_tag","embeddable":true,"href":"https:\/\/roveyayinevi.com.tr\/index.php\/wp-json\/wp\/v2\/product_tag?post=784804"}],"curies":[{"name":"wp","href":"https:\/\/api.w.org\/{rel}","templated":true}]}}