{"id":784801,"date":"2026-03-14T03:29:14","date_gmt":"2026-03-14T00:29:14","guid":{"rendered":"https:\/\/roveyayinevi.com.tr\/index.php\/urun\/dogru-ve-yanlis-bilgisinin-kokeni\/"},"modified":"2026-04-15T03:48:38","modified_gmt":"2026-04-15T00:48:38","slug":"dogru-ve-yanlis-bilgisinin-kokeni","status":"publish","type":"product","link":"https:\/\/roveyayinevi.com.tr\/index.php\/urun\/dogru-ve-yanlis-bilgisinin-kokeni\/","title":{"rendered":"Do\u011fru ve Yanl\u0131\u015f Bilgisinin K\u00f6keni"},"content":{"rendered":"<p>Etik, \u00e7a\u011flar boyunca yaln\u0131zca \u201ciyi davran\u0131\u015f\u201d \u00f6l\u00e7\u00fct\u00fc de\u011fil, ayn\u0131 zamanda insan akl\u0131n\u0131n kendini anlama \u00e7abas\u0131n\u0131n da merkezinde yer alm\u0131\u015ft\u0131r. Franz Brentano, ilk kez 1889 y\u0131l\u0131nda Almanca yay\u0131mlanan bu klasik metninde, ahlak\u0131n k\u00f6kenini do\u011frudan insan zihninin yap\u0131s\u0131na yerle\u015ftiren do\u011fru ve yanl\u0131\u015f bilgisinin nas\u0131l m\u00fcmk\u00fcn olabilece\u011fini kendi kavramsal temelleri \u00fczerinden yeniden sorgular. Ona g\u00f6re ahlak, al\u0131\u015fkanl\u0131klar\u0131n, toplumsal kabullerin ya da d\u0131\u015fsal otoritelerin \u00fcr\u00fcn\u00fc de\u011fildir; insan zihninin y\u00f6nelimselli\u011fi, yarg\u0131 edimleri ve isteme yap\u0131s\u0131 i\u00e7inde temellenir. Do\u011fru ve Yanl\u0131\u015f Bilgisinin K\u00f6keni, felsefenin \u00fc\u00e7 b\u00fcy\u00fck alan\u0131 olan mant\u0131k, psikoloji ve etik aras\u0131nda daha \u00f6nce \u00e7izilmemi\u015f bir k\u00f6pr\u00fc kurar. Geleneksel d\u00fc\u015f\u00fcnceleri sorgularken, etik bilgisinin yaln\u0131zca gelenek, al\u0131\u015fkanl\u0131k veya beklentilerle a\u00e7\u0131klanamayaca\u011f\u0131n\u0131 g\u00f6stermeyi ama\u00e7lar. Brentano\u2019nun y\u00f6ntemi, modern d\u00fc\u015f\u00fcnce tarihinin kap\u0131lar\u0131n\u0131 aralayan, zihin ve de\u011fer ili\u015fkisini derinlemesine irdeleyen bir \u00e7abad\u0131r. Do\u011fruyu bilmek ne demektir? Bir eylemi \u201ciyi\u201d k\u0131lan \u015fey nedir? Ahlak, ger\u00e7ekten evrensel bir temele sahip olabilir mi? Brentano\u2019nun \u00e7\u00f6z\u00fcmlemesi, ahlak\u0131n kayna\u011f\u0131n\u0131 yeniden d\u00fc\u015f\u00fcnmek isteyenler i\u00e7in vazge\u00e7ilmez bir ba\u015flang\u0131\u00e7 noktas\u0131d\u0131r. Felsefe tarihinde \u00f6nemli bir d\u00f6n\u00fcm noktas\u0131n\u0131 temsil eden Brentano, modern etik kavramlar \u00fczerine bug\u00fcn de d\u00fc\u015f\u00fcnmeye cesaret eden okur i\u00e7in canl\u0131 ve tart\u0131\u015fmaya a\u00e7\u0131k bir metin sunuyor.<\/p>\n","protected":false},"excerpt":{"rendered":"<p>Etik, \u00e7a\u011flar boyunca yaln\u0131zca \u201ciyi davran\u0131\u015f\u201d \u00f6l\u00e7\u00fct\u00fc de\u011fil, ayn\u0131 zamanda insan akl\u0131n\u0131n kendini anlama \u00e7abas\u0131n\u0131n da merkezinde yer alm\u0131\u015ft\u0131r. Franz Brentano, ilk kez 1889 y\u0131l\u0131nda Almanca<span class=\"excerpt-hellip\"> [\u2026]<\/span><\/p>\n","protected":false},"featured_media":0,"template":"","meta":{"_monsterinsights_skip_tracking":false,"_monsterinsights_sitenote_active":false,"_monsterinsights_sitenote_note":"","_monsterinsights_sitenote_category":0},"product_brand":[],"product_cat":[16038,12388],"product_tag":[],"class_list":{"0":"post-784801","1":"product","2":"type-product","3":"status-publish","5":"product_cat-arastirma-inceleme-referans-felsefe","6":"product_cat-felsefe","7":"pa_cilt-ciltsiz","8":"pa_tur-kitap","9":"pa_yayinevi-profil-kitap","10":"pa_yazar-franz-brentano","12":"first","13":"instock","14":"sale","15":"shipping-taxable","16":"purchasable","17":"product-type-simple"},"_links":{"self":[{"href":"https:\/\/roveyayinevi.com.tr\/index.php\/wp-json\/wp\/v2\/product\/784801","targetHints":{"allow":["GET"]}}],"collection":[{"href":"https:\/\/roveyayinevi.com.tr\/index.php\/wp-json\/wp\/v2\/product"}],"about":[{"href":"https:\/\/roveyayinevi.com.tr\/index.php\/wp-json\/wp\/v2\/types\/product"}],"wp:attachment":[{"href":"https:\/\/roveyayinevi.com.tr\/index.php\/wp-json\/wp\/v2\/media?parent=784801"}],"wp:term":[{"taxonomy":"product_brand","embeddable":true,"href":"https:\/\/roveyayinevi.com.tr\/index.php\/wp-json\/wp\/v2\/product_brand?post=784801"},{"taxonomy":"product_cat","embeddable":true,"href":"https:\/\/roveyayinevi.com.tr\/index.php\/wp-json\/wp\/v2\/product_cat?post=784801"},{"taxonomy":"product_tag","embeddable":true,"href":"https:\/\/roveyayinevi.com.tr\/index.php\/wp-json\/wp\/v2\/product_tag?post=784801"}],"curies":[{"name":"wp","href":"https:\/\/api.w.org\/{rel}","templated":true}]}}