{"id":784798,"date":"2026-03-14T03:29:04","date_gmt":"2026-03-14T00:29:04","guid":{"rendered":"https:\/\/roveyayinevi.com.tr\/index.php\/urun\/sevgi-emegisevgi-baglarini-nasil-kurar-nasil-kopaririz\/"},"modified":"2026-04-15T03:48:36","modified_gmt":"2026-04-15T00:48:36","slug":"sevgi-emegisevgi-baglarini-nasil-kurar-nasil-kopaririz","status":"publish","type":"product","link":"https:\/\/roveyayinevi.com.tr\/index.php\/urun\/sevgi-emegisevgi-baglarini-nasil-kurar-nasil-kopaririz\/","title":{"rendered":"Sevgi Eme\u011fi;Sevgi Ba\u011flar\u0131n\u0131 Nas\u0131l Kurar, Nas\u0131l Kopar\u0131r\u0131z"},"content":{"rendered":"<p>I\u015f\u0131\u011f\u0131 g\u00f6rmek i\u00e7in karanl\u0131\u011fa inmeniz gerekir.Bir intihar\u0131n ard\u0131ndan on y\u0131l boyunca hi\u00e7bir \u015fey yapamayan bir heykelt\u0131ra\u015f\u0131n deh\u015fet verici r\u00fcyas\u0131, ihanetin ahlaki boyutlar\u0131n\u0131 tart\u0131\u015fan analistlerin kavgas\u0131, hamilelik korkusunu manast\u0131r duvarlar\u0131n\u0131n ard\u0131na gizleyen eski bir rahibe. Hepsi, bir psikanalistin muayene odas\u0131ndan s\u00fcz\u00fcl\u00fcp gelen; arzu, kalp k\u0131r\u0131kl\u0131\u011f\u0131 ve sevgiye \u0131\u015f\u0131k tutan hik\u00e2yeler\u2026Konu\u015fmak, dinlemek ve anlamak \u00fczerine muazzam bir eser olan \u0130ncelenen Hayatlar kitab\u0131n\u0131n yazar\u0131 Stephen Grosz bu kitab\u0131nda, a\u015fka ve sevgiye dair \u00f6nemli sorulara yan\u0131t bulmaya \u00e7al\u0131\u015f\u0131rken \u00f6yk\u00fclerdeki kendini kand\u0131rma katmanlar\u0131n\u0131 tek tek kald\u0131r\u0131yor ve alt\u0131ndaki \u00e7at\u0131\u015fmal\u0131 arzular\u0131, korkular\u0131 ve yaslar\u0131 ke\u015ffediyor. Ortaya sadece kalbin gizemlerine de\u011fil, psikanalizin etik s\u0131n\u0131rlar\u0131na ve insan ruhunun karanl\u0131k dehlizlerine dair sars\u0131c\u0131 bir kitap \u00e7\u0131k\u0131yor.Sevgi Eme\u011fi, kayb\u0131n ger\u00e7ekli\u011fini kabul etmeden tam anlam\u0131yla sevmenin, \u00f6l\u00fcm\u00fcn ger\u00e7ekli\u011fini kabul etmeden tam anlam\u0131yla ya\u015faman\u0131n m\u00fcmk\u00fcn olmad\u0131\u011f\u0131n\u0131 hat\u0131rlatan; karanl\u0131k, alegorik ve unutulmaz bir ba\u015fucu eseri Bu adam evlili\u011finizi kurtarabilir.Sunday TimesPsikanaliz \u00fczerine yazan en iyi isimlerden biri.The TimesSars\u0131c\u0131 ve s\u00fcr\u00fckleyici.Guardian<\/p>\n","protected":false},"excerpt":{"rendered":"<p>I\u015f\u0131\u011f\u0131 g\u00f6rmek i\u00e7in karanl\u0131\u011fa inmeniz gerekir.Bir intihar\u0131n ard\u0131ndan on y\u0131l boyunca hi\u00e7bir \u015fey yapamayan bir heykelt\u0131ra\u015f\u0131n deh\u015fet verici r\u00fcyas\u0131, ihanetin ahlaki boyutlar\u0131n\u0131 tart\u0131\u015fan analistlerin kavgas\u0131, hamilelik<span class=\"excerpt-hellip\"> [\u2026]<\/span><\/p>\n","protected":false},"featured_media":0,"template":"","meta":{"_monsterinsights_skip_tracking":false,"_monsterinsights_sitenote_active":false,"_monsterinsights_sitenote_note":"","_monsterinsights_sitenote_category":0},"product_brand":[],"product_cat":[12777,12291],"product_tag":[],"class_list":{"0":"post-784798","1":"product","2":"type-product","3":"status-publish","5":"product_cat-deneme","6":"product_cat-edebiyat","7":"pa_cilt-ciltsiz","8":"pa_tur-kitap","9":"pa_yayinevi-yapi-kredi-yayinlari","10":"pa_yazar-stephen-grosz","12":"first","13":"instock","14":"sale","15":"shipping-taxable","16":"purchasable","17":"product-type-simple"},"_links":{"self":[{"href":"https:\/\/roveyayinevi.com.tr\/index.php\/wp-json\/wp\/v2\/product\/784798","targetHints":{"allow":["GET"]}}],"collection":[{"href":"https:\/\/roveyayinevi.com.tr\/index.php\/wp-json\/wp\/v2\/product"}],"about":[{"href":"https:\/\/roveyayinevi.com.tr\/index.php\/wp-json\/wp\/v2\/types\/product"}],"wp:attachment":[{"href":"https:\/\/roveyayinevi.com.tr\/index.php\/wp-json\/wp\/v2\/media?parent=784798"}],"wp:term":[{"taxonomy":"product_brand","embeddable":true,"href":"https:\/\/roveyayinevi.com.tr\/index.php\/wp-json\/wp\/v2\/product_brand?post=784798"},{"taxonomy":"product_cat","embeddable":true,"href":"https:\/\/roveyayinevi.com.tr\/index.php\/wp-json\/wp\/v2\/product_cat?post=784798"},{"taxonomy":"product_tag","embeddable":true,"href":"https:\/\/roveyayinevi.com.tr\/index.php\/wp-json\/wp\/v2\/product_tag?post=784798"}],"curies":[{"name":"wp","href":"https:\/\/api.w.org\/{rel}","templated":true}]}}