{"id":784797,"date":"2026-03-14T03:29:01","date_gmt":"2026-03-14T00:29:01","guid":{"rendered":"https:\/\/roveyayinevi.com.tr\/index.php\/urun\/baba-anne-cocuk-savas-ilanlariozele-dair\/"},"modified":"2026-04-15T03:48:36","modified_gmt":"2026-04-15T00:48:36","slug":"baba-anne-cocuk-savas-ilanlariozele-dair","status":"publish","type":"product","link":"https:\/\/roveyayinevi.com.tr\/index.php\/urun\/baba-anne-cocuk-savas-ilanlariozele-dair\/","title":{"rendered":"Baba. Anne. \u00c7ocuk. Sava\u015f \u0130lanlar\u0131;\u00d6zele Dair"},"content":{"rendered":"<p>Schreiner bu otobiyografik roman\u0131nda altm\u0131\u015fl\u0131 ya\u015flar\u0131ndan, kendi deyi\u015fiyle \u201cya\u015fam\u0131n\u0131n yedinci ony\u0131l\u0131ndan\u201d geriye, yedinci y\u0131l\u0131na do\u011fru bak\u0131yor. Avluda oynanan oyunlar, akrabalar, akranlar, d\u00fc\u015fsel bir k\u00f6pek, ilk kez i\u015fitilen s\u00f6zc\u00fcklerin uyand\u0131rd\u0131\u011f\u0131 merak ve deh\u015fet\u2026 Babalar\u0131n annelerin de \u201cbabas\u0131\u201d oldu\u011fu o d\u00fcnyaya sava\u015f ilan etmi\u015f, bir \u00e7ocukla, bir \u201968 ku\u015fa\u011f\u0131 \u00e7ocu\u011fuyla yazar\u0131n kar\u015f\u0131la\u015fmas\u0131. Yer yer g\u00fcld\u00fcren, korkusuz, sans\u00fcrs\u00fcz, i\u00e7ten bir y\u00fczle\u015fme.Asl\u0131nda benim, altm\u0131\u015f alt\u0131 ya\u015f\u0131nda, do\u011fa koruma alan\u0131n\u0131n k\u0131y\u0131s\u0131ndaki bir evde oturup yazarken bir \u00e7ama\u015f\u0131rl\u0131\u011f\u0131n s\u0131rlar\u0131n\u0131 a\u00e7\u0131\u011fa \u00e7\u0131karmaya \u00e7al\u0131\u015fan yedi ya\u015f\u0131ndaki biriyle ne i\u015fim olur ki? Onun \u00fczerine yazarak ben mi icat ediyorum o yedi ya\u015f\u0131ndakini yoksa ger\u00e7ekten var m\u0131yd\u0131, e\u011fer vard\u0131ysa betimledi\u011fimden tamamen farkl\u0131 biri olabilir miydi acaba? \u2026 Aynan\u0131n kar\u015f\u0131s\u0131na ge\u00e7ti\u011fimde o yedi ya\u015f\u0131ndakinden hi\u00e7bir iz g\u00f6remiyorum y\u00fcz\u00fcmde. On sekiz, yirmi ya da otuz ya\u015f\u0131ndakinden de g\u00f6remiyorum. B\u00fct\u00fcn bunlar hepsi yaln\u0131zca benim zihnimde, zihnimin evreninde ve paralel evrenlerde. Tuhaf, bu \u00e7e\u015fit \u00e7e\u015fit Ben\u2019leri zihnim nas\u0131l tek bir kal\u0131ba, \u015fu benim ya\u015fam\u0131ma d\u00f6kmeyi ba\u015far\u0131yor. Schreiner Baba. Anne. \u00c7ocuk. Sava\u015f \u0130lanlar\u0131 ile tam bir Avusturya roman\u0131 yazm\u0131\u015f. Yani ge\u00e7en y\u00fczy\u0131l\u0131n yetmi\u015fli seksenli y\u0131llar\u0131n\u0131n gelene\u011fine oturan ve o y\u0131llardaki \u00f6nc\u00fcllerine, \u00f6rne\u011fin Handke\u2019nin Mutsuzlu\u011fa Doyum\u2019una ve Bernhard\u2019\u0131n otobiyografik be\u015flemesine \u00e7ok \u015fey bor\u00e7lu olan bir roman.Bernd Schuchter \u2013 Literaturhaus Wien<\/p>\n","protected":false},"excerpt":{"rendered":"<p>Schreiner bu otobiyografik roman\u0131nda altm\u0131\u015fl\u0131 ya\u015flar\u0131ndan, kendi deyi\u015fiyle \u201cya\u015fam\u0131n\u0131n yedinci ony\u0131l\u0131ndan\u201d geriye, yedinci y\u0131l\u0131na do\u011fru bak\u0131yor. Avluda oynanan oyunlar, akrabalar, akranlar, d\u00fc\u015fsel bir k\u00f6pek, ilk kez<span class=\"excerpt-hellip\"> [\u2026]<\/span><\/p>\n","protected":false},"featured_media":0,"template":"","meta":{"_monsterinsights_skip_tracking":false,"_monsterinsights_sitenote_active":false,"_monsterinsights_sitenote_note":"","_monsterinsights_sitenote_category":0},"product_brand":[],"product_cat":[141304],"product_tag":[],"class_list":{"0":"post-784797","1":"product","2":"type-product","3":"status-publish","5":"product_cat-yeni-cikanlar","6":"pa_cilt-ciltsiz","7":"pa_tur-kitap","8":"pa_yayinevi-yapi-kredi-yayinlari","9":"pa_yazar-margit-schreiner","11":"first","12":"instock","13":"sale","14":"shipping-taxable","15":"purchasable","16":"product-type-simple"},"_links":{"self":[{"href":"https:\/\/roveyayinevi.com.tr\/index.php\/wp-json\/wp\/v2\/product\/784797","targetHints":{"allow":["GET"]}}],"collection":[{"href":"https:\/\/roveyayinevi.com.tr\/index.php\/wp-json\/wp\/v2\/product"}],"about":[{"href":"https:\/\/roveyayinevi.com.tr\/index.php\/wp-json\/wp\/v2\/types\/product"}],"wp:attachment":[{"href":"https:\/\/roveyayinevi.com.tr\/index.php\/wp-json\/wp\/v2\/media?parent=784797"}],"wp:term":[{"taxonomy":"product_brand","embeddable":true,"href":"https:\/\/roveyayinevi.com.tr\/index.php\/wp-json\/wp\/v2\/product_brand?post=784797"},{"taxonomy":"product_cat","embeddable":true,"href":"https:\/\/roveyayinevi.com.tr\/index.php\/wp-json\/wp\/v2\/product_cat?post=784797"},{"taxonomy":"product_tag","embeddable":true,"href":"https:\/\/roveyayinevi.com.tr\/index.php\/wp-json\/wp\/v2\/product_tag?post=784797"}],"curies":[{"name":"wp","href":"https:\/\/api.w.org\/{rel}","templated":true}]}}