{"id":784796,"date":"2026-03-14T03:28:59","date_gmt":"2026-03-14T00:28:59","guid":{"rendered":"https:\/\/roveyayinevi.com.tr\/index.php\/urun\/islam-dusuncesinde-bilimlerin-birligi\/"},"modified":"2026-04-15T03:48:36","modified_gmt":"2026-04-15T00:48:36","slug":"islam-dusuncesinde-bilimlerin-birligi","status":"publish","type":"product","link":"https:\/\/roveyayinevi.com.tr\/index.php\/urun\/islam-dusuncesinde-bilimlerin-birligi\/","title":{"rendered":"\u0130sl\u00e2m D\u00fc\u015f\u00fcncesinde Bilimlerin Birli\u011fi"},"content":{"rendered":"<p>Vahyi, k\u00e2inat\u0131 ve insan\u0131 esas alan bilimler b\u00fct\u00fcnc\u00fcl bir bak\u0131\u015f a\u00e7\u0131s\u0131na sahip olmal\u0131d\u0131r. Zira b\u00fct\u00fcnc\u00fcl bir bilim anlay\u0131\u015f\u0131ndan uzak olmak, vahye dayal\u0131 bilimleri insan ve k\u00e2inattan koparmak, tabi\u00ee ve be\u015fer\u00ee bilimleri vahiyden mahrum b\u0131rakmak, bug\u00fcn kar\u015f\u0131 kar\u015f\u0131ya kald\u0131\u011f\u0131m\u0131z sorunlar\u0131n temelini olu\u015fturmaktad\u0131r. Nitekim bilimlerin tevhidine dair hakikatin fark\u0131na varamayan ve b\u00fct\u00fcnc\u00fcl yakla\u015f\u0131mdan yoksun ilim adamlar\u0131, kitaplar ve teorilerin \u00fcretildi\u011fi herkes\u00e7e bilinmektedir. Bundan dolay\u0131 \u0130sl\u00e2m inanc\u0131n\u0131 yeniden in\u015fa etmek, \u0130sl\u00e2m medeniyetini yeniden aya\u011fa kald\u0131rmak ve yery\u00fcz\u00fcndeki istihl\u00e2f g\u00f6revini yeniden \u00fcstlenmek i\u00e7in vahy\u00ee bilimler, kevn\u00ee bilimler ve insan\u00ee bilimler aras\u0131ndaki birli\u011fin sa\u011flanmas\u0131 gerekir. T\u00fcm bu sebeplerden hareketle bilimlerde k\u00fcll\u00ee bir bak\u0131\u015f a\u00e7\u0131s\u0131n\u0131n ortaya koyulmas\u0131 ve bilimlerin par\u00e7alanm\u0131\u015fl\u0131\u011f\u0131n\u0131n \u00f6n\u00fcne ge\u00e7ilmesini \u00f6nlemek gayesiyle, enstit\u00fcm\u00fcz b\u00fcnyesinde be\u015f y\u0131ld\u0131r taraf\u0131m\u0131zca verilen derslerin notlar\u0131n\u0131n de\u011ferli hocalar\u0131m\u0131z\u0131n da katk\u0131lar\u0131yla yeniden telif edilip bir araya getirilerek hem enstit\u00fc \u00f6\u011frencilerimize hem de konuya akademik ve entelekt\u00fcel seviyede ilgi duyanlara takdim edilmesi d\u00fc\u015f\u00fcn\u00fclm\u00fc\u015ft\u00fcr. Bu vesileyle \u00e7al\u0131\u015fman\u0131n ilim yolunda gayret g\u00f6steren \u00f6\u011frencilere, gen\u00e7 ara\u015ft\u0131rmac\u0131lara bir nebze de olsa rehberlik etmesi ama\u00e7lanmaktad\u0131r.<\/p>\n","protected":false},"excerpt":{"rendered":"<p>Vahyi, k\u00e2inat\u0131 ve insan\u0131 esas alan bilimler b\u00fct\u00fcnc\u00fcl bir bak\u0131\u015f a\u00e7\u0131s\u0131na sahip olmal\u0131d\u0131r. Zira b\u00fct\u00fcnc\u00fcl bir bilim anlay\u0131\u015f\u0131ndan uzak olmak, vahye dayal\u0131 bilimleri insan ve k\u00e2inattan<span class=\"excerpt-hellip\"> [\u2026]<\/span><\/p>\n","protected":false},"featured_media":0,"template":"","meta":{"_monsterinsights_skip_tracking":false,"_monsterinsights_sitenote_active":false,"_monsterinsights_sitenote_note":"","_monsterinsights_sitenote_category":0},"product_brand":[],"product_cat":[12718,12719,13025],"product_tag":[],"class_list":{"0":"post-784796","1":"product","2":"type-product","3":"status-publish","5":"product_cat-din","6":"product_cat-islam","7":"product_cat-islam-ve-gunumuz-islam-dusuncesi","8":"pa_cilt-ciltsiz","9":"pa_tur-kitap","10":"pa_yayinevi-islam-dusunce-enstitusu-ide","11":"pa_yazar-kolektif","13":"first","14":"instock","15":"sale","16":"shipping-taxable","17":"purchasable","18":"product-type-simple"},"_links":{"self":[{"href":"https:\/\/roveyayinevi.com.tr\/index.php\/wp-json\/wp\/v2\/product\/784796","targetHints":{"allow":["GET"]}}],"collection":[{"href":"https:\/\/roveyayinevi.com.tr\/index.php\/wp-json\/wp\/v2\/product"}],"about":[{"href":"https:\/\/roveyayinevi.com.tr\/index.php\/wp-json\/wp\/v2\/types\/product"}],"wp:attachment":[{"href":"https:\/\/roveyayinevi.com.tr\/index.php\/wp-json\/wp\/v2\/media?parent=784796"}],"wp:term":[{"taxonomy":"product_brand","embeddable":true,"href":"https:\/\/roveyayinevi.com.tr\/index.php\/wp-json\/wp\/v2\/product_brand?post=784796"},{"taxonomy":"product_cat","embeddable":true,"href":"https:\/\/roveyayinevi.com.tr\/index.php\/wp-json\/wp\/v2\/product_cat?post=784796"},{"taxonomy":"product_tag","embeddable":true,"href":"https:\/\/roveyayinevi.com.tr\/index.php\/wp-json\/wp\/v2\/product_tag?post=784796"}],"curies":[{"name":"wp","href":"https:\/\/api.w.org\/{rel}","templated":true}]}}