{"id":784795,"date":"2026-03-14T03:28:56","date_gmt":"2026-03-14T00:28:56","guid":{"rendered":"https:\/\/roveyayinevi.com.tr\/index.php\/urun\/100-yilinda-cumhuriyet-ve-dini-hayat-hafiza-muhasebe-tahayyul\/"},"modified":"2026-04-15T03:48:36","modified_gmt":"2026-04-15T00:48:36","slug":"100-yilinda-cumhuriyet-ve-dini-hayat-hafiza-muhasebe-tahayyul","status":"publish","type":"product","link":"https:\/\/roveyayinevi.com.tr\/index.php\/urun\/100-yilinda-cumhuriyet-ve-dini-hayat-hafiza-muhasebe-tahayyul\/","title":{"rendered":"100. Y\u0131l\u0131nda Cumhuriyet ve Dini Hayat (Haf\u0131za Muhasebe Tahayy\u00fcl)"},"content":{"rendered":"<p>Cumhuriyet T\u00fcrkiye\u2019sinde din\u00ee hayat, son y\u00fcz y\u0131lda yo\u011fun tart\u0131\u015fmalar\u0131n, k\u0131r\u0131lmalar\u0131n ve yeniden y\u00f6n bulma \u00e7abalar\u0131n\u0131n \u015fekillendirdi\u011fi \u00e7ok katmanl\u0131 bir tecr\u00fcbe olarak kar\u015f\u0131m\u0131za \u00e7\u0131kar. Osmanl\u0131\u2019dan devral\u0131nan din\u00ee haf\u0131za, Cumhuriyet\u2019in laiklik eksenli siyasal ve kurumsal d\u00fczenlemeleriyle yeniden tan\u0131mlanm\u0131\u015f; bu s\u00fcre\u00e7te din, kimi zaman kamusal alandan d\u0131\u015flanm\u0131\u015f, kimi zaman farkl\u0131 bi\u00e7imlerde g\u00f6r\u00fcn\u00fcrl\u00fck kazanm\u0131\u015ft\u0131r. Ortaya \u00e7\u0131kan tablo, tek y\u00f6nl\u00fc bir gerileme ya da ilerleme anlat\u0131s\u0131ndan ziyade, s\u00fcreklilikler ve kopu\u015flar\u0131n i\u00e7 i\u00e7e ge\u00e7ti\u011fi karma\u015f\u0131k bir dinamikler alan\u0131n\u0131 i\u015faret eder.Haf\u0131za, Muhasebe, Tahayy\u00fcl, Cumhuriyet\u2019in y\u00fcz y\u0131ll\u0131k din\u00ee birikimini bu \u00e7ok boyutlu yap\u0131 i\u00e7inde ele alan disiplinler aras\u0131 bir \u00e7al\u0131\u015fmad\u0131r. Kitapta yer alan makaleler; siyasal m\u00fcdahaleler, din\u00ee kurumsalla\u015fma pratikleri, sivil alandaki din\u00ee olu\u015fumlar, din e\u011fitimi, yay\u0131nc\u0131l\u0131k, edeb\u00ee muhitler ve dijitalle\u015fmenin d\u00f6n\u00fc\u015ft\u00fcr\u00fcc\u00fc etkileri gibi ba\u015fl\u0131klar etraf\u0131nda T\u00fcrkiye\u2019de din\u00ee hayat\u0131n ge\u00e7irdi\u011fi evreleri tarihsel ve sosyolojik bir perspektifle analiz etmektedir. B\u00f6ylece hem Osmanl\u0131\u2019dan Cumhuriyet\u2019e ta\u015f\u0131nan haf\u0131zan\u0131n g\u00fcc\u00fc hem de bu mirasla y\u00fczle\u015fmeyi gerekli k\u0131lan muhasebe ihtiyac\u0131 g\u00f6r\u00fcn\u00fcr k\u0131l\u0131nmaktad\u0131r.\u0130slam D\u00fc\u015f\u00fcnce Enstit\u00fcs\u00fc\u2019n\u00fcn \u00f6nc\u00fcl\u00fc\u011f\u00fcnde haz\u0131rlanan bu eser, T\u00fcrkiye\u2019ye \u00f6zg\u00fc din-devlet-toplum ili\u015fkilerini anlamak isteyen akademisyenler, ara\u015ft\u0131rmac\u0131lar ve entelekt\u00fcel okurlar i\u00e7in kapsaml\u0131 bir ba\u015fvuru kayna\u011f\u0131 olmay\u0131 ama\u00e7lamakta; ayn\u0131 zamanda din\u00ee hayat\u0131n gelece\u011fine dair yeni tahayy\u00fcller geli\u015ftirilmesine katk\u0131 sunmay\u0131 hedeflemektedir.<\/p>\n","protected":false},"excerpt":{"rendered":"<p>Cumhuriyet T\u00fcrkiye\u2019sinde din\u00ee hayat, son y\u00fcz y\u0131lda yo\u011fun tart\u0131\u015fmalar\u0131n, k\u0131r\u0131lmalar\u0131n ve yeniden y\u00f6n bulma \u00e7abalar\u0131n\u0131n \u015fekillendirdi\u011fi \u00e7ok katmanl\u0131 bir tecr\u00fcbe olarak kar\u015f\u0131m\u0131za \u00e7\u0131kar. Osmanl\u0131\u2019dan devral\u0131nan din\u00ee<span class=\"excerpt-hellip\"> [\u2026]<\/span><\/p>\n","protected":false},"featured_media":0,"template":"","meta":{"_monsterinsights_skip_tracking":false,"_monsterinsights_sitenote_active":false,"_monsterinsights_sitenote_note":"","_monsterinsights_sitenote_category":0},"product_brand":[],"product_cat":[12718,12719],"product_tag":[],"class_list":{"0":"post-784795","1":"product","2":"type-product","3":"status-publish","5":"product_cat-din","6":"product_cat-islam","7":"pa_cilt-ciltsiz","8":"pa_tur-kitap","9":"pa_yayinevi-islam-dusunce-enstitusu-ide","10":"pa_yazar-kolektif","12":"first","13":"instock","14":"sale","15":"shipping-taxable","16":"purchasable","17":"product-type-simple"},"_links":{"self":[{"href":"https:\/\/roveyayinevi.com.tr\/index.php\/wp-json\/wp\/v2\/product\/784795","targetHints":{"allow":["GET"]}}],"collection":[{"href":"https:\/\/roveyayinevi.com.tr\/index.php\/wp-json\/wp\/v2\/product"}],"about":[{"href":"https:\/\/roveyayinevi.com.tr\/index.php\/wp-json\/wp\/v2\/types\/product"}],"wp:attachment":[{"href":"https:\/\/roveyayinevi.com.tr\/index.php\/wp-json\/wp\/v2\/media?parent=784795"}],"wp:term":[{"taxonomy":"product_brand","embeddable":true,"href":"https:\/\/roveyayinevi.com.tr\/index.php\/wp-json\/wp\/v2\/product_brand?post=784795"},{"taxonomy":"product_cat","embeddable":true,"href":"https:\/\/roveyayinevi.com.tr\/index.php\/wp-json\/wp\/v2\/product_cat?post=784795"},{"taxonomy":"product_tag","embeddable":true,"href":"https:\/\/roveyayinevi.com.tr\/index.php\/wp-json\/wp\/v2\/product_tag?post=784795"}],"curies":[{"name":"wp","href":"https:\/\/api.w.org\/{rel}","templated":true}]}}