{"id":784794,"date":"2026-03-14T03:28:53","date_gmt":"2026-03-14T00:28:53","guid":{"rendered":"https:\/\/roveyayinevi.com.tr\/index.php\/urun\/ama-ogretmenim\/"},"modified":"2026-04-15T03:48:36","modified_gmt":"2026-04-15T00:48:36","slug":"ama-ogretmenim","status":"publish","type":"product","link":"https:\/\/roveyayinevi.com.tr\/index.php\/urun\/ama-ogretmenim\/","title":{"rendered":"Ama \u00d6\u011fretmenim!"},"content":{"rendered":"<p>\u201cMatematik her yerdeydi. Sadece dikkatle etrafa bakmak ve g\u00f6rmek gerekiyordu.\u201d Ali i\u00e7in matematik, sadece ders kitaplar\u0131nda yer alan; g\u00fcnl\u00fck hayattan uzak form\u00fcller ve say\u0131lardan ibarettir. \u00d6\u011fretmenine o klasik soruyu sorana dek matemati\u011fin hayat\u0131n ta kendisi oldu\u011fundan haberi yoktur: Ama \u00f6\u011fretmenim, bu konu hayatta ne i\u015fime yarayacak? Merak ve biraz da muziplikle ba\u015flayan bu itiraz, ke\u015fifle sonu\u00e7lanan bir yolculu\u011fa d\u00f6n\u00fc\u015f\u00fcr. Ali, futboldaki puanlardan m\u00fczi\u011fin ritmine, mutfaktaki \u00f6l\u00e7\u00fclerden har\u00e7l\u0131\u011f\u0131na uzanan yolda ayn\u0131 dilin konu\u015fuldu\u011funu fark eder: Matematik! Feyza Demir, matemati\u011fin sadece okulda de\u011fil hayat\u0131n i\u00e7inde oldu\u011funu e\u011flenceli ve macera dolu bir hik\u00e2yeyle anlat\u0131yor. Ali ile hayat\u0131n gizli dilini ke\u015ffetmeye haz\u0131r m\u0131s\u0131n?<\/p>\n","protected":false},"excerpt":{"rendered":"<p>\u201cMatematik her yerdeydi. Sadece dikkatle etrafa bakmak ve g\u00f6rmek gerekiyordu.\u201d Ali i\u00e7in matematik, sadece ders kitaplar\u0131nda yer alan; g\u00fcnl\u00fck hayattan uzak form\u00fcller ve say\u0131lardan ibarettir. \u00d6\u011fretmenine<span class=\"excerpt-hellip\"> [\u2026]<\/span><\/p>\n","protected":false},"featured_media":0,"template":"","meta":{"_monsterinsights_skip_tracking":false,"_monsterinsights_sitenote_active":false,"_monsterinsights_sitenote_note":"","_monsterinsights_sitenote_category":0},"product_brand":[],"product_cat":[141304],"product_tag":[],"class_list":{"0":"post-784794","1":"product","2":"type-product","3":"status-publish","5":"product_cat-yeni-cikanlar","6":"pa_cilt-ciltsiz","7":"pa_tur-kitap","8":"pa_yayinevi-kirmizi-kedi-yayinevi","9":"pa_yazar-feyza-demir","11":"first","12":"instock","13":"sale","14":"shipping-taxable","15":"purchasable","16":"product-type-simple"},"_links":{"self":[{"href":"https:\/\/roveyayinevi.com.tr\/index.php\/wp-json\/wp\/v2\/product\/784794","targetHints":{"allow":["GET"]}}],"collection":[{"href":"https:\/\/roveyayinevi.com.tr\/index.php\/wp-json\/wp\/v2\/product"}],"about":[{"href":"https:\/\/roveyayinevi.com.tr\/index.php\/wp-json\/wp\/v2\/types\/product"}],"wp:attachment":[{"href":"https:\/\/roveyayinevi.com.tr\/index.php\/wp-json\/wp\/v2\/media?parent=784794"}],"wp:term":[{"taxonomy":"product_brand","embeddable":true,"href":"https:\/\/roveyayinevi.com.tr\/index.php\/wp-json\/wp\/v2\/product_brand?post=784794"},{"taxonomy":"product_cat","embeddable":true,"href":"https:\/\/roveyayinevi.com.tr\/index.php\/wp-json\/wp\/v2\/product_cat?post=784794"},{"taxonomy":"product_tag","embeddable":true,"href":"https:\/\/roveyayinevi.com.tr\/index.php\/wp-json\/wp\/v2\/product_tag?post=784794"}],"curies":[{"name":"wp","href":"https:\/\/api.w.org\/{rel}","templated":true}]}}