{"id":784793,"date":"2026-03-14T03:28:51","date_gmt":"2026-03-14T00:28:51","guid":{"rendered":"https:\/\/roveyayinevi.com.tr\/index.php\/urun\/arilar-donunce\/"},"modified":"2026-04-15T03:48:36","modified_gmt":"2026-04-15T00:48:36","slug":"arilar-donunce","status":"publish","type":"product","link":"https:\/\/roveyayinevi.com.tr\/index.php\/urun\/arilar-donunce\/","title":{"rendered":"Ar\u0131lar D\u00f6n\u00fcnce"},"content":{"rendered":"<p>\u201cArabaya binmeden \u00f6nce \u015f\u00f6yle bir bah\u00e7eye, sonra da nineme bakt\u0131m. \u015eimdi bah\u00e7e de ninem de \u00e7ok daha mutlu ve sa\u011fl\u0131kl\u0131 g\u00f6r\u00fcn\u00fcyorlard\u0131.\u201d Leyla, ara tatilini k\u00f6yde anneannesiyle ge\u00e7irece\u011fini \u00f6\u011frenince pek mutlu olmaz. Orada internet yoktur ve dedesinin ard\u0131ndan anneannesi de eskisi gibi de\u011fildir. Kuruyan \u00e7i\u00e7ekler, terk edilmi\u015f k\u0131r\u0131k kovanlar ve yar\u0131m kalan hik\u00e2yelerle dolu k\u00f6ye ilk ad\u0131m\u0131n\u0131 att\u0131\u011f\u0131nda bu tatilin bir an \u00f6nce bitmesini diler. Ta ki dedesinin ona b\u0131rakt\u0131\u011f\u0131 k\u00fc\u00e7\u00fck sand\u0131\u011f\u0131 bulana dek&#8230; Bu son hediye sayesinde Leyla; sabretmeyi, dayan\u0131\u015fmay\u0131, t\u0131pk\u0131 ar\u0131lar gibi kovan\u0131; yani aileyi korumak gerekti\u011fini \u00f6\u011frenir. Yas s\u00fcrecinin sessizle\u015ftirdi\u011fi anneannesi sevgiyle yeniden hayata tutunurken ar\u0131lar ait olduklar\u0131 yere d\u00f6nerler. Do\u011fan\u0131n ve insan\u0131n kalbine ayn\u0131 anda dokunan Nilay Dalyan, ekoloji bilinciyle aile ba\u011flar\u0131n\u0131n \u00f6nemini ve yas s\u00fcrecini umut dolu bir \u00e7er\u00e7evede anlat\u0131yor.<\/p>\n","protected":false},"excerpt":{"rendered":"<p>\u201cArabaya binmeden \u00f6nce \u015f\u00f6yle bir bah\u00e7eye, sonra da nineme bakt\u0131m. \u015eimdi bah\u00e7e de ninem de \u00e7ok daha mutlu ve sa\u011fl\u0131kl\u0131 g\u00f6r\u00fcn\u00fcyorlard\u0131.\u201d Leyla, ara tatilini k\u00f6yde anneannesiyle<span class=\"excerpt-hellip\"> [\u2026]<\/span><\/p>\n","protected":false},"featured_media":0,"template":"","meta":{"_monsterinsights_skip_tracking":false,"_monsterinsights_sitenote_active":false,"_monsterinsights_sitenote_note":"","_monsterinsights_sitenote_category":0},"product_brand":[],"product_cat":[141304],"product_tag":[],"class_list":{"0":"post-784793","1":"product","2":"type-product","3":"status-publish","5":"product_cat-yeni-cikanlar","6":"pa_cilt-ciltsiz","7":"pa_tur-kitap","8":"pa_yayinevi-kirmizi-kedi-yayinevi","9":"pa_yazar-nilay-dalyan","11":"first","12":"instock","13":"sale","14":"shipping-taxable","15":"purchasable","16":"product-type-simple"},"_links":{"self":[{"href":"https:\/\/roveyayinevi.com.tr\/index.php\/wp-json\/wp\/v2\/product\/784793","targetHints":{"allow":["GET"]}}],"collection":[{"href":"https:\/\/roveyayinevi.com.tr\/index.php\/wp-json\/wp\/v2\/product"}],"about":[{"href":"https:\/\/roveyayinevi.com.tr\/index.php\/wp-json\/wp\/v2\/types\/product"}],"wp:attachment":[{"href":"https:\/\/roveyayinevi.com.tr\/index.php\/wp-json\/wp\/v2\/media?parent=784793"}],"wp:term":[{"taxonomy":"product_brand","embeddable":true,"href":"https:\/\/roveyayinevi.com.tr\/index.php\/wp-json\/wp\/v2\/product_brand?post=784793"},{"taxonomy":"product_cat","embeddable":true,"href":"https:\/\/roveyayinevi.com.tr\/index.php\/wp-json\/wp\/v2\/product_cat?post=784793"},{"taxonomy":"product_tag","embeddable":true,"href":"https:\/\/roveyayinevi.com.tr\/index.php\/wp-json\/wp\/v2\/product_tag?post=784793"}],"curies":[{"name":"wp","href":"https:\/\/api.w.org\/{rel}","templated":true}]}}